{"id":36880,"date":"2017-03-28T12:44:16","date_gmt":"2017-03-28T10:44:16","guid":{"rendered":"https:\/\/www-lykketegning.wp3.hcweb.dev\/fornyelse\/?post_type=product&#038;p=36880"},"modified":"2026-02-02T09:54:56","modified_gmt":"2026-02-02T08:54:56","slug":"illustrasjon-fra-lykketegning-the-world-is-better-with-you-in-it","status":"publish","type":"product","link":"https:\/\/lykketegningtest.wp3.hcweb.dev\/sv\/produkt\/illustrasjon-fra-lykketegning-the-world-is-better-with-you-in-it\/","title":{"rendered":"Illustration fr\u00e5n Happiness-ritning: \"V\u00e4rlden \u00e4r b\u00e4ttre med dig i den\""},"content":{"rendered":"<p>En fin teckning till en v\u00e4n. Handritad illustration utan ram.<\/p>\n<p>A4-storlek. F\u00f6r andra storlekar, v\u00e4nligen kontakta oss via e-post.<\/p>\n<h3>Information om Luck drawing<\/h3>\n<p><strong>\"P\u00e5 Lykketegning skapas varje illustration med v\u00e4rme och omsorg.<\/strong><br \/>\n<strong>Med starka f\u00e4rger, tydliga linjer och bra citat vill Happiness Drawing f\u00e5 dig att stanna upp ett \u00f6gonblick, ta ett djupt andetag och sedan s\u00e4tta en bra kurs fram\u00e5t.<\/strong><br \/>\n<strong>Hj\u00e4rtana och leendena \u00e4r fr\u00e5n mig till dig f\u00f6r att p\u00e5minna dig om att du \u00e4r riktigt bra!\"<\/strong><\/p>\n<p>&nbsp;<\/p>\n<p>P\u00e5 hemsidan hittar du n\u00e5gra illustrationer och andra produkter som koppar, gratulationskort och kalendrar.<\/p>\n<p>Nya produkter l\u00e4ggs st\u00e4ndigt till h\u00e4r, s\u00e5 registrera dig g\u00e4rna f\u00f6r nyhetsbrevet f\u00f6r m\u00e5natliga uppdateringar.<\/p>\n<p>F\u00f6r <strong>m\u00e5nga m\u00e5nga m\u00e5nga m\u00e5nga<\/strong> fler illustrationer; bes\u00f6k min Instagram- och Facebookprofil.<\/p>\n<p>Faktum \u00e4r att alla illustrationer \u00e4r till salu. 999 kr f\u00f6r A4 och 1500 kr f\u00f6r A3.<\/p>\n<p>Du kan ocks\u00e5 best\u00e4lla din egen - bra presenter att ge till br\u00f6llop och andra fester. H\u00f6r av dig till v\u00e5r inkorg f\u00f6r detta.<\/p>\n<p><em>Pris f\u00f6r fotografering: 1500kr f\u00f6r A4 och A5 (upp till 5 personer\/djur) extra kostnad f\u00f6r fler (upp till 5 personer\/djur). A3 2000kr ex porto. Jag beh\u00f6ver veta h\u00e5rf\u00e4rg\/h\u00e5rtyp, l\u00e4ngd, intressen och \u00f6nskat antal avbildade personer. Alla offerter du vill ha inkluderade.<\/em><\/p>\n<p>Om du har n\u00e5gra fr\u00e5gor, tveka inte att h\u00f6ra av dig! Om du vill ha en pratstund om ett eventuellt samarbete, skicka mig ett e-postmeddelande.<\/p>\n<p>Vi ser fram emot att h\u00f6ra fr\u00e5n dig och hoppas att du f\u00e5r en underbar dag. <a href=\"https:\/\/www.facebook.com\/lykketegning\/?locale=nb_NO\">D\u00e5 kommer du till min Facebook-sida.<\/a> Och om du vill f\u00f6lja mig p\u00e5<a href=\"https:\/\/www.instagram.com\/lykketegning\/?hl=nb\"> Instagram, du hittar det h\u00e4r.<\/a><\/p>\n<p>Konstn\u00e4r<br \/>\nIngebj\u00f8rg Rang\u00f8y Sj\u00e5land<\/p>\n<p>&nbsp;<\/p>\n<p>&nbsp;<\/p>","protected":false},"excerpt":{"rendered":"<p>En fin teckning till en v\u00e4n. Handritad illustration utan ram.<\/p>\n<p>A4-storlek. F\u00f6r andra storlekar, v\u00e4nligen kontakta oss via e-post.<\/p>\n<h3>Information om Luck drawing<\/h3>\n<p><strong>\"P\u00e5 Lykketegning skapas varje illustration med v\u00e4rme och omsorg.<\/strong><br \/>\n<strong>Med starka f\u00e4rger, tydliga linjer och bra citat vill Happiness Drawing f\u00e5 dig att stanna upp ett \u00f6gonblick, ta ett djupt andetag och sedan s\u00e4tta en bra kurs fram\u00e5t.<\/strong><br \/>\n<strong>Hj\u00e4rtana och leendena \u00e4r fr\u00e5n mig till dig f\u00f6r att p\u00e5minna dig om att du \u00e4r riktigt bra!\"<\/strong><\/p>\n<p>&nbsp;<\/p>","protected":false},"featured_media":39442,"comment_status":"open","ping_status":"closed","template":"","meta":[],"product_brand":[],"product_cat":[166,83,165,75],"product_tag":[69,404,291],"class_list":{"0":"post-36880","1":"product","2":"type-product","3":"status-publish","4":"has-post-thumbnail","6":"product_cat-barn","7":"product_cat-bryllupsgaver","8":"product_cat-handtegnede-unike-illustrasjoner","9":"product_cat-konfirmasjonsgave","10":"product_tag-illustrasjon","11":"product_tag-the-world-is-better","12":"product_tag-venn","14":"first","15":"instock","16":"purchasable","17":"product-type-simple"},"yoast_head":"<!-- This site is optimized with the Yoast SEO plugin v27.5 - https:\/\/yoast.com\/product\/yoast-seo-wordpress\/ -->\n<title>Illustrasjon fra Lykketegning: &quot;The world is better with you in it&quot; - LYKKETEGNING ILLUSTRAT\u00d8R<\/title>\n<meta name=\"description\" content=\"Illustrasjon fra Lykketegning: &quot;The world is better with you in it&quot;\" \/>\n<meta name=\"robots\" content=\"noindex, follow, max-snippet:-1, max-image-preview:large, max-video-preview:-1\" \/>\n<meta property=\"og:locale\" content=\"sv_SE\" \/>\n<meta property=\"og:type\" content=\"article\" \/>\n<meta property=\"og:title\" content=\"Illustrasjon fra Lykketegning: &quot;The world is better with you in it&quot; - LYKKETEGNING ILLUSTRAT\u00d8R\" \/>\n<meta property=\"og:description\" content=\"Illustrasjon fra Lykketegning: &quot;The world is better with you in it&quot;\" \/>\n<meta property=\"og:url\" content=\"https:\/\/lykketegningtest.wp3.hcweb.dev\/sv\/product-2\/illustration-fran-lyckoteckning-varlden-ar-battre-med-dig-i-den\/\" \/>\n<meta property=\"og:site_name\" content=\"LYKKETEGNING ILLUSTRAT\u00d8R\" \/>\n<meta property=\"article:publisher\" content=\"https:\/\/www.facebook.com\/lykketegning\/\" \/>\n<meta property=\"article:modified_time\" content=\"2026-02-02T08:54:56+00:00\" \/>\n<meta property=\"og:image\" content=\"https:\/\/www.lykketegning.no\/wp-content\/uploads\/2017\/03\/IMG_7741.jpg\" \/>\n\t<meta property=\"og:image:width\" content=\"1125\" \/>\n\t<meta property=\"og:image:height\" content=\"2000\" \/>\n\t<meta property=\"og:image:type\" content=\"image\/jpeg\" \/>\n<meta name=\"twitter:card\" content=\"summary_large_image\" \/>\n<meta name=\"twitter:label1\" content=\"Ber\u00e4knad l\u00e4stid\" \/>\n\t<meta name=\"twitter:data1\" content=\"2 minuter\" \/>\n<script type=\"application\/ld+json\" class=\"yoast-schema-graph\">{\"@context\":\"https:\\\/\\\/schema.org\",\"@graph\":[{\"@type\":\"WebPage\",\"@id\":\"https:\\\/\\\/lykketegningtest.wp3.hcweb.dev\\\/sv\\\/product-2\\\/illustration-fran-lyckoteckning-varlden-ar-battre-med-dig-i-den\\\/\",\"url\":\"https:\\\/\\\/lykketegningtest.wp3.hcweb.dev\\\/sv\\\/product-2\\\/illustration-fran-lyckoteckning-varlden-ar-battre-med-dig-i-den\\\/\",\"name\":\"Illustrasjon fra Lykketegning: \\\"The world is better with you in it\\\" - LYKKETEGNING ILLUSTRAT\u00d8R\",\"isPartOf\":{\"@id\":\"https:\\\/\\\/lykketegningtest.wp3.hcweb.dev\\\/#website\"},\"primaryImageOfPage\":{\"@id\":\"https:\\\/\\\/lykketegningtest.wp3.hcweb.dev\\\/sv\\\/product-2\\\/illustration-fran-lyckoteckning-varlden-ar-battre-med-dig-i-den\\\/#primaryimage\"},\"image\":{\"@id\":\"https:\\\/\\\/lykketegningtest.wp3.hcweb.dev\\\/sv\\\/product-2\\\/illustration-fran-lyckoteckning-varlden-ar-battre-med-dig-i-den\\\/#primaryimage\"},\"thumbnailUrl\":\"https:\\\/\\\/lykketegningtest.wp3.hcweb.dev\\\/wp-content\\\/uploads\\\/2017\\\/03\\\/IMG_7741.jpg\",\"datePublished\":\"2017-03-28T10:44:16+00:00\",\"dateModified\":\"2026-02-02T08:54:56+00:00\",\"description\":\"Illustrasjon fra Lykketegning: \\\"The world is better with you in it\\\"\",\"breadcrumb\":{\"@id\":\"https:\\\/\\\/lykketegningtest.wp3.hcweb.dev\\\/sv\\\/product-2\\\/illustration-fran-lyckoteckning-varlden-ar-battre-med-dig-i-den\\\/#breadcrumb\"},\"inLanguage\":\"sv-SE\",\"potentialAction\":[{\"@type\":\"ReadAction\",\"target\":[\"https:\\\/\\\/lykketegningtest.wp3.hcweb.dev\\\/sv\\\/product-2\\\/illustration-fran-lyckoteckning-varlden-ar-battre-med-dig-i-den\\\/\"]}]},{\"@type\":\"ImageObject\",\"inLanguage\":\"sv-SE\",\"@id\":\"https:\\\/\\\/lykketegningtest.wp3.hcweb.dev\\\/sv\\\/product-2\\\/illustration-fran-lyckoteckning-varlden-ar-battre-med-dig-i-den\\\/#primaryimage\",\"url\":\"https:\\\/\\\/lykketegningtest.wp3.hcweb.dev\\\/wp-content\\\/uploads\\\/2017\\\/03\\\/IMG_7741.jpg\",\"contentUrl\":\"https:\\\/\\\/lykketegningtest.wp3.hcweb.dev\\\/wp-content\\\/uploads\\\/2017\\\/03\\\/IMG_7741.jpg\",\"width\":1125,\"height\":2000},{\"@type\":\"BreadcrumbList\",\"@id\":\"https:\\\/\\\/lykketegningtest.wp3.hcweb.dev\\\/sv\\\/product-2\\\/illustration-fran-lyckoteckning-varlden-ar-battre-med-dig-i-den\\\/#breadcrumb\",\"itemListElement\":[{\"@type\":\"ListItem\",\"position\":1,\"name\":\"Hjem\",\"item\":\"https:\\\/\\\/lykketegningtest.wp3.hcweb.dev\\\/\"},{\"@type\":\"ListItem\",\"position\":2,\"name\":\"Shop\",\"item\":\"https:\\\/\\\/lykketegningtest.wp3.hcweb.dev\\\/sv\\\/webbutik\\\/\"},{\"@type\":\"ListItem\",\"position\":3,\"name\":\"Illustrasjon fra Lykketegning: &#8220;The world is better with you in it&#8221;\"}]},{\"@type\":\"WebSite\",\"@id\":\"https:\\\/\\\/lykketegningtest.wp3.hcweb.dev\\\/#website\",\"url\":\"https:\\\/\\\/lykketegningtest.wp3.hcweb.dev\\\/\",\"name\":\"LYKKETEGNING ILLUSTRAT\u00d8R\",\"description\":\"\",\"publisher\":{\"@id\":\"https:\\\/\\\/lykketegningtest.wp3.hcweb.dev\\\/#organization\"},\"potentialAction\":[{\"@type\":\"SearchAction\",\"target\":{\"@type\":\"EntryPoint\",\"urlTemplate\":\"https:\\\/\\\/lykketegningtest.wp3.hcweb.dev\\\/?s={search_term_string}\"},\"query-input\":{\"@type\":\"PropertyValueSpecification\",\"valueRequired\":true,\"valueName\":\"search_term_string\"}}],\"inLanguage\":\"sv-SE\"},{\"@type\":\"Organization\",\"@id\":\"https:\\\/\\\/lykketegningtest.wp3.hcweb.dev\\\/#organization\",\"name\":\"LYKKETEGNING ILLUSTRAT\u00d8R\",\"url\":\"https:\\\/\\\/lykketegningtest.wp3.hcweb.dev\\\/\",\"logo\":{\"@type\":\"ImageObject\",\"inLanguage\":\"sv-SE\",\"@id\":\"https:\\\/\\\/lykketegningtest.wp3.hcweb.dev\\\/#\\\/schema\\\/logo\\\/image\\\/\",\"url\":\"https:\\\/\\\/lykketegningtest.wp3.hcweb.dev\\\/wp-content\\\/uploads\\\/2020\\\/03\\\/Logo2020_h400px.jpg\",\"contentUrl\":\"https:\\\/\\\/lykketegningtest.wp3.hcweb.dev\\\/wp-content\\\/uploads\\\/2020\\\/03\\\/Logo2020_h400px.jpg\",\"width\":1024,\"height\":400,\"caption\":\"LYKKETEGNING ILLUSTRAT\u00d8R\"},\"image\":{\"@id\":\"https:\\\/\\\/lykketegningtest.wp3.hcweb.dev\\\/#\\\/schema\\\/logo\\\/image\\\/\"},\"sameAs\":[\"https:\\\/\\\/www.facebook.com\\\/lykketegning\\\/\",\"https:\\\/\\\/www.instagram.com\\\/lykketegning\\\/\",\"https:\\\/\\\/www.youtube.com\\\/@lykketegningillustrations\",\"https:\\\/\\\/www.tiktok.com\\\/@lykketegningillustration\"]}]}<\/script>\n<!-- \/ Yoast SEO plugin. -->","yoast_head_json":{"title":"Illustration fr\u00e5n Lykketegning: \"V\u00e4rlden \u00e4r b\u00e4ttre med dig i den\" - LYKKETEGNING ILLUSTRAT\u00d8R","description":"Illustration fr\u00e5n Happiness-ritning: \"V\u00e4rlden \u00e4r b\u00e4ttre med dig i den\"","robots":{"index":"noindex","follow":"follow","max-snippet":"max-snippet:-1","max-image-preview":"max-image-preview:large","max-video-preview":"max-video-preview:-1"},"og_locale":"sv_SE","og_type":"article","og_title":"Illustrasjon fra Lykketegning: \"The world is better with you in it\" - LYKKETEGNING ILLUSTRAT\u00d8R","og_description":"Illustrasjon fra Lykketegning: \"The world is better with you in it\"","og_url":"https:\/\/lykketegningtest.wp3.hcweb.dev\/sv\/product-2\/illustration-fran-lyckoteckning-varlden-ar-battre-med-dig-i-den\/","og_site_name":"LYKKETEGNING ILLUSTRAT\u00d8R","article_publisher":"https:\/\/www.facebook.com\/lykketegning\/","article_modified_time":"2026-02-02T08:54:56+00:00","og_image":[{"width":1125,"height":2000,"url":"https:\/\/www.lykketegning.no\/wp-content\/uploads\/2017\/03\/IMG_7741.jpg","type":"image\/jpeg"}],"twitter_card":"summary_large_image","twitter_misc":{"Ber\u00e4knad l\u00e4stid":"2 minuter"},"schema":{"@context":"https:\/\/schema.org","@graph":[{"@type":"WebPage","@id":"https:\/\/lykketegningtest.wp3.hcweb.dev\/sv\/product-2\/illustration-fran-lyckoteckning-varlden-ar-battre-med-dig-i-den\/","url":"https:\/\/lykketegningtest.wp3.hcweb.dev\/sv\/product-2\/illustration-fran-lyckoteckning-varlden-ar-battre-med-dig-i-den\/","name":"Illustration fr\u00e5n Lykketegning: \"V\u00e4rlden \u00e4r b\u00e4ttre med dig i den\" - LYKKETEGNING ILLUSTRAT\u00d8R","isPartOf":{"@id":"https:\/\/lykketegningtest.wp3.hcweb.dev\/#website"},"primaryImageOfPage":{"@id":"https:\/\/lykketegningtest.wp3.hcweb.dev\/sv\/product-2\/illustration-fran-lyckoteckning-varlden-ar-battre-med-dig-i-den\/#primaryimage"},"image":{"@id":"https:\/\/lykketegningtest.wp3.hcweb.dev\/sv\/product-2\/illustration-fran-lyckoteckning-varlden-ar-battre-med-dig-i-den\/#primaryimage"},"thumbnailUrl":"https:\/\/lykketegningtest.wp3.hcweb.dev\/wp-content\/uploads\/2017\/03\/IMG_7741.jpg","datePublished":"2017-03-28T10:44:16+00:00","dateModified":"2026-02-02T08:54:56+00:00","description":"Illustration fr\u00e5n Happiness-ritning: \"V\u00e4rlden \u00e4r b\u00e4ttre med dig i den\"","breadcrumb":{"@id":"https:\/\/lykketegningtest.wp3.hcweb.dev\/sv\/product-2\/illustration-fran-lyckoteckning-varlden-ar-battre-med-dig-i-den\/#breadcrumb"},"inLanguage":"sv-SE","potentialAction":[{"@type":"ReadAction","target":["https:\/\/lykketegningtest.wp3.hcweb.dev\/sv\/product-2\/illustration-fran-lyckoteckning-varlden-ar-battre-med-dig-i-den\/"]}]},{"@type":"ImageObject","inLanguage":"sv-SE","@id":"https:\/\/lykketegningtest.wp3.hcweb.dev\/sv\/product-2\/illustration-fran-lyckoteckning-varlden-ar-battre-med-dig-i-den\/#primaryimage","url":"https:\/\/lykketegningtest.wp3.hcweb.dev\/wp-content\/uploads\/2017\/03\/IMG_7741.jpg","contentUrl":"https:\/\/lykketegningtest.wp3.hcweb.dev\/wp-content\/uploads\/2017\/03\/IMG_7741.jpg","width":1125,"height":2000},{"@type":"BreadcrumbList","@id":"https:\/\/lykketegningtest.wp3.hcweb.dev\/sv\/product-2\/illustration-fran-lyckoteckning-varlden-ar-battre-med-dig-i-den\/#breadcrumb","itemListElement":[{"@type":"ListItem","position":1,"name":"Hjem","item":"https:\/\/lykketegningtest.wp3.hcweb.dev\/"},{"@type":"ListItem","position":2,"name":"Shop","item":"https:\/\/lykketegningtest.wp3.hcweb.dev\/sv\/webbutik\/"},{"@type":"ListItem","position":3,"name":"Illustrasjon fra Lykketegning: &#8220;The world is better with you in it&#8221;"}]},{"@type":"WebSite","@id":"https:\/\/lykketegningtest.wp3.hcweb.dev\/#website","url":"https:\/\/lykketegningtest.wp3.hcweb.dev\/","name":"LYCKLIG RITNING ILLUSTRAT\u00d6R","description":"","publisher":{"@id":"https:\/\/lykketegningtest.wp3.hcweb.dev\/#organization"},"potentialAction":[{"@type":"SearchAction","target":{"@type":"EntryPoint","urlTemplate":"https:\/\/lykketegningtest.wp3.hcweb.dev\/?s={search_term_string}"},"query-input":{"@type":"PropertyValueSpecification","valueRequired":true,"valueName":"search_term_string"}}],"inLanguage":"sv-SE"},{"@type":"Organization","@id":"https:\/\/lykketegningtest.wp3.hcweb.dev\/#organization","name":"LYCKLIG RITNING ILLUSTRAT\u00d6R","url":"https:\/\/lykketegningtest.wp3.hcweb.dev\/","logo":{"@type":"ImageObject","inLanguage":"sv-SE","@id":"https:\/\/lykketegningtest.wp3.hcweb.dev\/#\/schema\/logo\/image\/","url":"https:\/\/lykketegningtest.wp3.hcweb.dev\/wp-content\/uploads\/2020\/03\/Logo2020_h400px.jpg","contentUrl":"https:\/\/lykketegningtest.wp3.hcweb.dev\/wp-content\/uploads\/2020\/03\/Logo2020_h400px.jpg","width":1024,"height":400,"caption":"LYKKETEGNING ILLUSTRAT\u00d8R"},"image":{"@id":"https:\/\/lykketegningtest.wp3.hcweb.dev\/#\/schema\/logo\/image\/"},"sameAs":["https:\/\/www.facebook.com\/lykketegning\/","https:\/\/www.instagram.com\/lykketegning\/","https:\/\/www.youtube.com\/@lykketegningillustrations","https:\/\/www.tiktok.com\/@lykketegningillustration"]}]}},"_links":{"self":[{"href":"https:\/\/lykketegningtest.wp3.hcweb.dev\/sv\/wp-json\/wp\/v2\/product\/36880","targetHints":{"allow":["GET"]}}],"collection":[{"href":"https:\/\/lykketegningtest.wp3.hcweb.dev\/sv\/wp-json\/wp\/v2\/product"}],"about":[{"href":"https:\/\/lykketegningtest.wp3.hcweb.dev\/sv\/wp-json\/wp\/v2\/types\/product"}],"replies":[{"embeddable":true,"href":"https:\/\/lykketegningtest.wp3.hcweb.dev\/sv\/wp-json\/wp\/v2\/comments?post=36880"}],"wp:featuredmedia":[{"embeddable":true,"href":"https:\/\/lykketegningtest.wp3.hcweb.dev\/sv\/wp-json\/wp\/v2\/media\/39442"}],"wp:attachment":[{"href":"https:\/\/lykketegningtest.wp3.hcweb.dev\/sv\/wp-json\/wp\/v2\/media?parent=36880"}],"wp:term":[{"taxonomy":"product_brand","embeddable":true,"href":"https:\/\/lykketegningtest.wp3.hcweb.dev\/sv\/wp-json\/wp\/v2\/product_brand?post=36880"},{"taxonomy":"product_cat","embeddable":true,"href":"https:\/\/lykketegningtest.wp3.hcweb.dev\/sv\/wp-json\/wp\/v2\/product_cat?post=36880"},{"taxonomy":"product_tag","embeddable":true,"href":"https:\/\/lykketegningtest.wp3.hcweb.dev\/sv\/wp-json\/wp\/v2\/product_tag?post=36880"}],"curies":[{"name":"wp","href":"https:\/\/api.w.org\/{rel}","templated":true}]}}