{"id":36884,"date":"2025-01-19T22:23:35","date_gmt":"2025-01-19T21:23:35","guid":{"rendered":"https:\/\/www-lykketegning.wp3.hcweb.dev\/fornyelse\/?post_type=product&#038;p=36884"},"modified":"2026-05-02T23:13:37","modified_gmt":"2026-05-02T21:13:37","slug":"salgsuksessen-lykkekoppen-pust","status":"publish","type":"product","link":"https:\/\/lykketegningtest.wp3.hcweb.dev\/sv\/produkt\/salgsuksessen-lykkekoppen-pust\/","title":{"rendered":"Den b\u00e4sts\u00e4ljande lyckokoppen \"Pust\""},"content":{"rendered":"<h2>Den b\u00e4sts\u00e4ljande lyckokoppen \"Pust\"<\/h2>\n<p class=\"p1\"><span class=\"s1\">Bl\u00e5s!<\/span><\/p>\n<p class=\"p2\"><span class=\"s1\"><i>Det \u00e4r lustigt hur vi ibland beh\u00f6ver bli p\u00e5minda om detta! Andas! Ett enkelt ord.<\/i><\/span><\/p>\n<p class=\"p2\"><span class=\"s1\"><i> Ta ett djupt andetag och stanna upp f\u00f6r en stund. Livet \u00e4r just nu! Kanske beh\u00f6ver du stanna upp fr\u00e5n karusellen och bara vara! Anv\u00e4nd den h\u00e4r dryckespausen f\u00f6r att hitta lite lugn och ro.<\/i><\/span><\/p>\n<p class=\"p2\"><span class=\"s1\"><i>Och ha sedan en bra dag.<\/i><\/span><\/p>\n<p class=\"p3\"><span class=\"s1\">Ingebj\u00f8rg Rang\u00f8y Sj\u00e5land<\/span><\/p>\n<p class=\"p3\"><span class=\"s1\">Lycklig dragning<\/span><\/p>\n<p><strong>\"P\u00e5 Lykketegning skapas varje illustration med v\u00e4rme och omsorg.<\/strong><br \/>\n<strong>Med starka f\u00e4rger, tydliga linjer och bra citat vill Happiness Drawing f\u00e5 dig att stanna upp ett \u00f6gonblick, ta ett djupt andetag och sedan s\u00e4tta en bra kurs fram\u00e5t.<\/strong><br \/>\n<strong>Hj\u00e4rtana och leendena \u00e4r fr\u00e5n mig till dig f\u00f6r att p\u00e5minna dig om att du \u00e4r riktigt bra!\"<\/strong><\/p>\n<p>&nbsp;<\/p>\n<p>P\u00e5 hemsidan hittar du n\u00e5gra illustrationer och andra produkter som koppar, gratulationskort och kalendrar.<\/p>\n<p>Nya produkter l\u00e4ggs st\u00e4ndigt till h\u00e4r, s\u00e5 registrera dig g\u00e4rna f\u00f6r nyhetsbrevet f\u00f6r m\u00e5natliga uppdateringar.<\/p>\n<p>F\u00f6r <strong>m\u00e5nga m\u00e5nga m\u00e5nga m\u00e5nga<\/strong> fler illustrationer; bes\u00f6k min Instagram- och Facebookprofil.<\/p>\n<p>Faktum \u00e4r att alla illustrationer \u00e4r till salu. 999 kr f\u00f6r A4 och 1500 kr f\u00f6r A3.<\/p>\n<p>Du kan ocks\u00e5 best\u00e4lla din egen - bra presenter att ge till br\u00f6llop och andra fester. H\u00f6r av dig till v\u00e5r inkorg f\u00f6r detta.<\/p>\n<p><em>Pris f\u00f6r fotografering: 1500kr f\u00f6r A4 och A5 (upp till 5 personer\/djur) extra kostnad f\u00f6r fler (upp till 5 personer\/djur). A3 2000kr ex porto. Jag beh\u00f6ver veta h\u00e5rf\u00e4rg\/h\u00e5rtyp, l\u00e4ngd, intressen och \u00f6nskat antal avbildade personer. Alla offerter du vill ha inkluderade.<\/em><\/p>\n<p>Om du har n\u00e5gra fr\u00e5gor, tveka inte att h\u00f6ra av dig! Om du vill ha en pratstund om ett eventuellt samarbete, skicka mig ett e-postmeddelande.<\/p>\n<p>Vi ser fram emot att h\u00f6ra fr\u00e5n dig och hoppas att du f\u00e5r en underbar dag. <a href=\"https:\/\/www.facebook.com\/lykketegning\/?locale=nb_NO\">D\u00e5 kommer du till min Facebook-sida.<\/a> Och om du vill f\u00f6lja mig p\u00e5<a href=\"https:\/\/www.instagram.com\/lykketegning\/?hl=nb\"> Instagram, du hittar det h\u00e4r.<\/a><\/p>\n<p>Konstn\u00e4r<br \/>\nIngebj\u00f8rg Rang\u00f8y Sj\u00e5land<\/p>\n<p>&nbsp;<\/p>","protected":false},"excerpt":{"rendered":"<p>Den b\u00e4sts\u00e4ljande lyckokoppen \"Pust\"<\/p>\n<p class=\"p1\"><span class=\"s1\">Bl\u00e5s!<\/span><\/p>\n<p class=\"p2\"><span class=\"s1\"><i>Det \u00e4r lustigt hur vi ibland beh\u00f6ver bli p\u00e5minda om detta! Andas! Ett enkelt ord.<\/i><\/span><\/p>\n<p class=\"p2\"><span class=\"s1\"><i> Ta ett djupt andetag och stanna upp f\u00f6r en stund. Livet \u00e4r just nu! Kanske beh\u00f6ver du stanna upp fr\u00e5n karusellen och bara vara! Anv\u00e4nd den h\u00e4r dryckespausen f\u00f6r att hitta lite lugn och ro.<\/i><\/span><\/p>\n<p class=\"p2\"><span class=\"s1\"><i>Och ha sedan en bra dag.<\/i><\/span><\/p>\n<p class=\"p3\"><span class=\"s1\">Ingebj\u00f8rg Rang\u00f8y Sj\u00e5land<\/span><\/p>\n<p class=\"p3\"><span class=\"s1\">Lycklig dragning<\/span><\/p>\n<p>Mugg Ljusrosa D8 H9,5 400ml Material: Porslin<\/p>","protected":false},"featured_media":39697,"comment_status":"closed","ping_status":"closed","template":"","meta":[],"product_brand":[],"product_cat":[41],"product_tag":[43,121,123,392],"class_list":{"0":"post-36884","1":"product","2":"type-product","3":"status-publish","4":"has-post-thumbnail","6":"product_cat-lykkekopper","7":"product_tag-lykkekopp","8":"product_tag-lykkekrus","9":"product_tag-pust","10":"product_tag-pust-kopp","12":"first","13":"instock","14":"taxable","15":"shipping-taxable","16":"purchasable","17":"product-type-simple"},"yoast_head":"<!-- This site is optimized with the Yoast SEO plugin v27.5 - https:\/\/yoast.com\/product\/yoast-seo-wordpress\/ -->\n<title>Salgsuksessen Lykkekoppen &quot;Pust&quot; - LYKKETEGNING ILLUSTRAT\u00d8R<\/title>\n<meta name=\"description\" content=\"Salgsuksessen Lykkekrus &quot;Pust&quot; fra Lykketegning. Pust er en storselger og er en fin p\u00e5minnelse om \u00e5 nyte \u00f8yeblikket og vite at livet er akkurat n\u00e5!\" \/>\n<meta name=\"robots\" content=\"noindex, follow, max-snippet:-1, max-image-preview:large, max-video-preview:-1\" \/>\n<meta property=\"og:locale\" content=\"sv_SE\" \/>\n<meta property=\"og:type\" content=\"article\" \/>\n<meta property=\"og:title\" content=\"Salgsuksessen Lykkekoppen &quot;Pust&quot; - LYKKETEGNING ILLUSTRAT\u00d8R\" \/>\n<meta property=\"og:description\" content=\"Salgsuksessen Lykkekrus &quot;Pust&quot; fra Lykketegning. Pust er en storselger og er en fin p\u00e5minnelse om \u00e5 nyte \u00f8yeblikket og vite at livet er akkurat n\u00e5!\" \/>\n<meta property=\"og:url\" content=\"https:\/\/lykketegningtest.wp3.hcweb.dev\/sv\/produkt\/salgsuksessen-lykkekoppen-pust\/\" \/>\n<meta property=\"og:site_name\" content=\"LYKKETEGNING ILLUSTRAT\u00d8R\" \/>\n<meta property=\"article:publisher\" content=\"https:\/\/www.facebook.com\/lykketegning\/\" \/>\n<meta property=\"article:modified_time\" content=\"2026-05-02T21:13:37+00:00\" \/>\n<meta name=\"twitter:card\" content=\"summary_large_image\" \/>\n<meta name=\"twitter:label1\" content=\"Ber\u00e4knad l\u00e4stid\" \/>\n\t<meta name=\"twitter:data1\" content=\"2 minuter\" \/>\n<script type=\"application\/ld+json\" class=\"yoast-schema-graph\">{\"@context\":\"https:\\\/\\\/schema.org\",\"@graph\":[{\"@type\":\"WebPage\",\"@id\":\"https:\\\/\\\/lykketegningtest.wp3.hcweb.dev\\\/produkt\\\/salgsuksessen-lykkekoppen-pust\\\/\",\"url\":\"https:\\\/\\\/lykketegningtest.wp3.hcweb.dev\\\/produkt\\\/salgsuksessen-lykkekoppen-pust\\\/\",\"name\":\"Salgsuksessen Lykkekoppen \\\"Pust\\\" - LYKKETEGNING ILLUSTRAT\u00d8R\",\"isPartOf\":{\"@id\":\"https:\\\/\\\/lykketegningtest.wp3.hcweb.dev\\\/#website\"},\"primaryImageOfPage\":{\"@id\":\"https:\\\/\\\/lykketegningtest.wp3.hcweb.dev\\\/produkt\\\/salgsuksessen-lykkekoppen-pust\\\/#primaryimage\"},\"image\":{\"@id\":\"https:\\\/\\\/lykketegningtest.wp3.hcweb.dev\\\/produkt\\\/salgsuksessen-lykkekoppen-pust\\\/#primaryimage\"},\"thumbnailUrl\":\"https:\\\/\\\/lykketegningtest.wp3.hcweb.dev\\\/wp-content\\\/uploads\\\/2023\\\/09\\\/IMG_7222-scaled.jpg\",\"datePublished\":\"2025-01-19T21:23:35+00:00\",\"dateModified\":\"2026-05-02T21:13:37+00:00\",\"description\":\"Salgsuksessen Lykkekrus \\\"Pust\\\" fra Lykketegning. Pust er en storselger og er en fin p\u00e5minnelse om \u00e5 nyte \u00f8yeblikket og vite at livet er akkurat n\u00e5!\",\"breadcrumb\":{\"@id\":\"https:\\\/\\\/lykketegningtest.wp3.hcweb.dev\\\/produkt\\\/salgsuksessen-lykkekoppen-pust\\\/#breadcrumb\"},\"inLanguage\":\"sv-SE\",\"potentialAction\":[{\"@type\":\"ReadAction\",\"target\":[\"https:\\\/\\\/lykketegningtest.wp3.hcweb.dev\\\/produkt\\\/salgsuksessen-lykkekoppen-pust\\\/\"]}]},{\"@type\":\"ImageObject\",\"inLanguage\":\"sv-SE\",\"@id\":\"https:\\\/\\\/lykketegningtest.wp3.hcweb.dev\\\/produkt\\\/salgsuksessen-lykkekoppen-pust\\\/#primaryimage\",\"url\":\"https:\\\/\\\/lykketegningtest.wp3.hcweb.dev\\\/wp-content\\\/uploads\\\/2023\\\/09\\\/IMG_7222-scaled.jpg\",\"contentUrl\":\"https:\\\/\\\/lykketegningtest.wp3.hcweb.dev\\\/wp-content\\\/uploads\\\/2023\\\/09\\\/IMG_7222-scaled.jpg\",\"width\":2560,\"height\":2560},{\"@type\":\"BreadcrumbList\",\"@id\":\"https:\\\/\\\/lykketegningtest.wp3.hcweb.dev\\\/produkt\\\/salgsuksessen-lykkekoppen-pust\\\/#breadcrumb\",\"itemListElement\":[{\"@type\":\"ListItem\",\"position\":1,\"name\":\"Hjem\",\"item\":\"https:\\\/\\\/lykketegningtest.wp3.hcweb.dev\\\/\"},{\"@type\":\"ListItem\",\"position\":2,\"name\":\"Shop\",\"item\":\"https:\\\/\\\/lykketegningtest.wp3.hcweb.dev\\\/sv\\\/webbutik\\\/\"},{\"@type\":\"ListItem\",\"position\":3,\"name\":\"Salgsuksessen Lykkekoppen &#8220;Pust&#8221;\"}]},{\"@type\":\"WebSite\",\"@id\":\"https:\\\/\\\/lykketegningtest.wp3.hcweb.dev\\\/#website\",\"url\":\"https:\\\/\\\/lykketegningtest.wp3.hcweb.dev\\\/\",\"name\":\"LYKKETEGNING ILLUSTRAT\u00d8R\",\"description\":\"\",\"publisher\":{\"@id\":\"https:\\\/\\\/lykketegningtest.wp3.hcweb.dev\\\/#organization\"},\"potentialAction\":[{\"@type\":\"SearchAction\",\"target\":{\"@type\":\"EntryPoint\",\"urlTemplate\":\"https:\\\/\\\/lykketegningtest.wp3.hcweb.dev\\\/?s={search_term_string}\"},\"query-input\":{\"@type\":\"PropertyValueSpecification\",\"valueRequired\":true,\"valueName\":\"search_term_string\"}}],\"inLanguage\":\"sv-SE\"},{\"@type\":\"Organization\",\"@id\":\"https:\\\/\\\/lykketegningtest.wp3.hcweb.dev\\\/#organization\",\"name\":\"LYKKETEGNING ILLUSTRAT\u00d8R\",\"url\":\"https:\\\/\\\/lykketegningtest.wp3.hcweb.dev\\\/\",\"logo\":{\"@type\":\"ImageObject\",\"inLanguage\":\"sv-SE\",\"@id\":\"https:\\\/\\\/lykketegningtest.wp3.hcweb.dev\\\/#\\\/schema\\\/logo\\\/image\\\/\",\"url\":\"https:\\\/\\\/lykketegningtest.wp3.hcweb.dev\\\/wp-content\\\/uploads\\\/2020\\\/03\\\/Logo2020_h400px.jpg\",\"contentUrl\":\"https:\\\/\\\/lykketegningtest.wp3.hcweb.dev\\\/wp-content\\\/uploads\\\/2020\\\/03\\\/Logo2020_h400px.jpg\",\"width\":1024,\"height\":400,\"caption\":\"LYKKETEGNING ILLUSTRAT\u00d8R\"},\"image\":{\"@id\":\"https:\\\/\\\/lykketegningtest.wp3.hcweb.dev\\\/#\\\/schema\\\/logo\\\/image\\\/\"},\"sameAs\":[\"https:\\\/\\\/www.facebook.com\\\/lykketegning\\\/\",\"https:\\\/\\\/www.instagram.com\\\/lykketegning\\\/\",\"https:\\\/\\\/www.youtube.com\\\/@lykketegningillustrations\",\"https:\\\/\\\/www.tiktok.com\\\/@lykketegningillustration\"]}]}<\/script>\n<!-- \/ Yoast SEO plugin. -->","yoast_head_json":{"title":"Den b\u00e4sts\u00e4ljande lyckokoppen \"Pust\" - ILLUSTRAT\u00d6R AV LYCKOTECKNING","description":"Den b\u00e4sts\u00e4ljande Happiness Muggen \"Breathe\" fr\u00e5n Lykketegning. Breath \u00e4r en b\u00e4sts\u00e4ljare och \u00e4r en bra p\u00e5minnelse om att njuta av stunden och veta att livet \u00e4r just nu!","robots":{"index":"noindex","follow":"follow","max-snippet":"max-snippet:-1","max-image-preview":"max-image-preview:large","max-video-preview":"max-video-preview:-1"},"og_locale":"sv_SE","og_type":"article","og_title":"Salgsuksessen Lykkekoppen \"Pust\" - LYKKETEGNING ILLUSTRAT\u00d8R","og_description":"Salgsuksessen Lykkekrus \"Pust\" fra Lykketegning. Pust er en storselger og er en fin p\u00e5minnelse om \u00e5 nyte \u00f8yeblikket og vite at livet er akkurat n\u00e5!","og_url":"https:\/\/lykketegningtest.wp3.hcweb.dev\/sv\/produkt\/salgsuksessen-lykkekoppen-pust\/","og_site_name":"LYKKETEGNING ILLUSTRAT\u00d8R","article_publisher":"https:\/\/www.facebook.com\/lykketegning\/","article_modified_time":"2026-05-02T21:13:37+00:00","twitter_card":"summary_large_image","twitter_misc":{"Ber\u00e4knad l\u00e4stid":"2 minuter"},"schema":{"@context":"https:\/\/schema.org","@graph":[{"@type":"WebPage","@id":"https:\/\/lykketegningtest.wp3.hcweb.dev\/produkt\/salgsuksessen-lykkekoppen-pust\/","url":"https:\/\/lykketegningtest.wp3.hcweb.dev\/produkt\/salgsuksessen-lykkekoppen-pust\/","name":"Den b\u00e4sts\u00e4ljande lyckokoppen \"Pust\" - ILLUSTRAT\u00d6R AV LYCKOTECKNING","isPartOf":{"@id":"https:\/\/lykketegningtest.wp3.hcweb.dev\/#website"},"primaryImageOfPage":{"@id":"https:\/\/lykketegningtest.wp3.hcweb.dev\/produkt\/salgsuksessen-lykkekoppen-pust\/#primaryimage"},"image":{"@id":"https:\/\/lykketegningtest.wp3.hcweb.dev\/produkt\/salgsuksessen-lykkekoppen-pust\/#primaryimage"},"thumbnailUrl":"https:\/\/lykketegningtest.wp3.hcweb.dev\/wp-content\/uploads\/2023\/09\/IMG_7222-scaled.jpg","datePublished":"2025-01-19T21:23:35+00:00","dateModified":"2026-05-02T21:13:37+00:00","description":"Den b\u00e4sts\u00e4ljande Happiness Muggen \"Breathe\" fr\u00e5n Lykketegning. Breath \u00e4r en b\u00e4sts\u00e4ljare och \u00e4r en bra p\u00e5minnelse om att njuta av stunden och veta att livet \u00e4r just nu!","breadcrumb":{"@id":"https:\/\/lykketegningtest.wp3.hcweb.dev\/produkt\/salgsuksessen-lykkekoppen-pust\/#breadcrumb"},"inLanguage":"sv-SE","potentialAction":[{"@type":"ReadAction","target":["https:\/\/lykketegningtest.wp3.hcweb.dev\/produkt\/salgsuksessen-lykkekoppen-pust\/"]}]},{"@type":"ImageObject","inLanguage":"sv-SE","@id":"https:\/\/lykketegningtest.wp3.hcweb.dev\/produkt\/salgsuksessen-lykkekoppen-pust\/#primaryimage","url":"https:\/\/lykketegningtest.wp3.hcweb.dev\/wp-content\/uploads\/2023\/09\/IMG_7222-scaled.jpg","contentUrl":"https:\/\/lykketegningtest.wp3.hcweb.dev\/wp-content\/uploads\/2023\/09\/IMG_7222-scaled.jpg","width":2560,"height":2560},{"@type":"BreadcrumbList","@id":"https:\/\/lykketegningtest.wp3.hcweb.dev\/produkt\/salgsuksessen-lykkekoppen-pust\/#breadcrumb","itemListElement":[{"@type":"ListItem","position":1,"name":"Hjem","item":"https:\/\/lykketegningtest.wp3.hcweb.dev\/"},{"@type":"ListItem","position":2,"name":"Shop","item":"https:\/\/lykketegningtest.wp3.hcweb.dev\/sv\/webbutik\/"},{"@type":"ListItem","position":3,"name":"Salgsuksessen Lykkekoppen &#8220;Pust&#8221;"}]},{"@type":"WebSite","@id":"https:\/\/lykketegningtest.wp3.hcweb.dev\/#website","url":"https:\/\/lykketegningtest.wp3.hcweb.dev\/","name":"LYCKLIG RITNING ILLUSTRAT\u00d6R","description":"","publisher":{"@id":"https:\/\/lykketegningtest.wp3.hcweb.dev\/#organization"},"potentialAction":[{"@type":"SearchAction","target":{"@type":"EntryPoint","urlTemplate":"https:\/\/lykketegningtest.wp3.hcweb.dev\/?s={search_term_string}"},"query-input":{"@type":"PropertyValueSpecification","valueRequired":true,"valueName":"search_term_string"}}],"inLanguage":"sv-SE"},{"@type":"Organization","@id":"https:\/\/lykketegningtest.wp3.hcweb.dev\/#organization","name":"LYCKLIG RITNING ILLUSTRAT\u00d6R","url":"https:\/\/lykketegningtest.wp3.hcweb.dev\/","logo":{"@type":"ImageObject","inLanguage":"sv-SE","@id":"https:\/\/lykketegningtest.wp3.hcweb.dev\/#\/schema\/logo\/image\/","url":"https:\/\/lykketegningtest.wp3.hcweb.dev\/wp-content\/uploads\/2020\/03\/Logo2020_h400px.jpg","contentUrl":"https:\/\/lykketegningtest.wp3.hcweb.dev\/wp-content\/uploads\/2020\/03\/Logo2020_h400px.jpg","width":1024,"height":400,"caption":"LYKKETEGNING ILLUSTRAT\u00d8R"},"image":{"@id":"https:\/\/lykketegningtest.wp3.hcweb.dev\/#\/schema\/logo\/image\/"},"sameAs":["https:\/\/www.facebook.com\/lykketegning\/","https:\/\/www.instagram.com\/lykketegning\/","https:\/\/www.youtube.com\/@lykketegningillustrations","https:\/\/www.tiktok.com\/@lykketegningillustration"]}]}},"_links":{"self":[{"href":"https:\/\/lykketegningtest.wp3.hcweb.dev\/sv\/wp-json\/wp\/v2\/product\/36884","targetHints":{"allow":["GET"]}}],"collection":[{"href":"https:\/\/lykketegningtest.wp3.hcweb.dev\/sv\/wp-json\/wp\/v2\/product"}],"about":[{"href":"https:\/\/lykketegningtest.wp3.hcweb.dev\/sv\/wp-json\/wp\/v2\/types\/product"}],"replies":[{"embeddable":true,"href":"https:\/\/lykketegningtest.wp3.hcweb.dev\/sv\/wp-json\/wp\/v2\/comments?post=36884"}],"wp:featuredmedia":[{"embeddable":true,"href":"https:\/\/lykketegningtest.wp3.hcweb.dev\/sv\/wp-json\/wp\/v2\/media\/39697"}],"wp:attachment":[{"href":"https:\/\/lykketegningtest.wp3.hcweb.dev\/sv\/wp-json\/wp\/v2\/media?parent=36884"}],"wp:term":[{"taxonomy":"product_brand","embeddable":true,"href":"https:\/\/lykketegningtest.wp3.hcweb.dev\/sv\/wp-json\/wp\/v2\/product_brand?post=36884"},{"taxonomy":"product_cat","embeddable":true,"href":"https:\/\/lykketegningtest.wp3.hcweb.dev\/sv\/wp-json\/wp\/v2\/product_cat?post=36884"},{"taxonomy":"product_tag","embeddable":true,"href":"https:\/\/lykketegningtest.wp3.hcweb.dev\/sv\/wp-json\/wp\/v2\/product_tag?post=36884"}],"curies":[{"name":"wp","href":"https:\/\/api.w.org\/{rel}","templated":true}]}}