{"id":36930,"date":"2022-01-04T10:08:29","date_gmt":"2022-01-04T09:08:29","guid":{"rendered":"https:\/\/www-lykketegning.wp3.hcweb.dev\/fornyelse\/?post_type=product&#038;p=36930"},"modified":"2026-02-02T09:53:32","modified_gmt":"2026-02-02T08:53:32","slug":"tegning-det-eneste-som-er-bedre","status":"publish","type":"product","link":"https:\/\/lykketegningtest.wp3.hcweb.dev\/sv\/produkt\/tegning-det-eneste-som-er-bedre\/","title":{"rendered":"Ritning \"Det enda som \u00e4r b\u00e4ttre...\""},"content":{"rendered":"<h2>Det enda som \u00e4r b\u00e4ttre \u00e4n att ha dig som mamma \u00e4r att v\u00e5ra barn f\u00e5r dig som mormor!<\/h2>\n<p style=\"text-align: left;\">Illustration A4-storlek utan ram. Text och h\u00e5rf\u00e4rg kan best\u00e4llas, v\u00e4nligen l\u00e4gg till en anteckning.<\/p>\n<h2>Personliga illustrationer!<\/h2>\n<p>Unika, handritade m\u00f6nster som skapas enligt dina \u00f6nskem\u00e5l. Perfekt som g\u00e5va eller f\u00f6r egen anpassning. Perfekt som g\u00e5va eller f\u00f6r eget n\u00f6je.<\/p>\n<p>Om du vill ha en unik teckning kostar det fr\u00e5n 1500 kr f\u00f6r A4.<\/p>\n<p>Skriv i kommentarsf\u00e4ltet vad du skulle vilja se. Kom ih\u00e5g att skriva l\u00e4ngd, h\u00e5rf\u00e4rg och h\u00e5rtyp p\u00e5 dem du vill ska vara med. Jag skickar f\u00f6rst en grov skiss som du kan korrigera, sedan f\u00e4rdigst\u00e4ller jag illustrationerna och skickar dem till dig med posten. Om ni \u00e4r fler \u00e4n 5 personer, v\u00e4nligen kontakta mig f\u00f6r ett pris. Skicka ett mejl till post@lykketegning.no f\u00f6r mer information.<\/p>\n<p>&nbsp;<\/p>","protected":false},"excerpt":{"rendered":"<h2>Personliga illustrationer!<\/h2>\n<p>Unika, handritade m\u00f6nster som skapas enligt dina \u00f6nskem\u00e5l. Perfekt som g\u00e5va eller f\u00f6r egen anpassning. Perfekt som g\u00e5va eller f\u00f6r eget n\u00f6je.<\/p>\n<p>Om du vill ha en unik teckning kostar det fr\u00e5n 1500 kr f\u00f6r A4.<\/p>\n<p>Skriv i kommentarsf\u00e4ltet vad du skulle vilja se. Kom ih\u00e5g att skriva l\u00e4ngd, h\u00e5rf\u00e4rg och h\u00e5rtyp p\u00e5 dem du vill ska vara med. Jag skickar f\u00f6rst en grov skiss som du kan korrigera, sedan f\u00e4rdigst\u00e4ller jag illustrationerna och skickar dem till dig med posten. Om ni \u00e4r fler \u00e4n 5 personer, v\u00e4nligen kontakta mig f\u00f6r ett pris. Skicka ett mejl till post@lykketegning.no f\u00f6r mer information.<\/p>","protected":false},"featured_media":41903,"comment_status":"open","ping_status":"closed","template":"","meta":[],"product_brand":[],"product_cat":[166,167,165],"product_tag":[437,275,438,77,439,50],"class_list":{"0":"post-36930","1":"product","2":"type-product","3":"status-publish","4":"has-post-thumbnail","6":"product_cat-barn","7":"product_cat-familietegning","8":"product_cat-handtegnede-unike-illustrasjoner","9":"product_tag-bestmor","10":"product_tag-mamma","11":"product_tag-mormor","12":"product_tag-morsdag","13":"product_tag-morsdagsgave","14":"product_tag-tegning","16":"first","17":"instock","18":"purchasable","19":"product-type-simple"},"yoast_head":"<!-- This site is optimized with the Yoast SEO plugin v27.6 - https:\/\/yoast.com\/product\/yoast-seo-wordpress\/ -->\n<title>Tegning &quot;Det eneste som er bedre..&quot; - LYKKETEGNING ILLUSTRAT\u00d8R<\/title>\n<meta name=\"description\" content=\"Det eneste som er bedre enn \u00e5 ha deg som mamma er at v\u00e5re barn f\u00e5r ha deg som bestemor! Lykketegning til mamma og bestemor.\" \/>\n<meta name=\"robots\" content=\"noindex, follow, max-snippet:-1, max-image-preview:large, max-video-preview:-1\" \/>\n<meta property=\"og:locale\" content=\"sv_SE\" \/>\n<meta property=\"og:type\" content=\"article\" \/>\n<meta property=\"og:title\" content=\"Tegning &quot;Det eneste som er bedre..&quot; - LYKKETEGNING ILLUSTRAT\u00d8R\" \/>\n<meta property=\"og:description\" content=\"Det eneste som er bedre enn \u00e5 ha deg som mamma er at v\u00e5re barn f\u00e5r ha deg som bestemor! Lykketegning til mamma og bestemor.\" \/>\n<meta property=\"og:url\" content=\"https:\/\/lykketegningtest.wp3.hcweb.dev\/sv\/product-2\/zeichnen-das-einzige-was-besser-ist\/\" \/>\n<meta property=\"og:site_name\" content=\"LYKKETEGNING ILLUSTRAT\u00d8R\" \/>\n<meta property=\"article:publisher\" content=\"https:\/\/www.facebook.com\/lykketegning\/\" \/>\n<meta property=\"article:modified_time\" content=\"2026-02-02T08:53:32+00:00\" \/>\n<meta property=\"og:image\" content=\"https:\/\/www.lykketegning.no\/wp-content\/uploads\/2022\/01\/IMG_7033-scaled.jpg\" \/>\n\t<meta property=\"og:image:width\" content=\"1810\" \/>\n\t<meta property=\"og:image:height\" content=\"2560\" \/>\n\t<meta property=\"og:image:type\" content=\"image\/jpeg\" \/>\n<meta name=\"twitter:card\" content=\"summary_large_image\" \/>\n<meta name=\"twitter:label1\" content=\"Ber\u00e4knad l\u00e4stid\" \/>\n\t<meta name=\"twitter:data1\" content=\"1 minut\" \/>\n<script type=\"application\/ld+json\" class=\"yoast-schema-graph\">{\"@context\":\"https:\\\/\\\/schema.org\",\"@graph\":[{\"@type\":\"WebPage\",\"@id\":\"https:\\\/\\\/lykketegningtest.wp3.hcweb.dev\\\/de\\\/product-2\\\/zeichnen-das-einzige-was-besser-ist\\\/\",\"url\":\"https:\\\/\\\/lykketegningtest.wp3.hcweb.dev\\\/de\\\/product-2\\\/zeichnen-das-einzige-was-besser-ist\\\/\",\"name\":\"Tegning \\\"Det eneste som er bedre..\\\" - LYKKETEGNING ILLUSTRAT\u00d8R\",\"isPartOf\":{\"@id\":\"https:\\\/\\\/lykketegningtest.wp3.hcweb.dev\\\/#website\"},\"primaryImageOfPage\":{\"@id\":\"https:\\\/\\\/lykketegningtest.wp3.hcweb.dev\\\/de\\\/product-2\\\/zeichnen-das-einzige-was-besser-ist\\\/#primaryimage\"},\"image\":{\"@id\":\"https:\\\/\\\/lykketegningtest.wp3.hcweb.dev\\\/de\\\/product-2\\\/zeichnen-das-einzige-was-besser-ist\\\/#primaryimage\"},\"thumbnailUrl\":\"https:\\\/\\\/lykketegningtest.wp3.hcweb.dev\\\/wp-content\\\/uploads\\\/2022\\\/01\\\/IMG_7033-scaled.jpg\",\"datePublished\":\"2022-01-04T09:08:29+00:00\",\"dateModified\":\"2026-02-02T08:53:32+00:00\",\"description\":\"Det eneste som er bedre enn \u00e5 ha deg som mamma er at v\u00e5re barn f\u00e5r ha deg som bestemor! Lykketegning til mamma og bestemor.\",\"breadcrumb\":{\"@id\":\"https:\\\/\\\/lykketegningtest.wp3.hcweb.dev\\\/de\\\/product-2\\\/zeichnen-das-einzige-was-besser-ist\\\/#breadcrumb\"},\"inLanguage\":\"sv-SE\",\"potentialAction\":[{\"@type\":\"ReadAction\",\"target\":[\"https:\\\/\\\/lykketegningtest.wp3.hcweb.dev\\\/de\\\/product-2\\\/zeichnen-das-einzige-was-besser-ist\\\/\"]}]},{\"@type\":\"ImageObject\",\"inLanguage\":\"sv-SE\",\"@id\":\"https:\\\/\\\/lykketegningtest.wp3.hcweb.dev\\\/de\\\/product-2\\\/zeichnen-das-einzige-was-besser-ist\\\/#primaryimage\",\"url\":\"https:\\\/\\\/lykketegningtest.wp3.hcweb.dev\\\/wp-content\\\/uploads\\\/2022\\\/01\\\/IMG_7033-scaled.jpg\",\"contentUrl\":\"https:\\\/\\\/lykketegningtest.wp3.hcweb.dev\\\/wp-content\\\/uploads\\\/2022\\\/01\\\/IMG_7033-scaled.jpg\",\"width\":1810,\"height\":2560},{\"@type\":\"BreadcrumbList\",\"@id\":\"https:\\\/\\\/lykketegningtest.wp3.hcweb.dev\\\/de\\\/product-2\\\/zeichnen-das-einzige-was-besser-ist\\\/#breadcrumb\",\"itemListElement\":[{\"@type\":\"ListItem\",\"position\":1,\"name\":\"Hjem\",\"item\":\"https:\\\/\\\/lykketegningtest.wp3.hcweb.dev\\\/\"},{\"@type\":\"ListItem\",\"position\":2,\"name\":\"Shop\",\"item\":\"https:\\\/\\\/lykketegningtest.wp3.hcweb.dev\\\/sv\\\/webbutik\\\/\"},{\"@type\":\"ListItem\",\"position\":3,\"name\":\"Tegning &#8220;Det eneste som er bedre..&#8221;\"}]},{\"@type\":\"WebSite\",\"@id\":\"https:\\\/\\\/lykketegningtest.wp3.hcweb.dev\\\/#website\",\"url\":\"https:\\\/\\\/lykketegningtest.wp3.hcweb.dev\\\/\",\"name\":\"LYKKETEGNING ILLUSTRAT\u00d8R\",\"description\":\"\",\"publisher\":{\"@id\":\"https:\\\/\\\/lykketegningtest.wp3.hcweb.dev\\\/#organization\"},\"potentialAction\":[{\"@type\":\"SearchAction\",\"target\":{\"@type\":\"EntryPoint\",\"urlTemplate\":\"https:\\\/\\\/lykketegningtest.wp3.hcweb.dev\\\/?s={search_term_string}\"},\"query-input\":{\"@type\":\"PropertyValueSpecification\",\"valueRequired\":true,\"valueName\":\"search_term_string\"}}],\"inLanguage\":\"sv-SE\"},{\"@type\":\"Organization\",\"@id\":\"https:\\\/\\\/lykketegningtest.wp3.hcweb.dev\\\/#organization\",\"name\":\"LYKKETEGNING ILLUSTRAT\u00d8R\",\"url\":\"https:\\\/\\\/lykketegningtest.wp3.hcweb.dev\\\/\",\"logo\":{\"@type\":\"ImageObject\",\"inLanguage\":\"sv-SE\",\"@id\":\"https:\\\/\\\/lykketegningtest.wp3.hcweb.dev\\\/#\\\/schema\\\/logo\\\/image\\\/\",\"url\":\"https:\\\/\\\/lykketegningtest.wp3.hcweb.dev\\\/wp-content\\\/uploads\\\/2020\\\/03\\\/Logo2020_h400px.jpg\",\"contentUrl\":\"https:\\\/\\\/lykketegningtest.wp3.hcweb.dev\\\/wp-content\\\/uploads\\\/2020\\\/03\\\/Logo2020_h400px.jpg\",\"width\":1024,\"height\":400,\"caption\":\"LYKKETEGNING ILLUSTRAT\u00d8R\"},\"image\":{\"@id\":\"https:\\\/\\\/lykketegningtest.wp3.hcweb.dev\\\/#\\\/schema\\\/logo\\\/image\\\/\"},\"sameAs\":[\"https:\\\/\\\/www.facebook.com\\\/lykketegning\\\/\",\"https:\\\/\\\/www.instagram.com\\\/lykketegning\\\/\",\"https:\\\/\\\/www.youtube.com\\\/@lykketegningillustrations\",\"https:\\\/\\\/www.tiktok.com\\\/@lykketegningillustration\"]}]}<\/script>\n<!-- \/ Yoast SEO plugin. -->","yoast_head_json":{"title":"Teckning \"Det enda som \u00e4r b\u00e4ttre ...\" - LYCKLIG RITNING ILLUSTRAT\u00d6R","description":"Det enda som \u00e4r b\u00e4ttre \u00e4n att ha dig som mamma \u00e4r att v\u00e5ra barn f\u00e5r ha dig som mormor! Turdragning f\u00f6r mamma och mormor.","robots":{"index":"noindex","follow":"follow","max-snippet":"max-snippet:-1","max-image-preview":"max-image-preview:large","max-video-preview":"max-video-preview:-1"},"og_locale":"sv_SE","og_type":"article","og_title":"Tegning \"Det eneste som er bedre..\" - LYKKETEGNING ILLUSTRAT\u00d8R","og_description":"Det eneste som er bedre enn \u00e5 ha deg som mamma er at v\u00e5re barn f\u00e5r ha deg som bestemor! Lykketegning til mamma og bestemor.","og_url":"https:\/\/lykketegningtest.wp3.hcweb.dev\/sv\/product-2\/zeichnen-das-einzige-was-besser-ist\/","og_site_name":"LYKKETEGNING ILLUSTRAT\u00d8R","article_publisher":"https:\/\/www.facebook.com\/lykketegning\/","article_modified_time":"2026-02-02T08:53:32+00:00","og_image":[{"width":1810,"height":2560,"url":"https:\/\/www.lykketegning.no\/wp-content\/uploads\/2022\/01\/IMG_7033-scaled.jpg","type":"image\/jpeg"}],"twitter_card":"summary_large_image","twitter_misc":{"Ber\u00e4knad l\u00e4stid":"1 minut"},"schema":{"@context":"https:\/\/schema.org","@graph":[{"@type":"WebPage","@id":"https:\/\/lykketegningtest.wp3.hcweb.dev\/de\/product-2\/zeichnen-das-einzige-was-besser-ist\/","url":"https:\/\/lykketegningtest.wp3.hcweb.dev\/de\/product-2\/zeichnen-das-einzige-was-besser-ist\/","name":"Teckning \"Det enda som \u00e4r b\u00e4ttre ...\" - LYCKLIG RITNING ILLUSTRAT\u00d6R","isPartOf":{"@id":"https:\/\/lykketegningtest.wp3.hcweb.dev\/#website"},"primaryImageOfPage":{"@id":"https:\/\/lykketegningtest.wp3.hcweb.dev\/de\/product-2\/zeichnen-das-einzige-was-besser-ist\/#primaryimage"},"image":{"@id":"https:\/\/lykketegningtest.wp3.hcweb.dev\/de\/product-2\/zeichnen-das-einzige-was-besser-ist\/#primaryimage"},"thumbnailUrl":"https:\/\/lykketegningtest.wp3.hcweb.dev\/wp-content\/uploads\/2022\/01\/IMG_7033-scaled.jpg","datePublished":"2022-01-04T09:08:29+00:00","dateModified":"2026-02-02T08:53:32+00:00","description":"Det enda som \u00e4r b\u00e4ttre \u00e4n att ha dig som mamma \u00e4r att v\u00e5ra barn f\u00e5r ha dig som mormor! Turdragning f\u00f6r mamma och mormor.","breadcrumb":{"@id":"https:\/\/lykketegningtest.wp3.hcweb.dev\/de\/product-2\/zeichnen-das-einzige-was-besser-ist\/#breadcrumb"},"inLanguage":"sv-SE","potentialAction":[{"@type":"ReadAction","target":["https:\/\/lykketegningtest.wp3.hcweb.dev\/de\/product-2\/zeichnen-das-einzige-was-besser-ist\/"]}]},{"@type":"ImageObject","inLanguage":"sv-SE","@id":"https:\/\/lykketegningtest.wp3.hcweb.dev\/de\/product-2\/zeichnen-das-einzige-was-besser-ist\/#primaryimage","url":"https:\/\/lykketegningtest.wp3.hcweb.dev\/wp-content\/uploads\/2022\/01\/IMG_7033-scaled.jpg","contentUrl":"https:\/\/lykketegningtest.wp3.hcweb.dev\/wp-content\/uploads\/2022\/01\/IMG_7033-scaled.jpg","width":1810,"height":2560},{"@type":"BreadcrumbList","@id":"https:\/\/lykketegningtest.wp3.hcweb.dev\/de\/product-2\/zeichnen-das-einzige-was-besser-ist\/#breadcrumb","itemListElement":[{"@type":"ListItem","position":1,"name":"Hjem","item":"https:\/\/lykketegningtest.wp3.hcweb.dev\/"},{"@type":"ListItem","position":2,"name":"Shop","item":"https:\/\/lykketegningtest.wp3.hcweb.dev\/sv\/webbutik\/"},{"@type":"ListItem","position":3,"name":"Tegning &#8220;Det eneste som er bedre..&#8221;"}]},{"@type":"WebSite","@id":"https:\/\/lykketegningtest.wp3.hcweb.dev\/#website","url":"https:\/\/lykketegningtest.wp3.hcweb.dev\/","name":"LYCKLIG RITNING ILLUSTRAT\u00d6R","description":"","publisher":{"@id":"https:\/\/lykketegningtest.wp3.hcweb.dev\/#organization"},"potentialAction":[{"@type":"SearchAction","target":{"@type":"EntryPoint","urlTemplate":"https:\/\/lykketegningtest.wp3.hcweb.dev\/?s={search_term_string}"},"query-input":{"@type":"PropertyValueSpecification","valueRequired":true,"valueName":"search_term_string"}}],"inLanguage":"sv-SE"},{"@type":"Organization","@id":"https:\/\/lykketegningtest.wp3.hcweb.dev\/#organization","name":"LYCKLIG RITNING ILLUSTRAT\u00d6R","url":"https:\/\/lykketegningtest.wp3.hcweb.dev\/","logo":{"@type":"ImageObject","inLanguage":"sv-SE","@id":"https:\/\/lykketegningtest.wp3.hcweb.dev\/#\/schema\/logo\/image\/","url":"https:\/\/lykketegningtest.wp3.hcweb.dev\/wp-content\/uploads\/2020\/03\/Logo2020_h400px.jpg","contentUrl":"https:\/\/lykketegningtest.wp3.hcweb.dev\/wp-content\/uploads\/2020\/03\/Logo2020_h400px.jpg","width":1024,"height":400,"caption":"LYKKETEGNING ILLUSTRAT\u00d8R"},"image":{"@id":"https:\/\/lykketegningtest.wp3.hcweb.dev\/#\/schema\/logo\/image\/"},"sameAs":["https:\/\/www.facebook.com\/lykketegning\/","https:\/\/www.instagram.com\/lykketegning\/","https:\/\/www.youtube.com\/@lykketegningillustrations","https:\/\/www.tiktok.com\/@lykketegningillustration"]}]}},"_links":{"self":[{"href":"https:\/\/lykketegningtest.wp3.hcweb.dev\/sv\/wp-json\/wp\/v2\/product\/36930","targetHints":{"allow":["GET"]}}],"collection":[{"href":"https:\/\/lykketegningtest.wp3.hcweb.dev\/sv\/wp-json\/wp\/v2\/product"}],"about":[{"href":"https:\/\/lykketegningtest.wp3.hcweb.dev\/sv\/wp-json\/wp\/v2\/types\/product"}],"replies":[{"embeddable":true,"href":"https:\/\/lykketegningtest.wp3.hcweb.dev\/sv\/wp-json\/wp\/v2\/comments?post=36930"}],"wp:featuredmedia":[{"embeddable":true,"href":"https:\/\/lykketegningtest.wp3.hcweb.dev\/sv\/wp-json\/wp\/v2\/media\/41903"}],"wp:attachment":[{"href":"https:\/\/lykketegningtest.wp3.hcweb.dev\/sv\/wp-json\/wp\/v2\/media?parent=36930"}],"wp:term":[{"taxonomy":"product_brand","embeddable":true,"href":"https:\/\/lykketegningtest.wp3.hcweb.dev\/sv\/wp-json\/wp\/v2\/product_brand?post=36930"},{"taxonomy":"product_cat","embeddable":true,"href":"https:\/\/lykketegningtest.wp3.hcweb.dev\/sv\/wp-json\/wp\/v2\/product_cat?post=36930"},{"taxonomy":"product_tag","embeddable":true,"href":"https:\/\/lykketegningtest.wp3.hcweb.dev\/sv\/wp-json\/wp\/v2\/product_tag?post=36930"}],"curies":[{"name":"wp","href":"https:\/\/api.w.org\/{rel}","templated":true}]}}