{"id":37129,"date":"2023-09-06T13:01:40","date_gmt":"2023-09-06T11:01:40","guid":{"rendered":"https:\/\/www-lykketegning.wp3.hcweb.dev\/fornyelse\/?post_type=product&#038;p=37129"},"modified":"2026-02-11T13:17:38","modified_gmt":"2026-02-11T12:17:38","slug":"nyhet-vinglass-fra-lykketegning-lytt-til-ditt-hjertes-vingeslag","status":"publish","type":"product","link":"https:\/\/lykketegningtest.wp3.hcweb.dev\/sv\/produkt\/nyhet-vinglass-fra-lykketegning-lytt-til-ditt-hjertes-vingeslag\/","title":{"rendered":"Vinglas fr\u00e5n Happiness-teckningen \"Lyssna till ditt hj\u00e4rtas slag\""},"content":{"rendered":"<p>Vinglas med vacker design och gravyr. \"Lyssna till ditt hj\u00e4rtas slag\".<br \/>\nGlasen \u00e4r utformade s\u00e5 att du kan njuta av b\u00e5de r\u00f6tt och vitt, men de passar ocks\u00e5 utm\u00e4rkt f\u00f6r att servera en f\u00e4rsk juice<\/p>\n<p>En perfekt present att ge till en v\u00e4n eller till brudparet.<\/p>\n<p>Levereras i en s\u00f6t l\u00e5da med en illustration fr\u00e5n Luck Drawing.<\/p>\n<p>Kolla \u00e4ven in de andra 5 vinglasen fr\u00e5n Lykketegning<\/p>\n<p>Med tydliga linjer och bra citat vill Lucky Drawing f\u00e5 dig att stanna upp och t\u00e4nka efter,<br \/>\nAndas djupt och s\u00e4tt sedan en bra kurs fram\u00e5t.<br \/>\nKan reng\u00f6ras i diskmaskin.<br \/>\nD9,5 H22,5 cm 625 ml, glas, klar. 1 st i presentf\u00f6rpackning<\/p>","protected":false},"excerpt":{"rendered":"<p>Vinglas med vacker design och gravyr. \"Lyssna till ditt hj\u00e4rtas slag\".<br \/>\nGlasen \u00e4r utformade s\u00e5 att du kan njuta av b\u00e5de r\u00f6tt och vitt, men de passar ocks\u00e5 utm\u00e4rkt f\u00f6r att servera en f\u00e4rsk juice<\/p>\n<p>En perfekt present att ge till en v\u00e4n eller till brudparet.<\/p>\n<p>Levereras i en s\u00f6t l\u00e5da med en illustration fr\u00e5n Luck Drawing.<\/p>\n<p>Kolla \u00e4ven in de andra 5 vinglasen fr\u00e5n Lykketegning<\/p>\n<p>Med tydliga linjer och bra citat vill Lucky Drawing f\u00e5 dig att stanna upp och t\u00e4nka efter,<br \/>\nAndas djupt och s\u00e4tt sedan en bra kurs fram\u00e5t.<br \/>\nKan reng\u00f6ras i diskmaskin.<br \/>\nD9,5 H22,5 cm 625 ml, glas, klar. 1 st i presentf\u00f6rpackning<\/p>","protected":false},"featured_media":39888,"comment_status":"open","ping_status":"closed","template":"","meta":[],"product_brand":[],"product_cat":[197],"product_tag":[248,198],"class_list":{"0":"post-37129","1":"product","2":"type-product","3":"status-publish","4":"has-post-thumbnail","6":"product_cat-graverte-vinglass-champagneglass","7":"product_tag-glass","8":"product_tag-vinglass","10":"first","11":"outofstock","12":"taxable","13":"shipping-taxable","14":"purchasable","15":"product-type-simple"},"yoast_head":"<!-- This site is optimized with the Yoast SEO plugin v27.5 - https:\/\/yoast.com\/product\/yoast-seo-wordpress\/ -->\n<title>Vinglass fra Lykketegning &quot;Lytt til ditt hjertes vingeslag&quot; - LYKKETEGNING ILLUSTRAT\u00d8R<\/title>\n<meta name=\"robots\" content=\"noindex, follow, max-snippet:-1, max-image-preview:large, max-video-preview:-1\" \/>\n<meta property=\"og:locale\" content=\"sv_SE\" \/>\n<meta property=\"og:type\" content=\"article\" \/>\n<meta property=\"og:title\" content=\"Vinglass fra Lykketegning &quot;Lytt til ditt hjertes vingeslag&quot; - LYKKETEGNING ILLUSTRAT\u00d8R\" \/>\n<meta property=\"og:description\" content=\"Vinglass med lekker utforming og gravering. &quot;Lytt til ditt hjertes vingeslag&quot;. Glassene er utformet slik at en b\u00e5de kan nyte r\u00f8dt og hvitt, men ogs\u00e5 lekre \u00e5 servere en frisk juice  En perfekt gave \u00e5 gi til venninne eller brudepar.  Kommer i s\u00f8t eske med illustrasjon fra Lykketegning.  Sjekk ogs\u00e5 de andre 5 vinglassene fra Lykketegning  Med klare linjer og gode sitater \u00f8nsker Lykketegning \u00e5 f\u00e5 deg til \u00e5 stoppe litt opp, trekke pusten godt og deretter sette en god kurs videre. Kan rengj\u00f8res i oppvaskmaskin. D9,5 H22,5 cm 625 ml, Glass, Klar. 1 pk i gavekartong\" \/>\n<meta property=\"og:url\" content=\"https:\/\/lykketegningtest.wp3.hcweb.dev\/sv\/product-2\/neuheit-weinglaser-aus-gluck-zeichnung-horen-sie-den-schlag-des-herzens\/\" \/>\n<meta property=\"og:site_name\" content=\"LYKKETEGNING ILLUSTRAT\u00d8R\" \/>\n<meta property=\"article:publisher\" content=\"https:\/\/www.facebook.com\/lykketegning\/\" \/>\n<meta property=\"article:modified_time\" content=\"2026-02-11T12:17:38+00:00\" \/>\n<meta property=\"og:image\" content=\"https:\/\/www.lykketegning.no\/wp-content\/uploads\/2025\/01\/92A9656-6-1.jpg\" \/>\n\t<meta property=\"og:image:width\" content=\"1080\" \/>\n\t<meta property=\"og:image:height\" content=\"1080\" \/>\n\t<meta property=\"og:image:type\" content=\"image\/jpeg\" \/>\n<meta name=\"twitter:card\" content=\"summary_large_image\" \/>\n<meta name=\"twitter:label1\" content=\"Ber\u00e4knad l\u00e4stid\" \/>\n\t<meta name=\"twitter:data1\" content=\"1 minut\" \/>\n<script type=\"application\/ld+json\" class=\"yoast-schema-graph\">{\"@context\":\"https:\\\/\\\/schema.org\",\"@graph\":[{\"@type\":\"WebPage\",\"@id\":\"https:\\\/\\\/lykketegningtest.wp3.hcweb.dev\\\/de\\\/product-2\\\/neuheit-weinglaser-aus-gluck-zeichnung-horen-sie-den-schlag-des-herzens\\\/\",\"url\":\"https:\\\/\\\/lykketegningtest.wp3.hcweb.dev\\\/de\\\/product-2\\\/neuheit-weinglaser-aus-gluck-zeichnung-horen-sie-den-schlag-des-herzens\\\/\",\"name\":\"Vinglass fra Lykketegning \\\"Lytt til ditt hjertes vingeslag\\\" - LYKKETEGNING ILLUSTRAT\u00d8R\",\"isPartOf\":{\"@id\":\"https:\\\/\\\/lykketegningtest.wp3.hcweb.dev\\\/#website\"},\"primaryImageOfPage\":{\"@id\":\"https:\\\/\\\/lykketegningtest.wp3.hcweb.dev\\\/de\\\/product-2\\\/neuheit-weinglaser-aus-gluck-zeichnung-horen-sie-den-schlag-des-herzens\\\/#primaryimage\"},\"image\":{\"@id\":\"https:\\\/\\\/lykketegningtest.wp3.hcweb.dev\\\/de\\\/product-2\\\/neuheit-weinglaser-aus-gluck-zeichnung-horen-sie-den-schlag-des-herzens\\\/#primaryimage\"},\"thumbnailUrl\":\"https:\\\/\\\/lykketegningtest.wp3.hcweb.dev\\\/wp-content\\\/uploads\\\/2025\\\/01\\\/92A9656-6-1.jpg\",\"datePublished\":\"2023-09-06T11:01:40+00:00\",\"dateModified\":\"2026-02-11T12:17:38+00:00\",\"breadcrumb\":{\"@id\":\"https:\\\/\\\/lykketegningtest.wp3.hcweb.dev\\\/de\\\/product-2\\\/neuheit-weinglaser-aus-gluck-zeichnung-horen-sie-den-schlag-des-herzens\\\/#breadcrumb\"},\"inLanguage\":\"sv-SE\",\"potentialAction\":[{\"@type\":\"ReadAction\",\"target\":[\"https:\\\/\\\/lykketegningtest.wp3.hcweb.dev\\\/de\\\/product-2\\\/neuheit-weinglaser-aus-gluck-zeichnung-horen-sie-den-schlag-des-herzens\\\/\"]}]},{\"@type\":\"ImageObject\",\"inLanguage\":\"sv-SE\",\"@id\":\"https:\\\/\\\/lykketegningtest.wp3.hcweb.dev\\\/de\\\/product-2\\\/neuheit-weinglaser-aus-gluck-zeichnung-horen-sie-den-schlag-des-herzens\\\/#primaryimage\",\"url\":\"https:\\\/\\\/lykketegningtest.wp3.hcweb.dev\\\/wp-content\\\/uploads\\\/2025\\\/01\\\/92A9656-6-1.jpg\",\"contentUrl\":\"https:\\\/\\\/lykketegningtest.wp3.hcweb.dev\\\/wp-content\\\/uploads\\\/2025\\\/01\\\/92A9656-6-1.jpg\",\"width\":1080,\"height\":1080},{\"@type\":\"BreadcrumbList\",\"@id\":\"https:\\\/\\\/lykketegningtest.wp3.hcweb.dev\\\/de\\\/product-2\\\/neuheit-weinglaser-aus-gluck-zeichnung-horen-sie-den-schlag-des-herzens\\\/#breadcrumb\",\"itemListElement\":[{\"@type\":\"ListItem\",\"position\":1,\"name\":\"Hjem\",\"item\":\"https:\\\/\\\/lykketegningtest.wp3.hcweb.dev\\\/\"},{\"@type\":\"ListItem\",\"position\":2,\"name\":\"Shop\",\"item\":\"https:\\\/\\\/lykketegningtest.wp3.hcweb.dev\\\/sv\\\/webbutik\\\/\"},{\"@type\":\"ListItem\",\"position\":3,\"name\":\"Vinglass fra Lykketegning &#8220;Lytt til ditt hjertes vingeslag&#8221;\"}]},{\"@type\":\"WebSite\",\"@id\":\"https:\\\/\\\/lykketegningtest.wp3.hcweb.dev\\\/#website\",\"url\":\"https:\\\/\\\/lykketegningtest.wp3.hcweb.dev\\\/\",\"name\":\"LYKKETEGNING ILLUSTRAT\u00d8R\",\"description\":\"\",\"publisher\":{\"@id\":\"https:\\\/\\\/lykketegningtest.wp3.hcweb.dev\\\/#organization\"},\"potentialAction\":[{\"@type\":\"SearchAction\",\"target\":{\"@type\":\"EntryPoint\",\"urlTemplate\":\"https:\\\/\\\/lykketegningtest.wp3.hcweb.dev\\\/?s={search_term_string}\"},\"query-input\":{\"@type\":\"PropertyValueSpecification\",\"valueRequired\":true,\"valueName\":\"search_term_string\"}}],\"inLanguage\":\"sv-SE\"},{\"@type\":\"Organization\",\"@id\":\"https:\\\/\\\/lykketegningtest.wp3.hcweb.dev\\\/#organization\",\"name\":\"LYKKETEGNING ILLUSTRAT\u00d8R\",\"url\":\"https:\\\/\\\/lykketegningtest.wp3.hcweb.dev\\\/\",\"logo\":{\"@type\":\"ImageObject\",\"inLanguage\":\"sv-SE\",\"@id\":\"https:\\\/\\\/lykketegningtest.wp3.hcweb.dev\\\/#\\\/schema\\\/logo\\\/image\\\/\",\"url\":\"https:\\\/\\\/lykketegningtest.wp3.hcweb.dev\\\/wp-content\\\/uploads\\\/2020\\\/03\\\/Logo2020_h400px.jpg\",\"contentUrl\":\"https:\\\/\\\/lykketegningtest.wp3.hcweb.dev\\\/wp-content\\\/uploads\\\/2020\\\/03\\\/Logo2020_h400px.jpg\",\"width\":1024,\"height\":400,\"caption\":\"LYKKETEGNING ILLUSTRAT\u00d8R\"},\"image\":{\"@id\":\"https:\\\/\\\/lykketegningtest.wp3.hcweb.dev\\\/#\\\/schema\\\/logo\\\/image\\\/\"},\"sameAs\":[\"https:\\\/\\\/www.facebook.com\\\/lykketegning\\\/\",\"https:\\\/\\\/www.instagram.com\\\/lykketegning\\\/\",\"https:\\\/\\\/www.youtube.com\\\/@lykketegningillustrations\",\"https:\\\/\\\/www.tiktok.com\\\/@lykketegningillustration\"]}]}<\/script>\n<!-- \/ Yoast SEO plugin. -->","yoast_head_json":{"title":"Vinglas fr\u00e5n Lykketegning \"Lyssna till ditt hj\u00e4rtas slag\" - LYKKETEGNING ILLUSTRAT\u00d8R","robots":{"index":"noindex","follow":"follow","max-snippet":"max-snippet:-1","max-image-preview":"max-image-preview:large","max-video-preview":"max-video-preview:-1"},"og_locale":"sv_SE","og_type":"article","og_title":"Vinglass fra Lykketegning \"Lytt til ditt hjertes vingeslag\" - LYKKETEGNING ILLUSTRAT\u00d8R","og_description":"Vinglass med lekker utforming og gravering. \"Lytt til ditt hjertes vingeslag\". Glassene er utformet slik at en b\u00e5de kan nyte r\u00f8dt og hvitt, men ogs\u00e5 lekre \u00e5 servere en frisk juice  En perfekt gave \u00e5 gi til venninne eller brudepar.  Kommer i s\u00f8t eske med illustrasjon fra Lykketegning.  Sjekk ogs\u00e5 de andre 5 vinglassene fra Lykketegning  Med klare linjer og gode sitater \u00f8nsker Lykketegning \u00e5 f\u00e5 deg til \u00e5 stoppe litt opp, trekke pusten godt og deretter sette en god kurs videre. Kan rengj\u00f8res i oppvaskmaskin. D9,5 H22,5 cm 625 ml, Glass, Klar. 1 pk i gavekartong","og_url":"https:\/\/lykketegningtest.wp3.hcweb.dev\/sv\/product-2\/neuheit-weinglaser-aus-gluck-zeichnung-horen-sie-den-schlag-des-herzens\/","og_site_name":"LYKKETEGNING ILLUSTRAT\u00d8R","article_publisher":"https:\/\/www.facebook.com\/lykketegning\/","article_modified_time":"2026-02-11T12:17:38+00:00","og_image":[{"width":1080,"height":1080,"url":"https:\/\/www.lykketegning.no\/wp-content\/uploads\/2025\/01\/92A9656-6-1.jpg","type":"image\/jpeg"}],"twitter_card":"summary_large_image","twitter_misc":{"Ber\u00e4knad l\u00e4stid":"1 minut"},"schema":{"@context":"https:\/\/schema.org","@graph":[{"@type":"WebPage","@id":"https:\/\/lykketegningtest.wp3.hcweb.dev\/de\/product-2\/neuheit-weinglaser-aus-gluck-zeichnung-horen-sie-den-schlag-des-herzens\/","url":"https:\/\/lykketegningtest.wp3.hcweb.dev\/de\/product-2\/neuheit-weinglaser-aus-gluck-zeichnung-horen-sie-den-schlag-des-herzens\/","name":"Vinglas fr\u00e5n Lykketegning \"Lyssna till ditt hj\u00e4rtas slag\" - LYKKETEGNING ILLUSTRAT\u00d8R","isPartOf":{"@id":"https:\/\/lykketegningtest.wp3.hcweb.dev\/#website"},"primaryImageOfPage":{"@id":"https:\/\/lykketegningtest.wp3.hcweb.dev\/de\/product-2\/neuheit-weinglaser-aus-gluck-zeichnung-horen-sie-den-schlag-des-herzens\/#primaryimage"},"image":{"@id":"https:\/\/lykketegningtest.wp3.hcweb.dev\/de\/product-2\/neuheit-weinglaser-aus-gluck-zeichnung-horen-sie-den-schlag-des-herzens\/#primaryimage"},"thumbnailUrl":"https:\/\/lykketegningtest.wp3.hcweb.dev\/wp-content\/uploads\/2025\/01\/92A9656-6-1.jpg","datePublished":"2023-09-06T11:01:40+00:00","dateModified":"2026-02-11T12:17:38+00:00","breadcrumb":{"@id":"https:\/\/lykketegningtest.wp3.hcweb.dev\/de\/product-2\/neuheit-weinglaser-aus-gluck-zeichnung-horen-sie-den-schlag-des-herzens\/#breadcrumb"},"inLanguage":"sv-SE","potentialAction":[{"@type":"ReadAction","target":["https:\/\/lykketegningtest.wp3.hcweb.dev\/de\/product-2\/neuheit-weinglaser-aus-gluck-zeichnung-horen-sie-den-schlag-des-herzens\/"]}]},{"@type":"ImageObject","inLanguage":"sv-SE","@id":"https:\/\/lykketegningtest.wp3.hcweb.dev\/de\/product-2\/neuheit-weinglaser-aus-gluck-zeichnung-horen-sie-den-schlag-des-herzens\/#primaryimage","url":"https:\/\/lykketegningtest.wp3.hcweb.dev\/wp-content\/uploads\/2025\/01\/92A9656-6-1.jpg","contentUrl":"https:\/\/lykketegningtest.wp3.hcweb.dev\/wp-content\/uploads\/2025\/01\/92A9656-6-1.jpg","width":1080,"height":1080},{"@type":"BreadcrumbList","@id":"https:\/\/lykketegningtest.wp3.hcweb.dev\/de\/product-2\/neuheit-weinglaser-aus-gluck-zeichnung-horen-sie-den-schlag-des-herzens\/#breadcrumb","itemListElement":[{"@type":"ListItem","position":1,"name":"Hjem","item":"https:\/\/lykketegningtest.wp3.hcweb.dev\/"},{"@type":"ListItem","position":2,"name":"Shop","item":"https:\/\/lykketegningtest.wp3.hcweb.dev\/sv\/webbutik\/"},{"@type":"ListItem","position":3,"name":"Vinglass fra Lykketegning &#8220;Lytt til ditt hjertes vingeslag&#8221;"}]},{"@type":"WebSite","@id":"https:\/\/lykketegningtest.wp3.hcweb.dev\/#website","url":"https:\/\/lykketegningtest.wp3.hcweb.dev\/","name":"LYCKLIG RITNING ILLUSTRAT\u00d6R","description":"","publisher":{"@id":"https:\/\/lykketegningtest.wp3.hcweb.dev\/#organization"},"potentialAction":[{"@type":"SearchAction","target":{"@type":"EntryPoint","urlTemplate":"https:\/\/lykketegningtest.wp3.hcweb.dev\/?s={search_term_string}"},"query-input":{"@type":"PropertyValueSpecification","valueRequired":true,"valueName":"search_term_string"}}],"inLanguage":"sv-SE"},{"@type":"Organization","@id":"https:\/\/lykketegningtest.wp3.hcweb.dev\/#organization","name":"LYCKLIG RITNING ILLUSTRAT\u00d6R","url":"https:\/\/lykketegningtest.wp3.hcweb.dev\/","logo":{"@type":"ImageObject","inLanguage":"sv-SE","@id":"https:\/\/lykketegningtest.wp3.hcweb.dev\/#\/schema\/logo\/image\/","url":"https:\/\/lykketegningtest.wp3.hcweb.dev\/wp-content\/uploads\/2020\/03\/Logo2020_h400px.jpg","contentUrl":"https:\/\/lykketegningtest.wp3.hcweb.dev\/wp-content\/uploads\/2020\/03\/Logo2020_h400px.jpg","width":1024,"height":400,"caption":"LYKKETEGNING ILLUSTRAT\u00d8R"},"image":{"@id":"https:\/\/lykketegningtest.wp3.hcweb.dev\/#\/schema\/logo\/image\/"},"sameAs":["https:\/\/www.facebook.com\/lykketegning\/","https:\/\/www.instagram.com\/lykketegning\/","https:\/\/www.youtube.com\/@lykketegningillustrations","https:\/\/www.tiktok.com\/@lykketegningillustration"]}]}},"_links":{"self":[{"href":"https:\/\/lykketegningtest.wp3.hcweb.dev\/sv\/wp-json\/wp\/v2\/product\/37129","targetHints":{"allow":["GET"]}}],"collection":[{"href":"https:\/\/lykketegningtest.wp3.hcweb.dev\/sv\/wp-json\/wp\/v2\/product"}],"about":[{"href":"https:\/\/lykketegningtest.wp3.hcweb.dev\/sv\/wp-json\/wp\/v2\/types\/product"}],"replies":[{"embeddable":true,"href":"https:\/\/lykketegningtest.wp3.hcweb.dev\/sv\/wp-json\/wp\/v2\/comments?post=37129"}],"wp:featuredmedia":[{"embeddable":true,"href":"https:\/\/lykketegningtest.wp3.hcweb.dev\/sv\/wp-json\/wp\/v2\/media\/39888"}],"wp:attachment":[{"href":"https:\/\/lykketegningtest.wp3.hcweb.dev\/sv\/wp-json\/wp\/v2\/media?parent=37129"}],"wp:term":[{"taxonomy":"product_brand","embeddable":true,"href":"https:\/\/lykketegningtest.wp3.hcweb.dev\/sv\/wp-json\/wp\/v2\/product_brand?post=37129"},{"taxonomy":"product_cat","embeddable":true,"href":"https:\/\/lykketegningtest.wp3.hcweb.dev\/sv\/wp-json\/wp\/v2\/product_cat?post=37129"},{"taxonomy":"product_tag","embeddable":true,"href":"https:\/\/lykketegningtest.wp3.hcweb.dev\/sv\/wp-json\/wp\/v2\/product_tag?post=37129"}],"curies":[{"name":"wp","href":"https:\/\/api.w.org\/{rel}","templated":true}]}}