{"id":37223,"date":"2022-03-31T13:42:42","date_gmt":"2022-03-31T11:42:42","guid":{"rendered":"https:\/\/www-lykketegning.wp3.hcweb.dev\/fornyelse\/?post_type=product&#038;p=37223"},"modified":"2025-04-28T10:35:01","modified_gmt":"2025-04-28T08:35:01","slug":"njut","status":"publish","type":"product","link":"https:\/\/lykketegningtest.wp3.hcweb.dev\/sv\/produkt\/njut\/","title":{"rendered":"\"Enjoy\" Lyckokopp"},"content":{"rendered":"<p>\"Njut!<\/p>\n<p>Det handlar om att njuta av \u00f6gonblicket\"<\/p>\n<p>Helt ny mugg till n\u00e5gon du \u00e4lskar! S\u00f6ta ord som v\u00e4rmer, tillsammans med lite kaffe, kakao eller te, m\u00e5ste v\u00e4l g\u00f6ra dagen lite b\u00e4ttre?<\/p>\n<p>Mugg denim D8 H9,5 40 cl Material: Keramik<\/p>\n<p>T\u00e5l maskindisk<\/p>\n<p>Lykketegning skapades p\u00e5 grund av en liten teckning som illustrat\u00f6ren IRS gjorde p\u00e5 en workshop i Oslo. Efter att ha lagt ut teckningen p\u00e5 Instragram blev hon kontaktad av flera personer och fick till och med n\u00e5gra best\u00e4llningar, vilket ledde till att hon skapade en Facebook-grupp som heter Lykketegning. Efter en massiv respons p\u00e5 sina illustrationer tog hon tj\u00e4nstledigt fr\u00e5n sin tj\u00e4nst som kurator p\u00e5 Sarpsborgs kommun f\u00f6r att forts\u00e4tta g\u00f6ra illustrationer p\u00e5 heltid. Julen 2015 blev hon inbjuden att medverka i TV-programmet God Morgen Norge. Sedan dess har hon f\u00f6rs\u00f6rjt sig p\u00e5 att sprida gl\u00e4dje i hela landet med sina illustrationer. Hon har ocks\u00e5 blivit ett Facebook-fenomen, och hennes illustrationer har delats med miljontals m\u00e4nniskor i och utanf\u00f6r landet. Sarpsborgsbon har nu tecknat p\u00e5 heltid i ett par \u00e5r, och hennes Lykke-koppar s\u00e4ljs i \u00f6ver 250 butiker \u00f6ver hela landet.<\/p>\n<p>Varje illustration \u00e4r skapad med ett gott hj\u00e4rta och omsorg h\u00e4r p\u00e5 Lykketegning. Med hj\u00e4lp av livfulla f\u00e4rger, rena linjer och fantastiska citat \u00e4r det Lykketegnings \u00f6nskan att f\u00e5 dig att stanna upp ett \u00f6gonblick, ta ett djupt andetag och sedan v\u00e4lja en ny v\u00e4g. Hj\u00e4rtan och leenden \u00e4r fr\u00e5n mig till dig f\u00f6r att p\u00e5minna dig om att du \u00e4r fantastisk!<\/p>\n<p>Genom att anv\u00e4nda enkla, rena linjer f\u00e5r hon fram en v\u00e4rme och ett djup i sina illustrationer, och hon g\u00f6r det bra. Den feedback hon f\u00e5r s\u00e4ger henne att hennes illustrationer verkligen g\u00e5r hem hos kunderna. Illustrationerna har en mening och hj\u00e4lper m\u00e4nniskor genom sv\u00e5ra tider. \u00c4ven om linjen \u00e4r enkel och f\u00e4rgerna starka n\u00e5r hon ut till den vuxna publiken, som \u00e4r den hon v\u00e4nder sig till. Jag \u00e4r v\u00e4ldigt f\u00f6rtjust i alla mina illustrationer. De har en mening f\u00f6r mig och reflekterar \u00f6ver vad som \u00e4r viktigt i mitt liv. Min inspiration kommer fr\u00e5n de m\u00e4nniskor jag m\u00f6ter, naturen och vardagen. Det \u00e4r viktigt f\u00f6r mig att andra m\u00e4nniskor vet sitt v\u00e4rde och att de \u00e4r unika p\u00e5 sitt eget s\u00e4tt. M\u00e5nga vill ha dessa p\u00e5minnelser i sitt hem och uppskattar att jag ocks\u00e5 kan illustrera deras tankar och \u00f6nskem\u00e5l. Jag har alltid varit en visuell person och \u00e4lskade tidigare att fotografera. Nu f\u00f6rs\u00f6ker jag f\u00e5 ner motiven i mitt huvud p\u00e5 papper genom att teckna. Jag \u00e4lskar att g\u00f6ra det h\u00e4r och ser fram emot varje ny dag p\u00e5 jobbet! \u00a8<\/p>\n<p>&nbsp;<\/p>","protected":false},"excerpt":{"rendered":"<p>\"Njut!<\/p>\n<p>Det handlar om att njuta av \u00f6gonblicket\"<\/p>\n<p>Helt ny mugg till n\u00e5gon du \u00e4lskar! S\u00f6ta ord som v\u00e4rmer, tillsammans med lite kaffe, kakao eller te, m\u00e5ste v\u00e4l g\u00f6ra dagen lite b\u00e4ttre?<\/p>\n<p>Mugg Denim D8 H9,5 40 cl Material: Keramik<\/p>\n<p>T\u00e5l maskindisk<\/p>\n<p>Lykketegning skapades p\u00e5 grund av en liten teckning som illustrat\u00f6ren IRS gjorde p\u00e5 en workshop i Oslo. Efter att ha lagt ut teckningen p\u00e5 Instragram blev hon kontaktad av flera personer och fick till och med n\u00e5gra best\u00e4llningar, vilket ledde till att hon skapade en Facebook-grupp som heter Lykketegning. Efter en massiv respons p\u00e5 sina illustrationer tog hon tj\u00e4nstledigt fr\u00e5n sin tj\u00e4nst som kurator p\u00e5 Sarpsborgs kommun f\u00f6r att forts\u00e4tta g\u00f6ra illustrationer p\u00e5 heltid. Julen 2015 blev hon inbjuden att medverka i TV-programmet God Morgen Norge. Sedan dess har hon f\u00f6rs\u00f6rjt sig p\u00e5 att sprida gl\u00e4dje i hela landet med sina illustrationer. Hon har ocks\u00e5 blivit ett Facebook-fenomen, och hennes illustrationer har delats med miljontals m\u00e4nniskor i och utanf\u00f6r landet. Sarpsborgsbon har nu tecknat p\u00e5 heltid i ett par \u00e5r, och hennes Lykke-koppar s\u00e4ljs i \u00f6ver 250 butiker \u00f6ver hela landet.<\/p>\n<p>Varje illustration \u00e4r skapad med ett gott hj\u00e4rta och omsorg h\u00e4r p\u00e5 Lykketegning. Med hj\u00e4lp av livfulla f\u00e4rger, rena linjer och fantastiska citat \u00e4r det Lykketegnings \u00f6nskan att f\u00e5 dig att stanna upp ett \u00f6gonblick, ta ett djupt andetag och sedan v\u00e4lja en ny v\u00e4g. Hj\u00e4rtan och leenden \u00e4r fr\u00e5n mig till dig f\u00f6r att p\u00e5minna dig om att du \u00e4r fantastisk!<\/p>\n<p>Genom att anv\u00e4nda enkla, rena linjer f\u00e5r hon fram en v\u00e4rme och ett djup i sina illustrationer, och hon g\u00f6r det bra. Den feedback hon f\u00e5r s\u00e4ger henne att hennes illustrationer verkligen g\u00e5r hem hos kunderna. Illustrationerna har en mening och hj\u00e4lper m\u00e4nniskor genom sv\u00e5ra tider. \u00c4ven om linjen \u00e4r enkel och f\u00e4rgerna starka n\u00e5r hon ut till den vuxna publiken, som \u00e4r den hon v\u00e4nder sig till. Jag \u00e4r v\u00e4ldigt f\u00f6rtjust i alla mina illustrationer. De har en mening f\u00f6r mig och reflekterar \u00f6ver vad som \u00e4r viktigt i mitt liv. Min inspiration kommer fr\u00e5n de m\u00e4nniskor jag m\u00f6ter, naturen och vardagen. Det \u00e4r viktigt f\u00f6r mig att andra m\u00e4nniskor vet sitt v\u00e4rde och att de \u00e4r unika p\u00e5 sitt eget s\u00e4tt. M\u00e5nga vill ha dessa p\u00e5minnelser i sitt hem och uppskattar att jag ocks\u00e5 kan illustrera deras tankar och \u00f6nskem\u00e5l. Jag har alltid varit en visuell person och \u00e4lskade tidigare att fotografera. Nu f\u00f6rs\u00f6ker jag f\u00e5 ner motiven i mitt huvud p\u00e5 papper genom att teckna. Jag \u00e4lskar att g\u00f6ra det h\u00e4r och ser fram emot varje ny dag p\u00e5 jobbet! \u00a8<\/p>\n<p>&nbsp;<\/p>","protected":false},"featured_media":37222,"comment_status":"open","ping_status":"closed","template":"","meta":[],"product_brand":[],"product_cat":[41],"product_tag":[12,13,43,285],"class_list":{"0":"post-37223","1":"product","2":"type-product","3":"status-publish","4":"has-post-thumbnail","6":"product_cat-lykkekopper","7":"product_tag-kopp","8":"product_tag-krus","9":"product_tag-lykkekopp","10":"product_tag-njut","12":"first","13":"instock","14":"taxable","15":"shipping-taxable","16":"purchasable","17":"product-type-simple"},"yoast_head":"<!-- This site is optimized with the Yoast SEO plugin v27.6 - https:\/\/yoast.com\/product\/yoast-seo-wordpress\/ -->\n<title>&quot;Njut&quot; Lykkekopp - LYKKETEGNING ILLUSTRAT\u00d8R<\/title>\n<meta name=\"robots\" content=\"noindex, follow, max-snippet:-1, max-image-preview:large, max-video-preview:-1\" \/>\n<meta property=\"og:locale\" content=\"sv_SE\" \/>\n<meta property=\"og:type\" content=\"article\" \/>\n<meta property=\"og:title\" content=\"&quot;Njut&quot; Lykkekopp - LYKKETEGNING ILLUSTRAT\u00d8R\" \/>\n<meta property=\"og:description\" content=\"&quot;Njut!  Det handler om att njuta \u00f6gonblicket\u00bb  Helt nytt krus til en du liker godt! S\u00f8te ord som varmer, sammen med litt kaffe, kakao eller te, m\u00e5 jo gj\u00f8re dagen litt bedre?  Krus Denim D8 H9,5 40 cl Materiale: Keramikk  Kan vaskes i oppvaskmaskin  Lykketegning skapades p\u00e5 grund av en liten teckning som gjordes p\u00e5 ett arbetsseminarium i Oslo av illustrat\u00f6ren IRS. Efter att ha publicerat teckningen p\u00e5 Instragram blev hon kontaktad av flera personer, och fick \u00e4ven n\u00e5gra best\u00e4llningar, vilket ledde til att hon skapade en Facebook -grupp som hon kallade Lykketegning. Efter massiv respons p\u00e5 sina illustrationer tog hon tj\u00e4nstledigt fr\u00e5n sin tj\u00e4nst som r\u00e5dgivare f\u00f6r Sarpsborgs kommun f\u00f6r att forts\u00e4tta att g\u00f6ra illustrationer p\u00e5 heltid. Hon blev inbjuden att vara med i tv -programmet God Morgen Norge i julen 2015. Sedan dess har hon f\u00f6rs\u00f6rjt sig genom att sprida lycka till hela landet med sina illustrationer. Hon har ocks\u00e5 blivit ett Facebook -fenomen, och hennes illustrationer har spridits till miljontals m\u00e4nniskor i och utanf\u00f6r landet. Den Sarpsborg-inf\u00f6dde har nu ritat p\u00e5 heltid i ett par \u00e5r, och hennes Lykke-koppar s\u00e4ljs i \u00f6ver 250 butiker i hela landet.  Varje illustration \u00e4r gjord med ett v\u00e4nligt hj\u00e4rta och omtanke h\u00e4r p\u00e5 Lykketegning. Genom att anv\u00e4nda levande f\u00e4rger, rena linjer och bra citat \u00e4r det Lykketegnings \u00f6nskan att f\u00e5 dig att stanna ett \u00f6gonblick, ta ett djupt andetag och sedan v\u00e4lja en ny v\u00e4g. Hj\u00e4rten och leenden \u00e4r fr\u00e5n mig till dig f\u00f6r att p\u00e5minna dig om att du \u00e4r fantastisk!  Genom att anv\u00e4nda enkla, rena linjer f\u00e5r hon fram en v\u00e4rme och djup i sina illustrationer, och hon g\u00f6r det bra. Den responsen hon f\u00e5r s\u00e4ger att hennes illustrationer verkligen tr\u00e4ffar kunderna. Illustrationerna har en mening och hj\u00e4lper m\u00e4nniskor genom sv\u00e5ra tider. \u00c4ven om linjen \u00e4r enkel och f\u00e4rgerna \u00e4r ljusa, n\u00e5r hon ut til den vuxna publiken, vilket er dom hon adresserar. Jag \u00e4r v\u00e4ldigt f\u00f6rtjust i alla mina illustrationer. De har en mening f\u00f6r mig och reflekterar \u00f6ver vad som \u00e4r viktigt i mitt liv. Inspirationen kommer fr\u00e5n de m\u00e4nniskor jag tr\u00e4ffar, naturen och vardagen. Det \u00e4r viktigt f\u00f6r mig att andra m\u00e4nniskor vet deras v\u00e4rde och att de \u00e4r unika p\u00e5 sina egna s\u00e4tt. M\u00e5nga m\u00e4nniskor vill ha dessa p\u00e5minnelser i sitt hem och uppskattar att jag ocks\u00e5 kan illustrera deras tankar och \u00f6nskem\u00e5l. Jag har alltid varit en visuell person och brukade \u00e4lska fotografering. Nu f\u00f6rs\u00f6ker jag f\u00e5 ner motiven i mitt huvud p\u00e5 papper genom att rita. Jag \u00e4lskar att g\u00f6ra detta och ser fram emot varje ny dag p\u00e5 jobbet! \u00a8  &nbsp;\" \/>\n<meta property=\"og:url\" content=\"https:\/\/lykketegningtest.wp3.hcweb.dev\/sv\/produkt\/njut\/\" \/>\n<meta property=\"og:site_name\" content=\"LYKKETEGNING ILLUSTRAT\u00d8R\" \/>\n<meta property=\"article:publisher\" content=\"https:\/\/www.facebook.com\/lykketegning\/\" \/>\n<meta property=\"article:modified_time\" content=\"2025-04-28T08:35:01+00:00\" \/>\n<meta property=\"og:image\" content=\"https:\/\/www.lykketegning.no\/wp-content\/uploads\/2024\/04\/IMG_3753-scaled-1.jpg\" \/>\n\t<meta property=\"og:image:width\" content=\"1920\" \/>\n\t<meta property=\"og:image:height\" content=\"2560\" \/>\n\t<meta property=\"og:image:type\" content=\"image\/jpeg\" \/>\n<meta name=\"twitter:card\" content=\"summary_large_image\" \/>\n<meta name=\"twitter:label1\" content=\"Ber\u00e4knad l\u00e4stid\" \/>\n\t<meta name=\"twitter:data1\" content=\"2 minuter\" \/>\n<script type=\"application\/ld+json\" class=\"yoast-schema-graph\">{\"@context\":\"https:\\\/\\\/schema.org\",\"@graph\":[{\"@type\":\"WebPage\",\"@id\":\"https:\\\/\\\/lykketegningtest.wp3.hcweb.dev\\\/produkt\\\/njut\\\/\",\"url\":\"https:\\\/\\\/lykketegningtest.wp3.hcweb.dev\\\/produkt\\\/njut\\\/\",\"name\":\"\\\"Njut\\\" Lykkekopp - LYKKETEGNING ILLUSTRAT\u00d8R\",\"isPartOf\":{\"@id\":\"https:\\\/\\\/lykketegningtest.wp3.hcweb.dev\\\/#website\"},\"primaryImageOfPage\":{\"@id\":\"https:\\\/\\\/lykketegningtest.wp3.hcweb.dev\\\/produkt\\\/njut\\\/#primaryimage\"},\"image\":{\"@id\":\"https:\\\/\\\/lykketegningtest.wp3.hcweb.dev\\\/produkt\\\/njut\\\/#primaryimage\"},\"thumbnailUrl\":\"https:\\\/\\\/lykketegningtest.wp3.hcweb.dev\\\/wp-content\\\/uploads\\\/2024\\\/04\\\/IMG_3753-scaled-1.jpg\",\"datePublished\":\"2022-03-31T11:42:42+00:00\",\"dateModified\":\"2025-04-28T08:35:01+00:00\",\"breadcrumb\":{\"@id\":\"https:\\\/\\\/lykketegningtest.wp3.hcweb.dev\\\/produkt\\\/njut\\\/#breadcrumb\"},\"inLanguage\":\"sv-SE\",\"potentialAction\":[{\"@type\":\"ReadAction\",\"target\":[\"https:\\\/\\\/lykketegningtest.wp3.hcweb.dev\\\/produkt\\\/njut\\\/\"]}]},{\"@type\":\"ImageObject\",\"inLanguage\":\"sv-SE\",\"@id\":\"https:\\\/\\\/lykketegningtest.wp3.hcweb.dev\\\/produkt\\\/njut\\\/#primaryimage\",\"url\":\"https:\\\/\\\/lykketegningtest.wp3.hcweb.dev\\\/wp-content\\\/uploads\\\/2024\\\/04\\\/IMG_3753-scaled-1.jpg\",\"contentUrl\":\"https:\\\/\\\/lykketegningtest.wp3.hcweb.dev\\\/wp-content\\\/uploads\\\/2024\\\/04\\\/IMG_3753-scaled-1.jpg\",\"width\":1920,\"height\":2560},{\"@type\":\"BreadcrumbList\",\"@id\":\"https:\\\/\\\/lykketegningtest.wp3.hcweb.dev\\\/produkt\\\/njut\\\/#breadcrumb\",\"itemListElement\":[{\"@type\":\"ListItem\",\"position\":1,\"name\":\"Hjem\",\"item\":\"https:\\\/\\\/lykketegningtest.wp3.hcweb.dev\\\/\"},{\"@type\":\"ListItem\",\"position\":2,\"name\":\"Shop\",\"item\":\"https:\\\/\\\/lykketegningtest.wp3.hcweb.dev\\\/sv\\\/webbutik\\\/\"},{\"@type\":\"ListItem\",\"position\":3,\"name\":\"&#8220;Njut&#8221; Lykkekopp\"}]},{\"@type\":\"WebSite\",\"@id\":\"https:\\\/\\\/lykketegningtest.wp3.hcweb.dev\\\/#website\",\"url\":\"https:\\\/\\\/lykketegningtest.wp3.hcweb.dev\\\/\",\"name\":\"LYKKETEGNING ILLUSTRAT\u00d8R\",\"description\":\"\",\"publisher\":{\"@id\":\"https:\\\/\\\/lykketegningtest.wp3.hcweb.dev\\\/#organization\"},\"potentialAction\":[{\"@type\":\"SearchAction\",\"target\":{\"@type\":\"EntryPoint\",\"urlTemplate\":\"https:\\\/\\\/lykketegningtest.wp3.hcweb.dev\\\/?s={search_term_string}\"},\"query-input\":{\"@type\":\"PropertyValueSpecification\",\"valueRequired\":true,\"valueName\":\"search_term_string\"}}],\"inLanguage\":\"sv-SE\"},{\"@type\":\"Organization\",\"@id\":\"https:\\\/\\\/lykketegningtest.wp3.hcweb.dev\\\/#organization\",\"name\":\"LYKKETEGNING ILLUSTRAT\u00d8R\",\"url\":\"https:\\\/\\\/lykketegningtest.wp3.hcweb.dev\\\/\",\"logo\":{\"@type\":\"ImageObject\",\"inLanguage\":\"sv-SE\",\"@id\":\"https:\\\/\\\/lykketegningtest.wp3.hcweb.dev\\\/#\\\/schema\\\/logo\\\/image\\\/\",\"url\":\"https:\\\/\\\/lykketegningtest.wp3.hcweb.dev\\\/wp-content\\\/uploads\\\/2020\\\/03\\\/Logo2020_h400px.jpg\",\"contentUrl\":\"https:\\\/\\\/lykketegningtest.wp3.hcweb.dev\\\/wp-content\\\/uploads\\\/2020\\\/03\\\/Logo2020_h400px.jpg\",\"width\":1024,\"height\":400,\"caption\":\"LYKKETEGNING ILLUSTRAT\u00d8R\"},\"image\":{\"@id\":\"https:\\\/\\\/lykketegningtest.wp3.hcweb.dev\\\/#\\\/schema\\\/logo\\\/image\\\/\"},\"sameAs\":[\"https:\\\/\\\/www.facebook.com\\\/lykketegning\\\/\",\"https:\\\/\\\/www.instagram.com\\\/lykketegning\\\/\",\"https:\\\/\\\/www.youtube.com\\\/@lykketegningillustrations\",\"https:\\\/\\\/www.tiktok.com\\\/@lykketegningillustration\"]}]}<\/script>\n<!-- \/ Yoast SEO plugin. -->","yoast_head_json":{"title":"\"Njut\" Lyckokopp - ILLUSTRAT\u00d6R F\u00d6R LYCKOTECKEN","robots":{"index":"noindex","follow":"follow","max-snippet":"max-snippet:-1","max-image-preview":"max-image-preview:large","max-video-preview":"max-video-preview:-1"},"og_locale":"sv_SE","og_type":"article","og_title":"\"Njut\" Lykkekopp - LYKKETEGNING ILLUSTRAT\u00d8R","og_description":"\"Njut!  Det handler om att njuta \u00f6gonblicket\u00bb  Helt nytt krus til en du liker godt! S\u00f8te ord som varmer, sammen med litt kaffe, kakao eller te, m\u00e5 jo gj\u00f8re dagen litt bedre?  Krus Denim D8 H9,5 40 cl Materiale: Keramikk  Kan vaskes i oppvaskmaskin  Lykketegning skapades p\u00e5 grund av en liten teckning som gjordes p\u00e5 ett arbetsseminarium i Oslo av illustrat\u00f6ren IRS. Efter att ha publicerat teckningen p\u00e5 Instragram blev hon kontaktad av flera personer, och fick \u00e4ven n\u00e5gra best\u00e4llningar, vilket ledde til att hon skapade en Facebook -grupp som hon kallade Lykketegning. Efter massiv respons p\u00e5 sina illustrationer tog hon tj\u00e4nstledigt fr\u00e5n sin tj\u00e4nst som r\u00e5dgivare f\u00f6r Sarpsborgs kommun f\u00f6r att forts\u00e4tta att g\u00f6ra illustrationer p\u00e5 heltid. Hon blev inbjuden att vara med i tv -programmet God Morgen Norge i julen 2015. Sedan dess har hon f\u00f6rs\u00f6rjt sig genom att sprida lycka till hela landet med sina illustrationer. Hon har ocks\u00e5 blivit ett Facebook -fenomen, och hennes illustrationer har spridits till miljontals m\u00e4nniskor i och utanf\u00f6r landet. Den Sarpsborg-inf\u00f6dde har nu ritat p\u00e5 heltid i ett par \u00e5r, och hennes Lykke-koppar s\u00e4ljs i \u00f6ver 250 butiker i hela landet.  Varje illustration \u00e4r gjord med ett v\u00e4nligt hj\u00e4rta och omtanke h\u00e4r p\u00e5 Lykketegning. Genom att anv\u00e4nda levande f\u00e4rger, rena linjer och bra citat \u00e4r det Lykketegnings \u00f6nskan att f\u00e5 dig att stanna ett \u00f6gonblick, ta ett djupt andetag och sedan v\u00e4lja en ny v\u00e4g. Hj\u00e4rten och leenden \u00e4r fr\u00e5n mig till dig f\u00f6r att p\u00e5minna dig om att du \u00e4r fantastisk!  Genom att anv\u00e4nda enkla, rena linjer f\u00e5r hon fram en v\u00e4rme och djup i sina illustrationer, och hon g\u00f6r det bra. Den responsen hon f\u00e5r s\u00e4ger att hennes illustrationer verkligen tr\u00e4ffar kunderna. Illustrationerna har en mening och hj\u00e4lper m\u00e4nniskor genom sv\u00e5ra tider. \u00c4ven om linjen \u00e4r enkel och f\u00e4rgerna \u00e4r ljusa, n\u00e5r hon ut til den vuxna publiken, vilket er dom hon adresserar. Jag \u00e4r v\u00e4ldigt f\u00f6rtjust i alla mina illustrationer. De har en mening f\u00f6r mig och reflekterar \u00f6ver vad som \u00e4r viktigt i mitt liv. Inspirationen kommer fr\u00e5n de m\u00e4nniskor jag tr\u00e4ffar, naturen och vardagen. Det \u00e4r viktigt f\u00f6r mig att andra m\u00e4nniskor vet deras v\u00e4rde och att de \u00e4r unika p\u00e5 sina egna s\u00e4tt. M\u00e5nga m\u00e4nniskor vill ha dessa p\u00e5minnelser i sitt hem och uppskattar att jag ocks\u00e5 kan illustrera deras tankar och \u00f6nskem\u00e5l. Jag har alltid varit en visuell person och brukade \u00e4lska fotografering. Nu f\u00f6rs\u00f6ker jag f\u00e5 ner motiven i mitt huvud p\u00e5 papper genom att rita. Jag \u00e4lskar att g\u00f6ra detta och ser fram emot varje ny dag p\u00e5 jobbet! \u00a8  &nbsp;","og_url":"https:\/\/lykketegningtest.wp3.hcweb.dev\/sv\/produkt\/njut\/","og_site_name":"LYKKETEGNING ILLUSTRAT\u00d8R","article_publisher":"https:\/\/www.facebook.com\/lykketegning\/","article_modified_time":"2025-04-28T08:35:01+00:00","og_image":[{"width":1920,"height":2560,"url":"https:\/\/www.lykketegning.no\/wp-content\/uploads\/2024\/04\/IMG_3753-scaled-1.jpg","type":"image\/jpeg"}],"twitter_card":"summary_large_image","twitter_misc":{"Ber\u00e4knad l\u00e4stid":"2 minuter"},"schema":{"@context":"https:\/\/schema.org","@graph":[{"@type":"WebPage","@id":"https:\/\/lykketegningtest.wp3.hcweb.dev\/produkt\/njut\/","url":"https:\/\/lykketegningtest.wp3.hcweb.dev\/produkt\/njut\/","name":"\"Njut\" Lyckokopp - ILLUSTRAT\u00d6R F\u00d6R LYCKOTECKEN","isPartOf":{"@id":"https:\/\/lykketegningtest.wp3.hcweb.dev\/#website"},"primaryImageOfPage":{"@id":"https:\/\/lykketegningtest.wp3.hcweb.dev\/produkt\/njut\/#primaryimage"},"image":{"@id":"https:\/\/lykketegningtest.wp3.hcweb.dev\/produkt\/njut\/#primaryimage"},"thumbnailUrl":"https:\/\/lykketegningtest.wp3.hcweb.dev\/wp-content\/uploads\/2024\/04\/IMG_3753-scaled-1.jpg","datePublished":"2022-03-31T11:42:42+00:00","dateModified":"2025-04-28T08:35:01+00:00","breadcrumb":{"@id":"https:\/\/lykketegningtest.wp3.hcweb.dev\/produkt\/njut\/#breadcrumb"},"inLanguage":"sv-SE","potentialAction":[{"@type":"ReadAction","target":["https:\/\/lykketegningtest.wp3.hcweb.dev\/produkt\/njut\/"]}]},{"@type":"ImageObject","inLanguage":"sv-SE","@id":"https:\/\/lykketegningtest.wp3.hcweb.dev\/produkt\/njut\/#primaryimage","url":"https:\/\/lykketegningtest.wp3.hcweb.dev\/wp-content\/uploads\/2024\/04\/IMG_3753-scaled-1.jpg","contentUrl":"https:\/\/lykketegningtest.wp3.hcweb.dev\/wp-content\/uploads\/2024\/04\/IMG_3753-scaled-1.jpg","width":1920,"height":2560},{"@type":"BreadcrumbList","@id":"https:\/\/lykketegningtest.wp3.hcweb.dev\/produkt\/njut\/#breadcrumb","itemListElement":[{"@type":"ListItem","position":1,"name":"Hjem","item":"https:\/\/lykketegningtest.wp3.hcweb.dev\/"},{"@type":"ListItem","position":2,"name":"Shop","item":"https:\/\/lykketegningtest.wp3.hcweb.dev\/sv\/webbutik\/"},{"@type":"ListItem","position":3,"name":"&#8220;Njut&#8221; Lykkekopp"}]},{"@type":"WebSite","@id":"https:\/\/lykketegningtest.wp3.hcweb.dev\/#website","url":"https:\/\/lykketegningtest.wp3.hcweb.dev\/","name":"LYCKLIG RITNING ILLUSTRAT\u00d6R","description":"","publisher":{"@id":"https:\/\/lykketegningtest.wp3.hcweb.dev\/#organization"},"potentialAction":[{"@type":"SearchAction","target":{"@type":"EntryPoint","urlTemplate":"https:\/\/lykketegningtest.wp3.hcweb.dev\/?s={search_term_string}"},"query-input":{"@type":"PropertyValueSpecification","valueRequired":true,"valueName":"search_term_string"}}],"inLanguage":"sv-SE"},{"@type":"Organization","@id":"https:\/\/lykketegningtest.wp3.hcweb.dev\/#organization","name":"LYCKLIG RITNING ILLUSTRAT\u00d6R","url":"https:\/\/lykketegningtest.wp3.hcweb.dev\/","logo":{"@type":"ImageObject","inLanguage":"sv-SE","@id":"https:\/\/lykketegningtest.wp3.hcweb.dev\/#\/schema\/logo\/image\/","url":"https:\/\/lykketegningtest.wp3.hcweb.dev\/wp-content\/uploads\/2020\/03\/Logo2020_h400px.jpg","contentUrl":"https:\/\/lykketegningtest.wp3.hcweb.dev\/wp-content\/uploads\/2020\/03\/Logo2020_h400px.jpg","width":1024,"height":400,"caption":"LYKKETEGNING ILLUSTRAT\u00d8R"},"image":{"@id":"https:\/\/lykketegningtest.wp3.hcweb.dev\/#\/schema\/logo\/image\/"},"sameAs":["https:\/\/www.facebook.com\/lykketegning\/","https:\/\/www.instagram.com\/lykketegning\/","https:\/\/www.youtube.com\/@lykketegningillustrations","https:\/\/www.tiktok.com\/@lykketegningillustration"]}]}},"_links":{"self":[{"href":"https:\/\/lykketegningtest.wp3.hcweb.dev\/sv\/wp-json\/wp\/v2\/product\/37223","targetHints":{"allow":["GET"]}}],"collection":[{"href":"https:\/\/lykketegningtest.wp3.hcweb.dev\/sv\/wp-json\/wp\/v2\/product"}],"about":[{"href":"https:\/\/lykketegningtest.wp3.hcweb.dev\/sv\/wp-json\/wp\/v2\/types\/product"}],"replies":[{"embeddable":true,"href":"https:\/\/lykketegningtest.wp3.hcweb.dev\/sv\/wp-json\/wp\/v2\/comments?post=37223"}],"wp:featuredmedia":[{"embeddable":true,"href":"https:\/\/lykketegningtest.wp3.hcweb.dev\/sv\/wp-json\/wp\/v2\/media\/37222"}],"wp:attachment":[{"href":"https:\/\/lykketegningtest.wp3.hcweb.dev\/sv\/wp-json\/wp\/v2\/media?parent=37223"}],"wp:term":[{"taxonomy":"product_brand","embeddable":true,"href":"https:\/\/lykketegningtest.wp3.hcweb.dev\/sv\/wp-json\/wp\/v2\/product_brand?post=37223"},{"taxonomy":"product_cat","embeddable":true,"href":"https:\/\/lykketegningtest.wp3.hcweb.dev\/sv\/wp-json\/wp\/v2\/product_cat?post=37223"},{"taxonomy":"product_tag","embeddable":true,"href":"https:\/\/lykketegningtest.wp3.hcweb.dev\/sv\/wp-json\/wp\/v2\/product_tag?post=37223"}],"curies":[{"name":"wp","href":"https:\/\/api.w.org\/{rel}","templated":true}]}}