{"id":37227,"date":"2024-12-01T11:03:06","date_gmt":"2024-12-01T10:03:06","guid":{"rendered":"https:\/\/www-lykketegning.wp3.hcweb.dev\/fornyelse\/?post_type=product&#038;p=37227"},"modified":"2026-04-24T14:06:44","modified_gmt":"2026-04-24T12:06:44","slug":"lykkekopp-en-venn-som-deg-lykketegning","status":"publish","type":"product","link":"https:\/\/lykketegningtest.wp3.hcweb.dev\/sv\/produkt\/lykkekopp-en-venn-som-deg-lykketegning\/","title":{"rendered":"Glad mugg \"En v\u00e4n som du\" Glad teckning"},"content":{"rendered":"<p>\"Att ha en v\u00e4n som du g\u00f6r livet s\u00e5 mycket b\u00e4ttre\"<\/p>\n<p><i>En v\u00e4n lyssnar och ser dig.<span class=\"Apple-converted-space\">\u00a0<\/span><\/i><\/p>\n<p><i>En v\u00e4n f\u00f6rgyller din dag och f\u00f6ljer med dig p\u00e5 b\u00e5de roliga och sv\u00e5ra resor.<span class=\"Apple-converted-space\">\u00a0<\/span><\/i><\/p>\n<p><i>Det var p\u00e5 tiden att jag fick en v\u00e4nkopp eftersom DU \u00e4r en s\u00e5dan v\u00e4n f\u00f6r n\u00e5gon.<span class=\"Apple-converted-space\">\u00a0<\/span><\/i><\/p>\n<p><i>S\u00e5 fantastiskt!<span class=\"Apple-converted-space\">\u00a0<\/span><\/i><\/p>\n<p><i>Forts\u00e4tt vara en god v\u00e4n - du g\u00f6r andra m\u00e4nniskors liv mycket b\u00e4ttre!<span class=\"Apple-converted-space\">\u00a0<\/span><\/i><\/p>\n<p><i>Ha en bra dag!<\/i><\/p>\n<p><i>***<\/i><\/p>\n<p><i>Forts\u00e4tt att vara en god v\u00e4n - du g\u00f6r livet betydligt b\u00e4ttre f\u00f6r andra!<span class=\"Apple-converted-space\">\u00a0<\/span><\/i><\/p>\n<p>Ingebj\u00f8rg Rang\u00f8y Sj\u00e5land<\/p>\n<p>Lycklig dragning<\/p>\n<p>&nbsp;<\/p>\n<p>Den nya \"Friend\"-muggen \u00e4r uts\u00f6kt att dricka ur. Best\u00e4ll nu och f\u00e5 din egen Happy Mug! Bra present till en v\u00e4n eller till dig sj\u00e4lv!<\/p>\n<p>&nbsp;<\/p>\n<p>Mugg Ljuslila D8 H9,5 400ml Material: Porslin<\/p>\n<p>T\u00e5l maskindisk<\/p>","protected":false},"excerpt":{"rendered":"<p>&nbsp;<\/p>\n<p>\"Att ha en v\u00e4n som du g\u00f6r livet s\u00e5 mycket b\u00e4ttre\"<\/p>\n<p><i>En v\u00e4n lyssnar och ser dig. <\/i><\/p>\n<p><i>En v\u00e4n f\u00f6rgyller din dag och f\u00f6ljer med dig p\u00e5 b\u00e5de roliga och sv\u00e5ra resor. <\/i><\/p>\n<p><i>Det var p\u00e5 tiden att jag fick en v\u00e4nkopp eftersom DU \u00e4r en s\u00e5dan v\u00e4n f\u00f6r n\u00e5gon. <\/i><\/p>\n<ol>\n<li><i>S\u00e5 fantastiskt! <\/i><\/li>\n<\/ol>\n<p><i>Forts\u00e4tt vara en god v\u00e4n - du g\u00f6r andra m\u00e4nniskors liv mycket b\u00e4ttre! <\/i><\/p>\n<p><i>Ha en bra dag!<\/i><\/p>\n<p><i>***<\/i><\/p>\n<p><i>Forts\u00e4tt att vara en god v\u00e4n - du g\u00f6r livet betydligt b\u00e4ttre f\u00f6r andra! <\/i><\/p>\n<p>Ingebj\u00f8rg Rang\u00f8y Sj\u00e5land<\/p>\n<p>Lycklig dragning<\/p>\n<p>&nbsp;<\/p>\n<p>Den nya \"Friend\"-muggen \u00e4r uts\u00f6kt att dricka ur. Best\u00e4ll nu och f\u00e5 din egen Happy Mug! Bra present till en v\u00e4n eller till dig sj\u00e4lv!<\/p>\n<p>&nbsp;<\/p>\n<p>Mugg Ljuslila D8 H9,5 400ml Material: Porslin<\/p>\n<p>T\u00e5l maskindisk<\/p>","protected":false},"featured_media":39702,"comment_status":"open","ping_status":"closed","template":"","meta":[],"product_brand":[],"product_cat":[41],"product_tag":[294,12,13,293,291,292],"class_list":{"0":"post-37227","1":"product","2":"type-product","3":"status-publish","4":"has-post-thumbnail","6":"product_cat-lykkekopper","7":"product_tag-en-venn-som-deg","8":"product_tag-kopp","9":"product_tag-krus","10":"product_tag-lykketegningkopp-venn","11":"product_tag-venn","12":"product_tag-vennekopp","14":"first","15":"instock","16":"taxable","17":"shipping-taxable","18":"purchasable","19":"product-type-simple"},"yoast_head":"<!-- This site is optimized with the Yoast SEO plugin v27.5 - https:\/\/yoast.com\/product\/yoast-seo-wordpress\/ -->\n<title>Lykkekrus &quot;En venn som deg&quot; Lykketegning - LYKKETEGNING ILLUSTRAT\u00d8R<\/title>\n<meta name=\"description\" content=\"&quot;\u00c5 ha en venn som deg gj\u00f8r livet betraktelig bedre&quot;En venn lytter og ser deg.En venn l\u00f8fter dagen og er med p\u00e5 de morsomme reisene og de tunge stundene.Det var p\u00e5 tide at jeg laget en vennekopp fordi DU er en slik venn for noen.\" \/>\n<meta name=\"robots\" content=\"noindex, follow, max-snippet:-1, max-image-preview:large, max-video-preview:-1\" \/>\n<meta property=\"og:locale\" content=\"sv_SE\" \/>\n<meta property=\"og:type\" content=\"article\" \/>\n<meta property=\"og:title\" content=\"Lykkekrus &quot;En venn som deg&quot; Lykketegning - LYKKETEGNING ILLUSTRAT\u00d8R\" \/>\n<meta property=\"og:description\" content=\"&quot;\u00c5 ha en venn som deg gj\u00f8r livet betraktelig bedre&quot;En venn lytter og ser deg.En venn l\u00f8fter dagen og er med p\u00e5 de morsomme reisene og de tunge stundene.Det var p\u00e5 tide at jeg laget en vennekopp fordi DU er en slik venn for noen.\" \/>\n<meta property=\"og:url\" content=\"https:\/\/lykketegningtest.wp3.hcweb.dev\/sv\/product-2\/lyckokopp-en-van-som-du-lycklig-teckning\/\" \/>\n<meta property=\"og:site_name\" content=\"LYKKETEGNING ILLUSTRAT\u00d8R\" \/>\n<meta property=\"article:publisher\" content=\"https:\/\/www.facebook.com\/lykketegning\/\" \/>\n<meta property=\"article:modified_time\" content=\"2026-04-24T12:06:44+00:00\" \/>\n<meta name=\"twitter:card\" content=\"summary_large_image\" \/>\n<meta name=\"twitter:label1\" content=\"Ber\u00e4knad l\u00e4stid\" \/>\n\t<meta name=\"twitter:data1\" content=\"1 minut\" \/>\n<script type=\"application\/ld+json\" class=\"yoast-schema-graph\">{\"@context\":\"https:\\\/\\\/schema.org\",\"@graph\":[{\"@type\":\"WebPage\",\"@id\":\"https:\\\/\\\/lykketegningtest.wp3.hcweb.dev\\\/sv\\\/product-2\\\/lyckokopp-en-van-som-du-lycklig-teckning\\\/\",\"url\":\"https:\\\/\\\/lykketegningtest.wp3.hcweb.dev\\\/sv\\\/product-2\\\/lyckokopp-en-van-som-du-lycklig-teckning\\\/\",\"name\":\"Lykkekrus \\\"En venn som deg\\\" Lykketegning - LYKKETEGNING ILLUSTRAT\u00d8R\",\"isPartOf\":{\"@id\":\"https:\\\/\\\/lykketegningtest.wp3.hcweb.dev\\\/#website\"},\"primaryImageOfPage\":{\"@id\":\"https:\\\/\\\/lykketegningtest.wp3.hcweb.dev\\\/sv\\\/product-2\\\/lyckokopp-en-van-som-du-lycklig-teckning\\\/#primaryimage\"},\"image\":{\"@id\":\"https:\\\/\\\/lykketegningtest.wp3.hcweb.dev\\\/sv\\\/product-2\\\/lyckokopp-en-van-som-du-lycklig-teckning\\\/#primaryimage\"},\"thumbnailUrl\":\"https:\\\/\\\/lykketegningtest.wp3.hcweb.dev\\\/wp-content\\\/uploads\\\/2023\\\/09\\\/IMG_7227-scaled.jpg\",\"datePublished\":\"2024-12-01T10:03:06+00:00\",\"dateModified\":\"2026-04-24T12:06:44+00:00\",\"description\":\"\\\"\u00c5 ha en venn som deg gj\u00f8r livet betraktelig bedre\\\"En venn lytter og ser deg.En venn l\u00f8fter dagen og er med p\u00e5 de morsomme reisene og de tunge stundene.Det var p\u00e5 tide at jeg laget en vennekopp fordi DU er en slik venn for noen.\",\"breadcrumb\":{\"@id\":\"https:\\\/\\\/lykketegningtest.wp3.hcweb.dev\\\/sv\\\/product-2\\\/lyckokopp-en-van-som-du-lycklig-teckning\\\/#breadcrumb\"},\"inLanguage\":\"sv-SE\",\"potentialAction\":[{\"@type\":\"ReadAction\",\"target\":[\"https:\\\/\\\/lykketegningtest.wp3.hcweb.dev\\\/sv\\\/product-2\\\/lyckokopp-en-van-som-du-lycklig-teckning\\\/\"]}]},{\"@type\":\"ImageObject\",\"inLanguage\":\"sv-SE\",\"@id\":\"https:\\\/\\\/lykketegningtest.wp3.hcweb.dev\\\/sv\\\/product-2\\\/lyckokopp-en-van-som-du-lycklig-teckning\\\/#primaryimage\",\"url\":\"https:\\\/\\\/lykketegningtest.wp3.hcweb.dev\\\/wp-content\\\/uploads\\\/2023\\\/09\\\/IMG_7227-scaled.jpg\",\"contentUrl\":\"https:\\\/\\\/lykketegningtest.wp3.hcweb.dev\\\/wp-content\\\/uploads\\\/2023\\\/09\\\/IMG_7227-scaled.jpg\",\"width\":2560,\"height\":2560},{\"@type\":\"BreadcrumbList\",\"@id\":\"https:\\\/\\\/lykketegningtest.wp3.hcweb.dev\\\/sv\\\/product-2\\\/lyckokopp-en-van-som-du-lycklig-teckning\\\/#breadcrumb\",\"itemListElement\":[{\"@type\":\"ListItem\",\"position\":1,\"name\":\"Hjem\",\"item\":\"https:\\\/\\\/lykketegningtest.wp3.hcweb.dev\\\/\"},{\"@type\":\"ListItem\",\"position\":2,\"name\":\"Shop\",\"item\":\"https:\\\/\\\/lykketegningtest.wp3.hcweb.dev\\\/sv\\\/webbutik\\\/\"},{\"@type\":\"ListItem\",\"position\":3,\"name\":\"Lykkekrus &#8220;En venn som deg&#8221; Lykketegning\"}]},{\"@type\":\"WebSite\",\"@id\":\"https:\\\/\\\/lykketegningtest.wp3.hcweb.dev\\\/#website\",\"url\":\"https:\\\/\\\/lykketegningtest.wp3.hcweb.dev\\\/\",\"name\":\"LYKKETEGNING ILLUSTRAT\u00d8R\",\"description\":\"\",\"publisher\":{\"@id\":\"https:\\\/\\\/lykketegningtest.wp3.hcweb.dev\\\/#organization\"},\"potentialAction\":[{\"@type\":\"SearchAction\",\"target\":{\"@type\":\"EntryPoint\",\"urlTemplate\":\"https:\\\/\\\/lykketegningtest.wp3.hcweb.dev\\\/?s={search_term_string}\"},\"query-input\":{\"@type\":\"PropertyValueSpecification\",\"valueRequired\":true,\"valueName\":\"search_term_string\"}}],\"inLanguage\":\"sv-SE\"},{\"@type\":\"Organization\",\"@id\":\"https:\\\/\\\/lykketegningtest.wp3.hcweb.dev\\\/#organization\",\"name\":\"LYKKETEGNING ILLUSTRAT\u00d8R\",\"url\":\"https:\\\/\\\/lykketegningtest.wp3.hcweb.dev\\\/\",\"logo\":{\"@type\":\"ImageObject\",\"inLanguage\":\"sv-SE\",\"@id\":\"https:\\\/\\\/lykketegningtest.wp3.hcweb.dev\\\/#\\\/schema\\\/logo\\\/image\\\/\",\"url\":\"https:\\\/\\\/lykketegningtest.wp3.hcweb.dev\\\/wp-content\\\/uploads\\\/2020\\\/03\\\/Logo2020_h400px.jpg\",\"contentUrl\":\"https:\\\/\\\/lykketegningtest.wp3.hcweb.dev\\\/wp-content\\\/uploads\\\/2020\\\/03\\\/Logo2020_h400px.jpg\",\"width\":1024,\"height\":400,\"caption\":\"LYKKETEGNING ILLUSTRAT\u00d8R\"},\"image\":{\"@id\":\"https:\\\/\\\/lykketegningtest.wp3.hcweb.dev\\\/#\\\/schema\\\/logo\\\/image\\\/\"},\"sameAs\":[\"https:\\\/\\\/www.facebook.com\\\/lykketegning\\\/\",\"https:\\\/\\\/www.instagram.com\\\/lykketegning\\\/\",\"https:\\\/\\\/www.youtube.com\\\/@lykketegningillustrations\",\"https:\\\/\\\/www.tiktok.com\\\/@lykketegningillustration\"]}]}<\/script>\n<!-- \/ Yoast SEO plugin. -->","yoast_head_json":{"title":"Lyckomugg \"En v\u00e4n som du\" Lyckoteckning - LUCKY DRAWING ILLUSTRATOR","description":"\"Att ha en v\u00e4n som du g\u00f6r livet betydligt b\u00e4ttre\"En v\u00e4n lyssnar och ser dig.En v\u00e4n lyfter din dag och \u00e4r med dig p\u00e5 de roliga resorna och de sv\u00e5ra tiderna.Det var p\u00e5 tiden att jag gjorde en v\u00e4nkopp eftersom DU \u00e4r en s\u00e5dan v\u00e4n till n\u00e5gon.","robots":{"index":"noindex","follow":"follow","max-snippet":"max-snippet:-1","max-image-preview":"max-image-preview:large","max-video-preview":"max-video-preview:-1"},"og_locale":"sv_SE","og_type":"article","og_title":"Lykkekrus \"En venn som deg\" Lykketegning - LYKKETEGNING ILLUSTRAT\u00d8R","og_description":"\"\u00c5 ha en venn som deg gj\u00f8r livet betraktelig bedre\"En venn lytter og ser deg.En venn l\u00f8fter dagen og er med p\u00e5 de morsomme reisene og de tunge stundene.Det var p\u00e5 tide at jeg laget en vennekopp fordi DU er en slik venn for noen.","og_url":"https:\/\/lykketegningtest.wp3.hcweb.dev\/sv\/product-2\/lyckokopp-en-van-som-du-lycklig-teckning\/","og_site_name":"LYKKETEGNING ILLUSTRAT\u00d8R","article_publisher":"https:\/\/www.facebook.com\/lykketegning\/","article_modified_time":"2026-04-24T12:06:44+00:00","twitter_card":"summary_large_image","twitter_misc":{"Ber\u00e4knad l\u00e4stid":"1 minut"},"schema":{"@context":"https:\/\/schema.org","@graph":[{"@type":"WebPage","@id":"https:\/\/lykketegningtest.wp3.hcweb.dev\/sv\/product-2\/lyckokopp-en-van-som-du-lycklig-teckning\/","url":"https:\/\/lykketegningtest.wp3.hcweb.dev\/sv\/product-2\/lyckokopp-en-van-som-du-lycklig-teckning\/","name":"Lyckomugg \"En v\u00e4n som du\" Lyckoteckning - LUCKY DRAWING ILLUSTRATOR","isPartOf":{"@id":"https:\/\/lykketegningtest.wp3.hcweb.dev\/#website"},"primaryImageOfPage":{"@id":"https:\/\/lykketegningtest.wp3.hcweb.dev\/sv\/product-2\/lyckokopp-en-van-som-du-lycklig-teckning\/#primaryimage"},"image":{"@id":"https:\/\/lykketegningtest.wp3.hcweb.dev\/sv\/product-2\/lyckokopp-en-van-som-du-lycklig-teckning\/#primaryimage"},"thumbnailUrl":"https:\/\/lykketegningtest.wp3.hcweb.dev\/wp-content\/uploads\/2023\/09\/IMG_7227-scaled.jpg","datePublished":"2024-12-01T10:03:06+00:00","dateModified":"2026-04-24T12:06:44+00:00","description":"\"Att ha en v\u00e4n som du g\u00f6r livet betydligt b\u00e4ttre\"En v\u00e4n lyssnar och ser dig.En v\u00e4n lyfter din dag och \u00e4r med dig p\u00e5 de roliga resorna och de sv\u00e5ra tiderna.Det var p\u00e5 tiden att jag gjorde en v\u00e4nkopp eftersom DU \u00e4r en s\u00e5dan v\u00e4n till n\u00e5gon.","breadcrumb":{"@id":"https:\/\/lykketegningtest.wp3.hcweb.dev\/sv\/product-2\/lyckokopp-en-van-som-du-lycklig-teckning\/#breadcrumb"},"inLanguage":"sv-SE","potentialAction":[{"@type":"ReadAction","target":["https:\/\/lykketegningtest.wp3.hcweb.dev\/sv\/product-2\/lyckokopp-en-van-som-du-lycklig-teckning\/"]}]},{"@type":"ImageObject","inLanguage":"sv-SE","@id":"https:\/\/lykketegningtest.wp3.hcweb.dev\/sv\/product-2\/lyckokopp-en-van-som-du-lycklig-teckning\/#primaryimage","url":"https:\/\/lykketegningtest.wp3.hcweb.dev\/wp-content\/uploads\/2023\/09\/IMG_7227-scaled.jpg","contentUrl":"https:\/\/lykketegningtest.wp3.hcweb.dev\/wp-content\/uploads\/2023\/09\/IMG_7227-scaled.jpg","width":2560,"height":2560},{"@type":"BreadcrumbList","@id":"https:\/\/lykketegningtest.wp3.hcweb.dev\/sv\/product-2\/lyckokopp-en-van-som-du-lycklig-teckning\/#breadcrumb","itemListElement":[{"@type":"ListItem","position":1,"name":"Hjem","item":"https:\/\/lykketegningtest.wp3.hcweb.dev\/"},{"@type":"ListItem","position":2,"name":"Shop","item":"https:\/\/lykketegningtest.wp3.hcweb.dev\/sv\/webbutik\/"},{"@type":"ListItem","position":3,"name":"Lykkekrus &#8220;En venn som deg&#8221; Lykketegning"}]},{"@type":"WebSite","@id":"https:\/\/lykketegningtest.wp3.hcweb.dev\/#website","url":"https:\/\/lykketegningtest.wp3.hcweb.dev\/","name":"LYCKLIG RITNING ILLUSTRAT\u00d6R","description":"","publisher":{"@id":"https:\/\/lykketegningtest.wp3.hcweb.dev\/#organization"},"potentialAction":[{"@type":"SearchAction","target":{"@type":"EntryPoint","urlTemplate":"https:\/\/lykketegningtest.wp3.hcweb.dev\/?s={search_term_string}"},"query-input":{"@type":"PropertyValueSpecification","valueRequired":true,"valueName":"search_term_string"}}],"inLanguage":"sv-SE"},{"@type":"Organization","@id":"https:\/\/lykketegningtest.wp3.hcweb.dev\/#organization","name":"LYCKLIG RITNING ILLUSTRAT\u00d6R","url":"https:\/\/lykketegningtest.wp3.hcweb.dev\/","logo":{"@type":"ImageObject","inLanguage":"sv-SE","@id":"https:\/\/lykketegningtest.wp3.hcweb.dev\/#\/schema\/logo\/image\/","url":"https:\/\/lykketegningtest.wp3.hcweb.dev\/wp-content\/uploads\/2020\/03\/Logo2020_h400px.jpg","contentUrl":"https:\/\/lykketegningtest.wp3.hcweb.dev\/wp-content\/uploads\/2020\/03\/Logo2020_h400px.jpg","width":1024,"height":400,"caption":"LYKKETEGNING ILLUSTRAT\u00d8R"},"image":{"@id":"https:\/\/lykketegningtest.wp3.hcweb.dev\/#\/schema\/logo\/image\/"},"sameAs":["https:\/\/www.facebook.com\/lykketegning\/","https:\/\/www.instagram.com\/lykketegning\/","https:\/\/www.youtube.com\/@lykketegningillustrations","https:\/\/www.tiktok.com\/@lykketegningillustration"]}]}},"_links":{"self":[{"href":"https:\/\/lykketegningtest.wp3.hcweb.dev\/sv\/wp-json\/wp\/v2\/product\/37227","targetHints":{"allow":["GET"]}}],"collection":[{"href":"https:\/\/lykketegningtest.wp3.hcweb.dev\/sv\/wp-json\/wp\/v2\/product"}],"about":[{"href":"https:\/\/lykketegningtest.wp3.hcweb.dev\/sv\/wp-json\/wp\/v2\/types\/product"}],"replies":[{"embeddable":true,"href":"https:\/\/lykketegningtest.wp3.hcweb.dev\/sv\/wp-json\/wp\/v2\/comments?post=37227"}],"wp:featuredmedia":[{"embeddable":true,"href":"https:\/\/lykketegningtest.wp3.hcweb.dev\/sv\/wp-json\/wp\/v2\/media\/39702"}],"wp:attachment":[{"href":"https:\/\/lykketegningtest.wp3.hcweb.dev\/sv\/wp-json\/wp\/v2\/media?parent=37227"}],"wp:term":[{"taxonomy":"product_brand","embeddable":true,"href":"https:\/\/lykketegningtest.wp3.hcweb.dev\/sv\/wp-json\/wp\/v2\/product_brand?post=37227"},{"taxonomy":"product_cat","embeddable":true,"href":"https:\/\/lykketegningtest.wp3.hcweb.dev\/sv\/wp-json\/wp\/v2\/product_cat?post=37227"},{"taxonomy":"product_tag","embeddable":true,"href":"https:\/\/lykketegningtest.wp3.hcweb.dev\/sv\/wp-json\/wp\/v2\/product_tag?post=37227"}],"curies":[{"name":"wp","href":"https:\/\/api.w.org\/{rel}","templated":true}]}}