{"id":37250,"date":"2024-11-10T09:10:44","date_gmt":"2024-11-10T08:10:44","guid":{"rendered":"https:\/\/www-lykketegning.wp3.hcweb.dev\/fornyelse\/?post_type=product&#038;p=37250"},"modified":"2025-04-01T11:45:53","modified_gmt":"2025-04-01T09:45:53","slug":"lykkekopp-fra-lykketegning-harmoni","status":"publish","type":"product","link":"https:\/\/lykketegningtest.wp3.hcweb.dev\/sv\/produkt\/lykkekopp-fra-lykketegning-harmoni\/","title":{"rendered":"Happiness cup fr\u00e5n Happiness Drawing \"HARMONY\""},"content":{"rendered":"<p>Happiness cup fr\u00e5n Happiness Drawing \"HARMONI\"Vad \u00e4r harmoni f\u00f6r dig? F\u00f6r mig \u00e4r det nog n\u00e4r lugnet har s\u00e4nkt sig. N\u00e4r det inte finns s\u00e5 m\u00e5nga planer och man kan luta sig tillbaka med en kopp kaffe, te eller kakao eller lyssna p\u00e5 vacker musik. Det kanske inte varar s\u00e5 l\u00e4nge, men kom ih\u00e5g att njuta av stunden n\u00e4r den finns d\u00e4r.<\/p>\n<p>&nbsp;<\/p>\n<p>Vacker r\u00f6d f\u00e4rg och perfekt till julens kakao eller kaffe.<\/p>\n<p>Mugg r\u00f6d D7 H9 28 cl Material: Keramik<\/p>\n<p>T\u00e5l maskindisk<\/p>\n<p>Popul\u00e4r mugg med citat fr\u00e5n Lucky Drawing<\/p>\n<p>\u00c5rets julkoppar har anl\u00e4nt! Best\u00e4ll b\u00e5de \"Joy\" och \"Harmony\"<\/p>\n<p>Bra julklapp till andra eller till dig sj\u00e4lv!<\/p>\n<p>Kolla ocks\u00e5 in de andra muggarna som Glede, Kos og Lykke, Ro og hygge. Samt de h\u00e4rliga t\u00e5rtkartongerna fr\u00e5n Lykketegning.<\/p>\n<p>&nbsp;<\/p>\n<p>&nbsp;<\/p>\n<p><strong>\"P\u00e5 Lykketegning skapas varje illustration med v\u00e4rme och omsorg.<\/strong><br \/>\n<strong>Med starka f\u00e4rger, tydliga linjer och bra citat vill Happiness Drawing f\u00e5 dig att stanna upp ett \u00f6gonblick, ta ett djupt andetag och sedan s\u00e4tta en bra kurs fram\u00e5t.<\/strong><br \/>\n<strong>Hj\u00e4rtana och leendena \u00e4r fr\u00e5n mig till dig f\u00f6r att p\u00e5minna dig om att du \u00e4r riktigt bra!\"<\/strong><\/p>\n<p>&nbsp;<\/p>\n<p>P\u00e5 hemsidan hittar du n\u00e5gra illustrationer och andra produkter som koppar, gratulationskort och kalendrar.<\/p>\n<p>Nya produkter l\u00e4ggs st\u00e4ndigt till h\u00e4r, s\u00e5 registrera dig g\u00e4rna f\u00f6r nyhetsbrevet f\u00f6r m\u00e5natliga uppdateringar.<\/p>\n<p>F\u00f6r <strong>m\u00e5nga m\u00e5nga m\u00e5nga m\u00e5nga<\/strong> fler illustrationer; bes\u00f6k min Instagram- och Facebookprofil.<\/p>\n<p>Faktum \u00e4r att alla illustrationer \u00e4r till salu. 999 kr f\u00f6r A4 och 1500 kr f\u00f6r A3.<\/p>\n<p>Du kan ocks\u00e5 best\u00e4lla din egen - bra presenter att ge till br\u00f6llop och andra fester. H\u00f6r av dig till v\u00e5r inkorg f\u00f6r detta.<\/p>\n<p><em>Pris f\u00f6r fotografering: 1500kr f\u00f6r A4 och A5 (upp till 5 personer\/djur) extra kostnad f\u00f6r fler (upp till 5 personer\/djur). A3 2000kr ex porto. Jag beh\u00f6ver veta h\u00e5rf\u00e4rg\/h\u00e5rtyp, l\u00e4ngd, intressen och \u00f6nskat antal avbildade personer. Alla offerter du vill ha inkluderade.<\/em><\/p>\n<p>Om du har n\u00e5gra fr\u00e5gor, tveka inte att h\u00f6ra av dig! Om du vill ha en pratstund om ett eventuellt samarbete, skicka mig ett e-postmeddelande.<\/p>\n<p>Vi ser fram emot att h\u00f6ra fr\u00e5n dig och hoppas att du f\u00e5r en underbar dag. <a href=\"https:\/\/www.facebook.com\/lykketegning\/?locale=nb_NO\">D\u00e5 kommer du till min Facebook-sida.<\/a> Och om du vill f\u00f6lja mig p\u00e5<a href=\"https:\/\/www.instagram.com\/lykketegning\/?hl=nb\"> Instagram, du hittar det h\u00e4r.<\/a><\/p>\n<p>Konstn\u00e4r<br \/>\nIngebj\u00f8rg Rang\u00f8y Sj\u00e5land<\/p>\n<p>&nbsp;<\/p>","protected":false},"excerpt":{"rendered":"<p>Happiness cup fr\u00e5n Happiness Drawing \"HARMONY\"<\/p>\n<p>Vad \u00e4r harmoni f\u00f6r dig? F\u00f6r mig \u00e4r det nog n\u00e4r lugnet har s\u00e4nkt sig. N\u00e4r det inte finns s\u00e5 m\u00e5nga planer och man kan luta sig tillbaka med en kopp kaffe, te eller kakao eller lyssna p\u00e5 vacker musik. Det kanske inte varar s\u00e5 l\u00e4nge, men kom ih\u00e5g att njuta av stunden n\u00e4r den finns d\u00e4r.<\/p>\n<p>\u00c5rets julkoppar har anl\u00e4nt! Best\u00e4ll b\u00e5de \"Joy\" och \"Harmony\"<\/p>\n<p>Bra julklapp till andra eller till dig sj\u00e4lv!<\/p>\n<p>Mugg r\u00f6d D8 H9,5 470ml Material: Keramik<\/p>\n<p>T\u00e5l maskindisk<\/p>\n<p>Popul\u00e4r mugg med citat fr\u00e5n Lucky Drawing<\/p>","protected":false},"featured_media":37247,"comment_status":"closed","ping_status":"closed","template":"","meta":[],"product_brand":[],"product_cat":[41],"product_tag":[296,159,43,121],"class_list":{"0":"post-37250","1":"product","2":"type-product","3":"status-publish","4":"has-post-thumbnail","6":"product_cat-lykkekopper","7":"product_tag-harmoni","8":"product_tag-julekopp","9":"product_tag-lykkekopp","10":"product_tag-lykkekrus","12":"first","13":"outofstock","14":"taxable","15":"shipping-taxable","16":"purchasable","17":"product-type-simple"},"yoast_head":"<!-- This site is optimized with the Yoast SEO plugin v27.6 - https:\/\/yoast.com\/product\/yoast-seo-wordpress\/ -->\n<title>Lykkekopp fra Lykketegning &quot;HARMONI&quot; - LYKKETEGNING ILLUSTRAT\u00d8R<\/title>\n<meta name=\"description\" content=\"Lykkekopp fra Lykketegning &quot;HARMONI&quot; Hva er harmoni for deg? For meg er det nok n\u00e5r roen har senket seg. N\u00e5r det ikke er s\u00e5 mange planer og man kan sette seg tilbake med en kopp kaffe, te eller kakao \u00a0eller lytte til vakker musikk. Kanskje varer det ikke s\u00e5 lenge, men husk \u00e5 nyte stunden n\u00e5r den er der.\" \/>\n<meta name=\"robots\" content=\"noindex, follow, max-snippet:-1, max-image-preview:large, max-video-preview:-1\" \/>\n<meta property=\"og:locale\" content=\"sv_SE\" \/>\n<meta property=\"og:type\" content=\"article\" \/>\n<meta property=\"og:title\" content=\"Lykkekopp fra Lykketegning &quot;HARMONI&quot; - LYKKETEGNING ILLUSTRAT\u00d8R\" \/>\n<meta property=\"og:description\" content=\"Lykkekopp fra Lykketegning &quot;HARMONI&quot; Hva er harmoni for deg? For meg er det nok n\u00e5r roen har senket seg. N\u00e5r det ikke er s\u00e5 mange planer og man kan sette seg tilbake med en kopp kaffe, te eller kakao \u00a0eller lytte til vakker musikk. Kanskje varer det ikke s\u00e5 lenge, men husk \u00e5 nyte stunden n\u00e5r den er der.\" \/>\n<meta property=\"og:url\" content=\"https:\/\/lykketegningtest.wp3.hcweb.dev\/sv\/product-2\/gluckstasse-aus-der-glucksziehung-harmonie\/\" \/>\n<meta property=\"og:site_name\" content=\"LYKKETEGNING ILLUSTRAT\u00d8R\" \/>\n<meta property=\"article:publisher\" content=\"https:\/\/www.facebook.com\/lykketegning\/\" \/>\n<meta property=\"article:modified_time\" content=\"2025-04-01T09:45:53+00:00\" \/>\n<meta property=\"og:image\" content=\"https:\/\/www.lykketegning.no\/wp-content\/uploads\/2024\/04\/IMG_B0CAF0A81B88-1.jpeg\" \/>\n\t<meta property=\"og:image:width\" content=\"1284\" \/>\n\t<meta property=\"og:image:height\" content=\"1424\" \/>\n\t<meta property=\"og:image:type\" content=\"image\/jpeg\" \/>\n<meta name=\"twitter:card\" content=\"summary_large_image\" \/>\n<meta name=\"twitter:label1\" content=\"Ber\u00e4knad l\u00e4stid\" \/>\n\t<meta name=\"twitter:data1\" content=\"3 minuter\" \/>\n<script type=\"application\/ld+json\" class=\"yoast-schema-graph\">{\"@context\":\"https:\\\/\\\/schema.org\",\"@graph\":[{\"@type\":\"WebPage\",\"@id\":\"https:\\\/\\\/lykketegningtest.wp3.hcweb.dev\\\/de\\\/product-2\\\/gluckstasse-aus-der-glucksziehung-harmonie\\\/\",\"url\":\"https:\\\/\\\/lykketegningtest.wp3.hcweb.dev\\\/de\\\/product-2\\\/gluckstasse-aus-der-glucksziehung-harmonie\\\/\",\"name\":\"Lykkekopp fra Lykketegning \\\"HARMONI\\\" - LYKKETEGNING ILLUSTRAT\u00d8R\",\"isPartOf\":{\"@id\":\"https:\\\/\\\/lykketegningtest.wp3.hcweb.dev\\\/#website\"},\"primaryImageOfPage\":{\"@id\":\"https:\\\/\\\/lykketegningtest.wp3.hcweb.dev\\\/de\\\/product-2\\\/gluckstasse-aus-der-glucksziehung-harmonie\\\/#primaryimage\"},\"image\":{\"@id\":\"https:\\\/\\\/lykketegningtest.wp3.hcweb.dev\\\/de\\\/product-2\\\/gluckstasse-aus-der-glucksziehung-harmonie\\\/#primaryimage\"},\"thumbnailUrl\":\"https:\\\/\\\/lykketegningtest.wp3.hcweb.dev\\\/wp-content\\\/uploads\\\/2024\\\/04\\\/IMG_B0CAF0A81B88-1.jpeg\",\"datePublished\":\"2024-11-10T08:10:44+00:00\",\"dateModified\":\"2025-04-01T09:45:53+00:00\",\"description\":\"Lykkekopp fra Lykketegning \\\"HARMONI\\\" Hva er harmoni for deg? For meg er det nok n\u00e5r roen har senket seg. N\u00e5r det ikke er s\u00e5 mange planer og man kan sette seg tilbake med en kopp kaffe, te eller kakao \u00a0eller lytte til vakker musikk. Kanskje varer det ikke s\u00e5 lenge, men husk \u00e5 nyte stunden n\u00e5r den er der.\",\"breadcrumb\":{\"@id\":\"https:\\\/\\\/lykketegningtest.wp3.hcweb.dev\\\/de\\\/product-2\\\/gluckstasse-aus-der-glucksziehung-harmonie\\\/#breadcrumb\"},\"inLanguage\":\"sv-SE\",\"potentialAction\":[{\"@type\":\"ReadAction\",\"target\":[\"https:\\\/\\\/lykketegningtest.wp3.hcweb.dev\\\/de\\\/product-2\\\/gluckstasse-aus-der-glucksziehung-harmonie\\\/\"]}]},{\"@type\":\"ImageObject\",\"inLanguage\":\"sv-SE\",\"@id\":\"https:\\\/\\\/lykketegningtest.wp3.hcweb.dev\\\/de\\\/product-2\\\/gluckstasse-aus-der-glucksziehung-harmonie\\\/#primaryimage\",\"url\":\"https:\\\/\\\/lykketegningtest.wp3.hcweb.dev\\\/wp-content\\\/uploads\\\/2024\\\/04\\\/IMG_B0CAF0A81B88-1.jpeg\",\"contentUrl\":\"https:\\\/\\\/lykketegningtest.wp3.hcweb.dev\\\/wp-content\\\/uploads\\\/2024\\\/04\\\/IMG_B0CAF0A81B88-1.jpeg\",\"width\":1284,\"height\":1424,\"caption\":\"Lykkekopp fra Lykketegning \\\"HARMONI\\\"\"},{\"@type\":\"BreadcrumbList\",\"@id\":\"https:\\\/\\\/lykketegningtest.wp3.hcweb.dev\\\/de\\\/product-2\\\/gluckstasse-aus-der-glucksziehung-harmonie\\\/#breadcrumb\",\"itemListElement\":[{\"@type\":\"ListItem\",\"position\":1,\"name\":\"Hjem\",\"item\":\"https:\\\/\\\/lykketegningtest.wp3.hcweb.dev\\\/\"},{\"@type\":\"ListItem\",\"position\":2,\"name\":\"Shop\",\"item\":\"https:\\\/\\\/lykketegningtest.wp3.hcweb.dev\\\/sv\\\/webbutik\\\/\"},{\"@type\":\"ListItem\",\"position\":3,\"name\":\"Lykkekopp fra Lykketegning &#8220;HARMONI&#8221;\"}]},{\"@type\":\"WebSite\",\"@id\":\"https:\\\/\\\/lykketegningtest.wp3.hcweb.dev\\\/#website\",\"url\":\"https:\\\/\\\/lykketegningtest.wp3.hcweb.dev\\\/\",\"name\":\"LYKKETEGNING ILLUSTRAT\u00d8R\",\"description\":\"\",\"publisher\":{\"@id\":\"https:\\\/\\\/lykketegningtest.wp3.hcweb.dev\\\/#organization\"},\"potentialAction\":[{\"@type\":\"SearchAction\",\"target\":{\"@type\":\"EntryPoint\",\"urlTemplate\":\"https:\\\/\\\/lykketegningtest.wp3.hcweb.dev\\\/?s={search_term_string}\"},\"query-input\":{\"@type\":\"PropertyValueSpecification\",\"valueRequired\":true,\"valueName\":\"search_term_string\"}}],\"inLanguage\":\"sv-SE\"},{\"@type\":\"Organization\",\"@id\":\"https:\\\/\\\/lykketegningtest.wp3.hcweb.dev\\\/#organization\",\"name\":\"LYKKETEGNING ILLUSTRAT\u00d8R\",\"url\":\"https:\\\/\\\/lykketegningtest.wp3.hcweb.dev\\\/\",\"logo\":{\"@type\":\"ImageObject\",\"inLanguage\":\"sv-SE\",\"@id\":\"https:\\\/\\\/lykketegningtest.wp3.hcweb.dev\\\/#\\\/schema\\\/logo\\\/image\\\/\",\"url\":\"https:\\\/\\\/lykketegningtest.wp3.hcweb.dev\\\/wp-content\\\/uploads\\\/2020\\\/03\\\/Logo2020_h400px.jpg\",\"contentUrl\":\"https:\\\/\\\/lykketegningtest.wp3.hcweb.dev\\\/wp-content\\\/uploads\\\/2020\\\/03\\\/Logo2020_h400px.jpg\",\"width\":1024,\"height\":400,\"caption\":\"LYKKETEGNING ILLUSTRAT\u00d8R\"},\"image\":{\"@id\":\"https:\\\/\\\/lykketegningtest.wp3.hcweb.dev\\\/#\\\/schema\\\/logo\\\/image\\\/\"},\"sameAs\":[\"https:\\\/\\\/www.facebook.com\\\/lykketegning\\\/\",\"https:\\\/\\\/www.instagram.com\\\/lykketegning\\\/\",\"https:\\\/\\\/www.youtube.com\\\/@lykketegningillustrations\",\"https:\\\/\\\/www.tiktok.com\\\/@lykketegningillustration\"]}]}<\/script>\n<!-- \/ Yoast SEO plugin. -->","yoast_head_json":{"title":"Lyckokopp fr\u00e5n Lyckoteckning \"HARMONY\" - LYCKLIG RITNING ILLUSTRAT\u00d6R","description":"Happiness cup fr\u00e5n Happiness Drawing \"HARMONI\" Vad \u00e4r harmoni f\u00f6r dig? F\u00f6r mig \u00e4r det nog n\u00e4r lugnet har s\u00e4nkt sig. N\u00e4r det inte finns s\u00e5 m\u00e5nga planer och man kan luta sig tillbaka med en kopp kaffe, te eller kakao eller lyssna p\u00e5 vacker musik. Det kanske inte varar s\u00e5 l\u00e4nge, men kom ih\u00e5g att njuta av stunden n\u00e4r den finns d\u00e4r.","robots":{"index":"noindex","follow":"follow","max-snippet":"max-snippet:-1","max-image-preview":"max-image-preview:large","max-video-preview":"max-video-preview:-1"},"og_locale":"sv_SE","og_type":"article","og_title":"Lykkekopp fra Lykketegning \"HARMONI\" - LYKKETEGNING ILLUSTRAT\u00d8R","og_description":"Lykkekopp fra Lykketegning \"HARMONI\" Hva er harmoni for deg? For meg er det nok n\u00e5r roen har senket seg. N\u00e5r det ikke er s\u00e5 mange planer og man kan sette seg tilbake med en kopp kaffe, te eller kakao \u00a0eller lytte til vakker musikk. Kanskje varer det ikke s\u00e5 lenge, men husk \u00e5 nyte stunden n\u00e5r den er der.","og_url":"https:\/\/lykketegningtest.wp3.hcweb.dev\/sv\/product-2\/gluckstasse-aus-der-glucksziehung-harmonie\/","og_site_name":"LYKKETEGNING ILLUSTRAT\u00d8R","article_publisher":"https:\/\/www.facebook.com\/lykketegning\/","article_modified_time":"2025-04-01T09:45:53+00:00","og_image":[{"width":1284,"height":1424,"url":"https:\/\/www.lykketegning.no\/wp-content\/uploads\/2024\/04\/IMG_B0CAF0A81B88-1.jpeg","type":"image\/jpeg"}],"twitter_card":"summary_large_image","twitter_misc":{"Ber\u00e4knad l\u00e4stid":"3 minuter"},"schema":{"@context":"https:\/\/schema.org","@graph":[{"@type":"WebPage","@id":"https:\/\/lykketegningtest.wp3.hcweb.dev\/de\/product-2\/gluckstasse-aus-der-glucksziehung-harmonie\/","url":"https:\/\/lykketegningtest.wp3.hcweb.dev\/de\/product-2\/gluckstasse-aus-der-glucksziehung-harmonie\/","name":"Lyckokopp fr\u00e5n Lyckoteckning \"HARMONY\" - LYCKLIG RITNING ILLUSTRAT\u00d6R","isPartOf":{"@id":"https:\/\/lykketegningtest.wp3.hcweb.dev\/#website"},"primaryImageOfPage":{"@id":"https:\/\/lykketegningtest.wp3.hcweb.dev\/de\/product-2\/gluckstasse-aus-der-glucksziehung-harmonie\/#primaryimage"},"image":{"@id":"https:\/\/lykketegningtest.wp3.hcweb.dev\/de\/product-2\/gluckstasse-aus-der-glucksziehung-harmonie\/#primaryimage"},"thumbnailUrl":"https:\/\/lykketegningtest.wp3.hcweb.dev\/wp-content\/uploads\/2024\/04\/IMG_B0CAF0A81B88-1.jpeg","datePublished":"2024-11-10T08:10:44+00:00","dateModified":"2025-04-01T09:45:53+00:00","description":"Happiness cup fr\u00e5n Happiness Drawing \"HARMONI\" Vad \u00e4r harmoni f\u00f6r dig? F\u00f6r mig \u00e4r det nog n\u00e4r lugnet har s\u00e4nkt sig. N\u00e4r det inte finns s\u00e5 m\u00e5nga planer och man kan luta sig tillbaka med en kopp kaffe, te eller kakao eller lyssna p\u00e5 vacker musik. Det kanske inte varar s\u00e5 l\u00e4nge, men kom ih\u00e5g att njuta av stunden n\u00e4r den finns d\u00e4r.","breadcrumb":{"@id":"https:\/\/lykketegningtest.wp3.hcweb.dev\/de\/product-2\/gluckstasse-aus-der-glucksziehung-harmonie\/#breadcrumb"},"inLanguage":"sv-SE","potentialAction":[{"@type":"ReadAction","target":["https:\/\/lykketegningtest.wp3.hcweb.dev\/de\/product-2\/gluckstasse-aus-der-glucksziehung-harmonie\/"]}]},{"@type":"ImageObject","inLanguage":"sv-SE","@id":"https:\/\/lykketegningtest.wp3.hcweb.dev\/de\/product-2\/gluckstasse-aus-der-glucksziehung-harmonie\/#primaryimage","url":"https:\/\/lykketegningtest.wp3.hcweb.dev\/wp-content\/uploads\/2024\/04\/IMG_B0CAF0A81B88-1.jpeg","contentUrl":"https:\/\/lykketegningtest.wp3.hcweb.dev\/wp-content\/uploads\/2024\/04\/IMG_B0CAF0A81B88-1.jpeg","width":1284,"height":1424,"caption":"Lykkekopp fra Lykketegning \"HARMONI\""},{"@type":"BreadcrumbList","@id":"https:\/\/lykketegningtest.wp3.hcweb.dev\/de\/product-2\/gluckstasse-aus-der-glucksziehung-harmonie\/#breadcrumb","itemListElement":[{"@type":"ListItem","position":1,"name":"Hjem","item":"https:\/\/lykketegningtest.wp3.hcweb.dev\/"},{"@type":"ListItem","position":2,"name":"Shop","item":"https:\/\/lykketegningtest.wp3.hcweb.dev\/sv\/webbutik\/"},{"@type":"ListItem","position":3,"name":"Lykkekopp fra Lykketegning &#8220;HARMONI&#8221;"}]},{"@type":"WebSite","@id":"https:\/\/lykketegningtest.wp3.hcweb.dev\/#website","url":"https:\/\/lykketegningtest.wp3.hcweb.dev\/","name":"LYCKLIG RITNING ILLUSTRAT\u00d6R","description":"","publisher":{"@id":"https:\/\/lykketegningtest.wp3.hcweb.dev\/#organization"},"potentialAction":[{"@type":"SearchAction","target":{"@type":"EntryPoint","urlTemplate":"https:\/\/lykketegningtest.wp3.hcweb.dev\/?s={search_term_string}"},"query-input":{"@type":"PropertyValueSpecification","valueRequired":true,"valueName":"search_term_string"}}],"inLanguage":"sv-SE"},{"@type":"Organization","@id":"https:\/\/lykketegningtest.wp3.hcweb.dev\/#organization","name":"LYCKLIG RITNING ILLUSTRAT\u00d6R","url":"https:\/\/lykketegningtest.wp3.hcweb.dev\/","logo":{"@type":"ImageObject","inLanguage":"sv-SE","@id":"https:\/\/lykketegningtest.wp3.hcweb.dev\/#\/schema\/logo\/image\/","url":"https:\/\/lykketegningtest.wp3.hcweb.dev\/wp-content\/uploads\/2020\/03\/Logo2020_h400px.jpg","contentUrl":"https:\/\/lykketegningtest.wp3.hcweb.dev\/wp-content\/uploads\/2020\/03\/Logo2020_h400px.jpg","width":1024,"height":400,"caption":"LYKKETEGNING ILLUSTRAT\u00d8R"},"image":{"@id":"https:\/\/lykketegningtest.wp3.hcweb.dev\/#\/schema\/logo\/image\/"},"sameAs":["https:\/\/www.facebook.com\/lykketegning\/","https:\/\/www.instagram.com\/lykketegning\/","https:\/\/www.youtube.com\/@lykketegningillustrations","https:\/\/www.tiktok.com\/@lykketegningillustration"]}]}},"_links":{"self":[{"href":"https:\/\/lykketegningtest.wp3.hcweb.dev\/sv\/wp-json\/wp\/v2\/product\/37250","targetHints":{"allow":["GET"]}}],"collection":[{"href":"https:\/\/lykketegningtest.wp3.hcweb.dev\/sv\/wp-json\/wp\/v2\/product"}],"about":[{"href":"https:\/\/lykketegningtest.wp3.hcweb.dev\/sv\/wp-json\/wp\/v2\/types\/product"}],"replies":[{"embeddable":true,"href":"https:\/\/lykketegningtest.wp3.hcweb.dev\/sv\/wp-json\/wp\/v2\/comments?post=37250"}],"wp:featuredmedia":[{"embeddable":true,"href":"https:\/\/lykketegningtest.wp3.hcweb.dev\/sv\/wp-json\/wp\/v2\/media\/37247"}],"wp:attachment":[{"href":"https:\/\/lykketegningtest.wp3.hcweb.dev\/sv\/wp-json\/wp\/v2\/media?parent=37250"}],"wp:term":[{"taxonomy":"product_brand","embeddable":true,"href":"https:\/\/lykketegningtest.wp3.hcweb.dev\/sv\/wp-json\/wp\/v2\/product_brand?post=37250"},{"taxonomy":"product_cat","embeddable":true,"href":"https:\/\/lykketegningtest.wp3.hcweb.dev\/sv\/wp-json\/wp\/v2\/product_cat?post=37250"},{"taxonomy":"product_tag","embeddable":true,"href":"https:\/\/lykketegningtest.wp3.hcweb.dev\/sv\/wp-json\/wp\/v2\/product_tag?post=37250"}],"curies":[{"name":"wp","href":"https:\/\/api.w.org\/{rel}","templated":true}]}}