{"id":41455,"date":"2025-11-26T12:06:51","date_gmt":"2025-11-26T11:06:51","guid":{"rendered":"https:\/\/www-lykketegning.wp3.hcweb.dev\/?post_type=product&#038;p=41455"},"modified":"2026-05-02T23:13:37","modified_gmt":"2026-05-02T21:13:37","slug":"nyhet-lykkekopp-fra-lykketegning-glede","status":"publish","type":"product","link":"https:\/\/lykketegningtest.wp3.hcweb.dev\/sv\/produkt\/nyhet-lykkekopp-fra-lykketegning-glede\/","title":{"rendered":"Nyhet! Lyckokopp fr\u00e5n lyckoteckningen \u201cJoy\u201d"},"content":{"rendered":"<h3>Helt ny lyckokopp fr\u00e5n Lykketegning \u201cJoy\u201d<\/h3>\n<p><i>Vardagssysslor, ansvar och arbete kan ibland \u00f6verskugga de saker du tycker mest om att g\u00f6ra.<span class=\"Apple-converted-space\">\u00a0<\/span><\/i><\/p>\n<p><i>S\u00e5 avs\u00e4tt tid f\u00f6r de saker som g\u00f6r dig lycklig.<span class=\"Apple-converted-space\">\u00a0<\/span><\/i><\/p>\n<p><i>Omge dig med m\u00e4nniskor som f\u00e5r dig att le och<span class=\"Apple-converted-space\">\u00a0<\/span><\/i><\/p>\n<p><i>Ta reda p\u00e5 vad som ger dig energi!<\/i><\/p>\n<p><i>Ha en fantastisk dag!<\/i><\/p>\n<p><b>Ingebj\u00f8rg Rang\u00f8y Sj\u00e5land <\/b><b>Lycklig dragning<\/b><\/p>\n<h5><span style=\"font-size: 16px;\">H\u00e4rlig gr\u00f6n f\u00e4rg och perfekt till morgonkaffet. Det hj\u00e4lper dig att f\u00e5 en bra start p\u00e5 dagen.\u00a0<\/span><\/h5>\n<p>Kolla \u00e4ven in de andra muggarna, till exempel <a href=\"https:\/\/lykketegningtest.wp3.hcweb.dev\/sv\/produkt\/helt-ny-lykkekopp-fra-lykketegning-oyeblikket\/\">\u00d6gonblicket.\u00a0<\/a><\/p>\n<p>Mugg rosa D8 H9,5 400ml Material: Porslin<\/p>\n<p>T\u00e5l maskindisk<\/p>\n<p>Popul\u00e4r mugg med citat fr\u00e5n Lucky Drawing<\/p>\n<h4>Mer om Lucky-ritning:<\/h4>\n<div class=\"row tab-table-row\">\n<div class=\"col-xs-6\"><strong>\"P\u00e5 Lykketegning skapas varje illustration med v\u00e4rme och omsorg.<\/strong><br \/>\n<strong>Med starka f\u00e4rger, tydliga linjer och bra citat vill Happiness Drawing f\u00e5 dig att stanna upp ett \u00f6gonblick, ta ett djupt andetag och sedan s\u00e4tta en bra kurs fram\u00e5t.<\/strong><br \/>\n<strong>Hj\u00e4rtana och leendena \u00e4r fr\u00e5n mig till dig f\u00f6r att p\u00e5minna dig om att du \u00e4r riktigt bra!\"<\/strong><\/div>\n<div class=\"col-xs-6\">\n<p>P\u00e5 webbplatsen hittar du n\u00e5gra illustrationer och andra produkter som koppar, gratulationskort och kalendrar, och nya produkter l\u00e4ggs st\u00e4ndigt till, s\u00e5 anm\u00e4l dig g\u00e4rna till nyhetsbrevet f\u00f6r m\u00e5natliga uppdateringar.<\/p>\n<p>F\u00f6r <strong>m\u00e5nga m\u00e5nga m\u00e5nga m\u00e5nga<\/strong> fler illustrationer; bes\u00f6k min Instagram- och Facebookprofil.<\/p>\n<p>Faktum \u00e4r att alla illustrationer \u00e4r till salu. 999 kr f\u00f6r A4 och 1500 kr f\u00f6r A3.<\/p>\n<p>Du kan ocks\u00e5 best\u00e4lla din egen - bra presenter att ge till br\u00f6llop och andra fester. H\u00f6r av dig till v\u00e5r inkorg f\u00f6r detta.<\/p>\n<p><em>Pris f\u00f6r fotografering: 1500kr f\u00f6r A4 och A5 (upp till 5 personer\/djur) extra kostnad f\u00f6r fler (upp till 5 personer\/djur). A3 2000kr ex porto. Jag beh\u00f6ver veta h\u00e5rf\u00e4rg\/h\u00e5rtyp, l\u00e4ngd, intressen och \u00f6nskat antal avbildade personer. Alla offerter du vill ha inkluderade.<\/em><\/p>\n<p>Om du har n\u00e5gra fr\u00e5gor, tveka inte att h\u00f6ra av dig! Om du vill ha en pratstund om ett eventuellt samarbete, skicka mig ett e-postmeddelande.<\/p>\n<p>Vi ser fram emot att h\u00f6ra fr\u00e5n dig och hoppas att du f\u00e5r en underbar dag. <a href=\"https:\/\/www.facebook.com\/lykketegning\/?locale=nb_NO\">D\u00e5 kommer du till min Facebook-sida.<\/a> Och om du vill f\u00f6lja mig p\u00e5<a href=\"https:\/\/www.instagram.com\/lykketegning\/?hl=nb\"> Instagram, du hittar det h\u00e4r.<\/a><\/p>\n<p>Konstn\u00e4r<br \/>\nIngebj\u00f8rg Rang\u00f8y Sj\u00e5land<\/p>\n<p>&nbsp;<\/p>\n<\/div>\n<\/div>\n<div><\/div>\n<div class=\"page\" title=\"Sidan 1\"><\/div>","protected":false},"excerpt":{"rendered":"<h3>Helt ny lyckokopp fr\u00e5n Lykketegning \u201cJoy\u201d<\/h3>\n<p><i>Vardagssysslor, ansvar och arbete kan ibland \u00f6verskugga de saker du tycker mest om att g\u00f6ra. <\/i><\/p>\n<p><i>S\u00e5 avs\u00e4tt tid f\u00f6r de saker som g\u00f6r dig lycklig. <\/i><\/p>\n<p><i>Omge dig med m\u00e4nniskor som f\u00e5r dig att le och <\/i><\/p>\n<p><i>Ta reda p\u00e5 vad som ger dig energi!<\/i><\/p>\n<p><i>Ha en fantastisk dag!<\/i><\/p>\n<p><b>Ingebj\u00f8rg Rang\u00f8y Sj\u00e5land <\/b><b>Lycklig dragning<\/b><\/p>\n<h5><span style=\"font-size: 16px;\">H\u00e4rlig gr\u00f6n f\u00e4rg och perfekt till morgonkaffet. Det hj\u00e4lper dig att f\u00e5 en bra start p\u00e5 dagen.\u00a0<\/span><\/h5>\n<p>&nbsp;<\/p>","protected":false},"featured_media":41452,"comment_status":"closed","ping_status":"closed","template":"","meta":[],"product_brand":[432],"product_cat":[41],"product_tag":[434,191,43,121],"class_list":{"0":"post-41455","1":"product","2":"type-product","3":"status-publish","4":"has-post-thumbnail","6":"product_brand-lykkekopp","7":"product_cat-lykkekopper","8":"product_tag-glede","9":"product_tag-lykke","10":"product_tag-lykkekopp","11":"product_tag-lykkekrus","13":"first","14":"instock","15":"taxable","16":"shipping-taxable","17":"purchasable","18":"product-type-simple"},"yoast_head":"<!-- This site is optimized with the Yoast SEO plugin v27.5 - https:\/\/yoast.com\/product\/yoast-seo-wordpress\/ -->\n<title>Nyhet! Lykkekopp fra Lykketegning &quot;Glede&quot; - LYKKETEGNING ILLUSTRAT\u00d8R<\/title>\n<meta name=\"description\" content=\"Helt ny Lykkekopp fra Lykketegning &quot;Glede&quot;. Hvor mange har du? Hos Lykketegning kan du samle p\u00e5 alle koppene. Over 30 ulike motiver.\" \/>\n<meta name=\"robots\" content=\"noindex, follow, max-snippet:-1, max-image-preview:large, max-video-preview:-1\" \/>\n<meta property=\"og:locale\" content=\"sv_SE\" \/>\n<meta property=\"og:type\" content=\"article\" \/>\n<meta property=\"og:title\" content=\"Nyhet! Lykkekopp fra Lykketegning &quot;Glede&quot; - LYKKETEGNING ILLUSTRAT\u00d8R\" \/>\n<meta property=\"og:description\" content=\"Helt ny Lykkekopp fra Lykketegning &quot;Glede&quot;. Hvor mange har du? Hos Lykketegning kan du samle p\u00e5 alle koppene. Over 30 ulike motiver.\" \/>\n<meta property=\"og:url\" content=\"https:\/\/lykketegningtest.wp3.hcweb.dev\/sv\/produkt\/nyhet-lykkekopp-fra-lykketegning-glede\/\" \/>\n<meta property=\"og:site_name\" content=\"LYKKETEGNING ILLUSTRAT\u00d8R\" \/>\n<meta property=\"article:publisher\" content=\"https:\/\/www.facebook.com\/lykketegning\/\" \/>\n<meta property=\"article:modified_time\" content=\"2026-05-02T21:13:37+00:00\" \/>\n<meta property=\"og:image\" content=\"https:\/\/www.lykketegning.no\/wp-content\/uploads\/2025\/11\/46242121_1-scaled.jpg\" \/>\n\t<meta property=\"og:image:width\" content=\"2560\" \/>\n\t<meta property=\"og:image:height\" content=\"2560\" \/>\n\t<meta property=\"og:image:type\" content=\"image\/jpeg\" \/>\n<meta name=\"twitter:card\" content=\"summary_large_image\" \/>\n<meta name=\"twitter:label1\" content=\"Ber\u00e4knad l\u00e4stid\" \/>\n\t<meta name=\"twitter:data1\" content=\"3 minuter\" \/>\n<script type=\"application\/ld+json\" class=\"yoast-schema-graph\">{\"@context\":\"https:\\\/\\\/schema.org\",\"@graph\":[{\"@type\":\"WebPage\",\"@id\":\"https:\\\/\\\/lykketegningtest.wp3.hcweb.dev\\\/produkt\\\/nyhet-lykkekopp-fra-lykketegning-glede\\\/\",\"url\":\"https:\\\/\\\/lykketegningtest.wp3.hcweb.dev\\\/produkt\\\/nyhet-lykkekopp-fra-lykketegning-glede\\\/\",\"name\":\"Nyhet! Lykkekopp fra Lykketegning \\\"Glede\\\" - LYKKETEGNING ILLUSTRAT\u00d8R\",\"isPartOf\":{\"@id\":\"https:\\\/\\\/lykketegningtest.wp3.hcweb.dev\\\/#website\"},\"primaryImageOfPage\":{\"@id\":\"https:\\\/\\\/lykketegningtest.wp3.hcweb.dev\\\/produkt\\\/nyhet-lykkekopp-fra-lykketegning-glede\\\/#primaryimage\"},\"image\":{\"@id\":\"https:\\\/\\\/lykketegningtest.wp3.hcweb.dev\\\/produkt\\\/nyhet-lykkekopp-fra-lykketegning-glede\\\/#primaryimage\"},\"thumbnailUrl\":\"https:\\\/\\\/lykketegningtest.wp3.hcweb.dev\\\/wp-content\\\/uploads\\\/2025\\\/11\\\/46242121_1-scaled.jpg\",\"datePublished\":\"2025-11-26T11:06:51+00:00\",\"dateModified\":\"2026-05-02T21:13:37+00:00\",\"description\":\"Helt ny Lykkekopp fra Lykketegning \\\"Glede\\\". Hvor mange har du? Hos Lykketegning kan du samle p\u00e5 alle koppene. Over 30 ulike motiver.\",\"breadcrumb\":{\"@id\":\"https:\\\/\\\/lykketegningtest.wp3.hcweb.dev\\\/produkt\\\/nyhet-lykkekopp-fra-lykketegning-glede\\\/#breadcrumb\"},\"inLanguage\":\"sv-SE\",\"potentialAction\":[{\"@type\":\"ReadAction\",\"target\":[\"https:\\\/\\\/lykketegningtest.wp3.hcweb.dev\\\/produkt\\\/nyhet-lykkekopp-fra-lykketegning-glede\\\/\"]}]},{\"@type\":\"ImageObject\",\"inLanguage\":\"sv-SE\",\"@id\":\"https:\\\/\\\/lykketegningtest.wp3.hcweb.dev\\\/produkt\\\/nyhet-lykkekopp-fra-lykketegning-glede\\\/#primaryimage\",\"url\":\"https:\\\/\\\/lykketegningtest.wp3.hcweb.dev\\\/wp-content\\\/uploads\\\/2025\\\/11\\\/46242121_1-scaled.jpg\",\"contentUrl\":\"https:\\\/\\\/lykketegningtest.wp3.hcweb.dev\\\/wp-content\\\/uploads\\\/2025\\\/11\\\/46242121_1-scaled.jpg\",\"width\":2560,\"height\":2560},{\"@type\":\"BreadcrumbList\",\"@id\":\"https:\\\/\\\/lykketegningtest.wp3.hcweb.dev\\\/produkt\\\/nyhet-lykkekopp-fra-lykketegning-glede\\\/#breadcrumb\",\"itemListElement\":[{\"@type\":\"ListItem\",\"position\":1,\"name\":\"Hjem\",\"item\":\"https:\\\/\\\/lykketegningtest.wp3.hcweb.dev\\\/\"},{\"@type\":\"ListItem\",\"position\":2,\"name\":\"Shop\",\"item\":\"https:\\\/\\\/lykketegningtest.wp3.hcweb.dev\\\/sv\\\/webbutik\\\/\"},{\"@type\":\"ListItem\",\"position\":3,\"name\":\"Nyhet! Lykkekopp fra Lykketegning &#8220;Glede&#8221;\"}]},{\"@type\":\"WebSite\",\"@id\":\"https:\\\/\\\/lykketegningtest.wp3.hcweb.dev\\\/#website\",\"url\":\"https:\\\/\\\/lykketegningtest.wp3.hcweb.dev\\\/\",\"name\":\"LYKKETEGNING ILLUSTRAT\u00d8R\",\"description\":\"\",\"publisher\":{\"@id\":\"https:\\\/\\\/lykketegningtest.wp3.hcweb.dev\\\/#organization\"},\"potentialAction\":[{\"@type\":\"SearchAction\",\"target\":{\"@type\":\"EntryPoint\",\"urlTemplate\":\"https:\\\/\\\/lykketegningtest.wp3.hcweb.dev\\\/?s={search_term_string}\"},\"query-input\":{\"@type\":\"PropertyValueSpecification\",\"valueRequired\":true,\"valueName\":\"search_term_string\"}}],\"inLanguage\":\"sv-SE\"},{\"@type\":\"Organization\",\"@id\":\"https:\\\/\\\/lykketegningtest.wp3.hcweb.dev\\\/#organization\",\"name\":\"LYKKETEGNING ILLUSTRAT\u00d8R\",\"url\":\"https:\\\/\\\/lykketegningtest.wp3.hcweb.dev\\\/\",\"logo\":{\"@type\":\"ImageObject\",\"inLanguage\":\"sv-SE\",\"@id\":\"https:\\\/\\\/lykketegningtest.wp3.hcweb.dev\\\/#\\\/schema\\\/logo\\\/image\\\/\",\"url\":\"https:\\\/\\\/lykketegningtest.wp3.hcweb.dev\\\/wp-content\\\/uploads\\\/2020\\\/03\\\/Logo2020_h400px.jpg\",\"contentUrl\":\"https:\\\/\\\/lykketegningtest.wp3.hcweb.dev\\\/wp-content\\\/uploads\\\/2020\\\/03\\\/Logo2020_h400px.jpg\",\"width\":1024,\"height\":400,\"caption\":\"LYKKETEGNING ILLUSTRAT\u00d8R\"},\"image\":{\"@id\":\"https:\\\/\\\/lykketegningtest.wp3.hcweb.dev\\\/#\\\/schema\\\/logo\\\/image\\\/\"},\"sameAs\":[\"https:\\\/\\\/www.facebook.com\\\/lykketegning\\\/\",\"https:\\\/\\\/www.instagram.com\\\/lykketegning\\\/\",\"https:\\\/\\\/www.youtube.com\\\/@lykketegningillustrations\",\"https:\\\/\\\/www.tiktok.com\\\/@lykketegningillustration\"]}]}<\/script>\n<!-- \/ Yoast SEO plugin. -->","yoast_head_json":{"title":"Nyhet! Lyckokopp fr\u00e5n Lucky Drawing \"Joy\" - LUCKY DRAWING ILLUSTRATOR","description":"Helt ny lyckokopp fr\u00e5n Lykketegning \"Joy\". Hur m\u00e5nga har du? Hos Lykketegning kan du samla alla koppar. \u00d6ver 30 olika motiv.","robots":{"index":"noindex","follow":"follow","max-snippet":"max-snippet:-1","max-image-preview":"max-image-preview:large","max-video-preview":"max-video-preview:-1"},"og_locale":"sv_SE","og_type":"article","og_title":"Nyhet! Lykkekopp fra Lykketegning \"Glede\" - LYKKETEGNING ILLUSTRAT\u00d8R","og_description":"Helt ny Lykkekopp fra Lykketegning \"Glede\". Hvor mange har du? Hos Lykketegning kan du samle p\u00e5 alle koppene. Over 30 ulike motiver.","og_url":"https:\/\/lykketegningtest.wp3.hcweb.dev\/sv\/produkt\/nyhet-lykkekopp-fra-lykketegning-glede\/","og_site_name":"LYKKETEGNING ILLUSTRAT\u00d8R","article_publisher":"https:\/\/www.facebook.com\/lykketegning\/","article_modified_time":"2026-05-02T21:13:37+00:00","og_image":[{"width":2560,"height":2560,"url":"https:\/\/www.lykketegning.no\/wp-content\/uploads\/2025\/11\/46242121_1-scaled.jpg","type":"image\/jpeg"}],"twitter_card":"summary_large_image","twitter_misc":{"Ber\u00e4knad l\u00e4stid":"3 minuter"},"schema":{"@context":"https:\/\/schema.org","@graph":[{"@type":"WebPage","@id":"https:\/\/lykketegningtest.wp3.hcweb.dev\/produkt\/nyhet-lykkekopp-fra-lykketegning-glede\/","url":"https:\/\/lykketegningtest.wp3.hcweb.dev\/produkt\/nyhet-lykkekopp-fra-lykketegning-glede\/","name":"Nyhet! Lyckokopp fr\u00e5n Lucky Drawing \"Joy\" - LUCKY DRAWING ILLUSTRATOR","isPartOf":{"@id":"https:\/\/lykketegningtest.wp3.hcweb.dev\/#website"},"primaryImageOfPage":{"@id":"https:\/\/lykketegningtest.wp3.hcweb.dev\/produkt\/nyhet-lykkekopp-fra-lykketegning-glede\/#primaryimage"},"image":{"@id":"https:\/\/lykketegningtest.wp3.hcweb.dev\/produkt\/nyhet-lykkekopp-fra-lykketegning-glede\/#primaryimage"},"thumbnailUrl":"https:\/\/lykketegningtest.wp3.hcweb.dev\/wp-content\/uploads\/2025\/11\/46242121_1-scaled.jpg","datePublished":"2025-11-26T11:06:51+00:00","dateModified":"2026-05-02T21:13:37+00:00","description":"Helt ny lyckokopp fr\u00e5n Lykketegning \"Joy\". Hur m\u00e5nga har du? Hos Lykketegning kan du samla alla koppar. \u00d6ver 30 olika motiv.","breadcrumb":{"@id":"https:\/\/lykketegningtest.wp3.hcweb.dev\/produkt\/nyhet-lykkekopp-fra-lykketegning-glede\/#breadcrumb"},"inLanguage":"sv-SE","potentialAction":[{"@type":"ReadAction","target":["https:\/\/lykketegningtest.wp3.hcweb.dev\/produkt\/nyhet-lykkekopp-fra-lykketegning-glede\/"]}]},{"@type":"ImageObject","inLanguage":"sv-SE","@id":"https:\/\/lykketegningtest.wp3.hcweb.dev\/produkt\/nyhet-lykkekopp-fra-lykketegning-glede\/#primaryimage","url":"https:\/\/lykketegningtest.wp3.hcweb.dev\/wp-content\/uploads\/2025\/11\/46242121_1-scaled.jpg","contentUrl":"https:\/\/lykketegningtest.wp3.hcweb.dev\/wp-content\/uploads\/2025\/11\/46242121_1-scaled.jpg","width":2560,"height":2560},{"@type":"BreadcrumbList","@id":"https:\/\/lykketegningtest.wp3.hcweb.dev\/produkt\/nyhet-lykkekopp-fra-lykketegning-glede\/#breadcrumb","itemListElement":[{"@type":"ListItem","position":1,"name":"Hjem","item":"https:\/\/lykketegningtest.wp3.hcweb.dev\/"},{"@type":"ListItem","position":2,"name":"Shop","item":"https:\/\/lykketegningtest.wp3.hcweb.dev\/sv\/webbutik\/"},{"@type":"ListItem","position":3,"name":"Nyhet! Lykkekopp fra Lykketegning &#8220;Glede&#8221;"}]},{"@type":"WebSite","@id":"https:\/\/lykketegningtest.wp3.hcweb.dev\/#website","url":"https:\/\/lykketegningtest.wp3.hcweb.dev\/","name":"LYCKLIG RITNING ILLUSTRAT\u00d6R","description":"","publisher":{"@id":"https:\/\/lykketegningtest.wp3.hcweb.dev\/#organization"},"potentialAction":[{"@type":"SearchAction","target":{"@type":"EntryPoint","urlTemplate":"https:\/\/lykketegningtest.wp3.hcweb.dev\/?s={search_term_string}"},"query-input":{"@type":"PropertyValueSpecification","valueRequired":true,"valueName":"search_term_string"}}],"inLanguage":"sv-SE"},{"@type":"Organization","@id":"https:\/\/lykketegningtest.wp3.hcweb.dev\/#organization","name":"LYCKLIG RITNING ILLUSTRAT\u00d6R","url":"https:\/\/lykketegningtest.wp3.hcweb.dev\/","logo":{"@type":"ImageObject","inLanguage":"sv-SE","@id":"https:\/\/lykketegningtest.wp3.hcweb.dev\/#\/schema\/logo\/image\/","url":"https:\/\/lykketegningtest.wp3.hcweb.dev\/wp-content\/uploads\/2020\/03\/Logo2020_h400px.jpg","contentUrl":"https:\/\/lykketegningtest.wp3.hcweb.dev\/wp-content\/uploads\/2020\/03\/Logo2020_h400px.jpg","width":1024,"height":400,"caption":"LYKKETEGNING ILLUSTRAT\u00d8R"},"image":{"@id":"https:\/\/lykketegningtest.wp3.hcweb.dev\/#\/schema\/logo\/image\/"},"sameAs":["https:\/\/www.facebook.com\/lykketegning\/","https:\/\/www.instagram.com\/lykketegning\/","https:\/\/www.youtube.com\/@lykketegningillustrations","https:\/\/www.tiktok.com\/@lykketegningillustration"]}]}},"_links":{"self":[{"href":"https:\/\/lykketegningtest.wp3.hcweb.dev\/sv\/wp-json\/wp\/v2\/product\/41455","targetHints":{"allow":["GET"]}}],"collection":[{"href":"https:\/\/lykketegningtest.wp3.hcweb.dev\/sv\/wp-json\/wp\/v2\/product"}],"about":[{"href":"https:\/\/lykketegningtest.wp3.hcweb.dev\/sv\/wp-json\/wp\/v2\/types\/product"}],"replies":[{"embeddable":true,"href":"https:\/\/lykketegningtest.wp3.hcweb.dev\/sv\/wp-json\/wp\/v2\/comments?post=41455"}],"wp:featuredmedia":[{"embeddable":true,"href":"https:\/\/lykketegningtest.wp3.hcweb.dev\/sv\/wp-json\/wp\/v2\/media\/41452"}],"wp:attachment":[{"href":"https:\/\/lykketegningtest.wp3.hcweb.dev\/sv\/wp-json\/wp\/v2\/media?parent=41455"}],"wp:term":[{"taxonomy":"product_brand","embeddable":true,"href":"https:\/\/lykketegningtest.wp3.hcweb.dev\/sv\/wp-json\/wp\/v2\/product_brand?post=41455"},{"taxonomy":"product_cat","embeddable":true,"href":"https:\/\/lykketegningtest.wp3.hcweb.dev\/sv\/wp-json\/wp\/v2\/product_cat?post=41455"},{"taxonomy":"product_tag","embeddable":true,"href":"https:\/\/lykketegningtest.wp3.hcweb.dev\/sv\/wp-json\/wp\/v2\/product_tag?post=41455"}],"curies":[{"name":"wp","href":"https:\/\/api.w.org\/{rel}","templated":true}]}}