{"id":41997,"date":"2026-01-20T13:03:44","date_gmt":"2026-01-20T12:03:44","guid":{"rendered":"https:\/\/www-lykketegning.wp3.hcweb.dev\/?post_type=product&#038;p=41997"},"modified":"2026-03-25T15:50:52","modified_gmt":"2026-03-25T14:50:52","slug":"gjor-mer-av-det-som-gjor-deg-glad","status":"publish","type":"product","link":"https:\/\/lykketegningtest.wp3.hcweb.dev\/sv\/produkt\/gjor-mer-av-det-som-gjor-deg-glad\/","title":{"rendered":"Vinglas med gravering \u201cG\u00f6r mer av det som g\u00f6r dig lycklig!\u201d"},"content":{"rendered":"<h2>Vinglas med gravering \u201cG\u00f6r mer av det som g\u00f6r dig lycklig!\u201d<\/h2>\n<p><i>Vardagssysslor, ansvar och arbete kan ibland \u00f6verskugga de saker du tycker mest om att g\u00f6ra.<span class=\"Apple-converted-space\">\u00a0<\/span><\/i><\/p>\n<p><i>S\u00e5 avs\u00e4tt tid f\u00f6r de saker som g\u00f6r dig lycklig.<span class=\"Apple-converted-space\">\u00a0<\/span><\/i><\/p>\n<p><i>Omge dig med m\u00e4nniskor som f\u00e5r dig att le och<span class=\"Apple-converted-space\">\u00a0<\/span><\/i><\/p>\n<p><i>Ta reda p\u00e5 vad som ger dig energi!<\/i><\/p>\n<p><i>Ha en fantastisk dag!<\/i><\/p>\n<p><b>Ingebj\u00f8rg Rang\u00f8y Sj\u00e5land<\/b><\/p>\n<p>Vinglas med vacker design och gravyr.<br \/>\nGlasen \u00e4r utformade s\u00e5 att du kan njuta av b\u00e5de r\u00f6tt och vitt, men \u00e4r ocks\u00e5 perfekta f\u00f6r att servera en f\u00e4rsk juice.<\/p>\n<p>En perfekt present att ge till en v\u00e4n eller till brudparet.<\/p>\n<p>Levereras i en s\u00f6t l\u00e5da med en illustration fr\u00e5n Luck Drawing.<\/p>\n<p>Kolla \u00e4ven in de andra vinglasen i samma serie med annan text.<\/p>\n<p>Med tydliga linjer och bra citat vill Lucky Drawing f\u00e5 dig att stanna upp och t\u00e4nka efter,<br \/>\nAndas djupt och s\u00e4tt sedan en bra kurs fram\u00e5t.<br \/>\nKan reng\u00f6ras i diskmaskin.<br \/>\nD9,5 H22,5 cm 625 ml, glas, klar. 1 st i presentf\u00f6rpackning<\/p>\n<p><strong>\"P\u00e5 Lykketegning skapas varje illustration med v\u00e4rme och omsorg.<\/strong><br \/>\n<strong>Med starka f\u00e4rger, tydliga linjer och bra citat vill Happiness Drawing f\u00e5 dig att stanna upp ett \u00f6gonblick, ta ett djupt andetag och sedan s\u00e4tta en bra kurs fram\u00e5t.<\/strong><br \/>\n<strong>Hj\u00e4rtana och leendena \u00e4r fr\u00e5n mig till dig f\u00f6r att p\u00e5minna dig om att du \u00e4r riktigt bra!\"<\/strong><\/p>\n<p>&nbsp;<\/p>\n<p>P\u00e5 hemsidan hittar du n\u00e5gra illustrationer och andra produkter som koppar, gratulationskort och kalendrar.<\/p>\n<p>Nya produkter l\u00e4ggs st\u00e4ndigt till h\u00e4r, s\u00e5 registrera dig g\u00e4rna f\u00f6r nyhetsbrevet f\u00f6r m\u00e5natliga uppdateringar.<\/p>\n<p>F\u00f6r <strong>m\u00e5nga m\u00e5nga m\u00e5nga m\u00e5nga<\/strong> fler illustrationer; bes\u00f6k min Instagram- och Facebookprofil.<\/p>\n<p>Faktum \u00e4r att alla illustrationer \u00e4r till salu. 999 kr f\u00f6r A4 och 1500 kr f\u00f6r A3.<\/p>\n<p>Du kan ocks\u00e5 best\u00e4lla din egen - bra presenter att ge till br\u00f6llop och andra fester. H\u00f6r av dig till v\u00e5r inkorg f\u00f6r detta.<\/p>\n<p><em>Pris f\u00f6r fotografering: 1500kr f\u00f6r A4 och A5 (upp till 5 personer\/djur) extra kostnad f\u00f6r fler (upp till 5 personer\/djur). A3 2000kr ex porto. Jag beh\u00f6ver veta h\u00e5rf\u00e4rg\/h\u00e5rtyp, l\u00e4ngd, intressen och \u00f6nskat antal avbildade personer. Alla offerter du vill ha inkluderade.<\/em><\/p>\n<p>Om du har n\u00e5gra fr\u00e5gor, tveka inte att h\u00f6ra av dig! Om du vill ha en pratstund om ett eventuellt samarbete, skicka mig ett e-postmeddelande.<\/p>\n<p>Vi ser fram emot att h\u00f6ra fr\u00e5n dig och hoppas att du f\u00e5r en underbar dag. <a href=\"https:\/\/www.facebook.com\/lykketegning\/?locale=nb_NO\">D\u00e5 kommer du till min Facebook-sida.<\/a> Och om du vill f\u00f6lja mig p\u00e5<a href=\"https:\/\/www.instagram.com\/lykketegning\/?hl=nb\"> Instagram, du hittar det h\u00e4r.<\/a><\/p>\n<p>Konstn\u00e4r<br \/>\nIngebj\u00f8rg Rang\u00f8y Sj\u00e5land<\/p>\n<p>&nbsp;<\/p>\n<p>&nbsp;<\/p>","protected":false},"excerpt":{"rendered":"<h2>Vinglas med gravering \u201cG\u00f6r mer av det som g\u00f6r dig lycklig!\u201d<\/h2>\n<p><i>Vardagssysslor, ansvar och arbete kan ibland \u00f6verskugga de saker du tycker mest om att g\u00f6ra. <\/i><\/p>\n<p><i>S\u00e5 avs\u00e4tt tid f\u00f6r de saker som g\u00f6r dig lycklig. <\/i><\/p>\n<p><i>Omge dig med m\u00e4nniskor som f\u00e5r dig att le och <\/i><\/p>\n<p><i>Ta reda p\u00e5 vad som ger dig energi!<\/i><\/p>\n<p><i>Ha en fantastisk dag!<\/i><\/p>\n<p><b>Ingebj\u00f8rg Rang\u00f8y Sj\u00e5land<\/b><\/p>\n<p>Vinglas med vacker design och gravyr. \"Att ha en v\u00e4n som du g\u00f6r livet b\u00e4ttre\"<\/p>\n<p>Glasen \u00e4r utformade s\u00e5 att du kan njuta av b\u00e5de r\u00f6tt och vitt, men \u00e4r ocks\u00e5 perfekta f\u00f6r att servera en f\u00e4rsk juice.<\/p>\n<p>En perfekt present att ge till en v\u00e4n eller till brudparet.<\/p>\n<p>Levereras i en s\u00f6t l\u00e5da med en illustration fr\u00e5n Luck Drawing.<\/p>\n<p>Kolla in de 7 andra vinglasen i samma serie med annan text.<\/p>\n<p>Med tydliga linjer och bra citat vill Lucky Drawing f\u00e5 dig att stanna upp och t\u00e4nka efter,<br \/>\nAndas djupt och s\u00e4tt sedan en bra kurs fram\u00e5t.<br \/>\nKan reng\u00f6ras i diskmaskin.<br \/>\nD9,5 H22,5 cm 625 ml, glas, klar. 1 st i presentf\u00f6rpackning<\/p>","protected":false},"featured_media":42005,"comment_status":"open","ping_status":"closed","template":"","meta":[],"product_brand":[440],"product_cat":[197],"product_tag":[441,248,442,329,198,330],"class_list":{"0":"post-41997","1":"product","2":"type-product","3":"status-publish","4":"has-post-thumbnail","6":"product_brand-vinglass","7":"product_cat-graverte-vinglass-champagneglass","8":"product_tag-gjor-mer-av-det-som-gjor-deg-glad","9":"product_tag-glass","10":"product_tag-nyhet","11":"product_tag-vin","12":"product_tag-vinglass","13":"product_tag-ol","15":"first","16":"instock","17":"featured","18":"taxable","19":"shipping-taxable","20":"purchasable","21":"product-type-simple"},"yoast_head":"<!-- This site is optimized with the Yoast SEO plugin v27.5 - https:\/\/yoast.com\/product\/yoast-seo-wordpress\/ -->\n<title>Vinglass med gravering &quot;Gj\u00f8r mer av det som gj\u00f8r deg glad!&quot; - LYKKETEGNING ILLUSTRAT\u00d8R<\/title>\n<meta name=\"description\" content=\"Vinglass med gravering &quot;Gj\u00f8r mer av det som gj\u00f8r deg glad!&quot; En perfekt gave \u00e5 gi til venninne eller brudepar. Du finner den hos Lykketegning\" \/>\n<meta name=\"robots\" content=\"noindex, follow, max-snippet:-1, max-image-preview:large, max-video-preview:-1\" \/>\n<meta property=\"og:locale\" content=\"sv_SE\" \/>\n<meta property=\"og:type\" content=\"article\" \/>\n<meta property=\"og:title\" content=\"Vinglass med gravering &quot;Gj\u00f8r mer av det som gj\u00f8r deg glad!&quot; - LYKKETEGNING ILLUSTRAT\u00d8R\" \/>\n<meta property=\"og:description\" content=\"Vinglass med gravering &quot;Gj\u00f8r mer av det som gj\u00f8r deg glad!&quot; En perfekt gave \u00e5 gi til venninne eller brudepar. Du finner den hos Lykketegning\" \/>\n<meta property=\"og:url\" content=\"https:\/\/lykketegningtest.wp3.hcweb.dev\/sv\/product-2\/gor-mer-av-det-som-gor-dig-lycklig\/\" \/>\n<meta property=\"og:site_name\" content=\"LYKKETEGNING ILLUSTRAT\u00d8R\" \/>\n<meta property=\"article:publisher\" content=\"https:\/\/www.facebook.com\/lykketegning\/\" \/>\n<meta property=\"article:modified_time\" content=\"2026-03-25T14:50:52+00:00\" \/>\n<meta property=\"og:image\" content=\"https:\/\/www.lykketegning.no\/wp-content\/uploads\/2026\/01\/IMG_5910-2-1-scaled.jpg\" \/>\n\t<meta property=\"og:image:width\" content=\"1667\" \/>\n\t<meta property=\"og:image:height\" content=\"2560\" \/>\n\t<meta property=\"og:image:type\" content=\"image\/jpeg\" \/>\n<meta name=\"twitter:card\" content=\"summary_large_image\" \/>\n<meta name=\"twitter:label1\" content=\"Ber\u00e4knad l\u00e4stid\" \/>\n\t<meta name=\"twitter:data1\" content=\"3 minuter\" \/>\n<script type=\"application\/ld+json\" class=\"yoast-schema-graph\">{\"@context\":\"https:\\\/\\\/schema.org\",\"@graph\":[{\"@type\":\"WebPage\",\"@id\":\"https:\\\/\\\/lykketegningtest.wp3.hcweb.dev\\\/sv\\\/product-2\\\/gor-mer-av-det-som-gor-dig-lycklig\\\/\",\"url\":\"https:\\\/\\\/lykketegningtest.wp3.hcweb.dev\\\/sv\\\/product-2\\\/gor-mer-av-det-som-gor-dig-lycklig\\\/\",\"name\":\"Vinglass med gravering \\\"Gj\u00f8r mer av det som gj\u00f8r deg glad!\\\" - LYKKETEGNING ILLUSTRAT\u00d8R\",\"isPartOf\":{\"@id\":\"https:\\\/\\\/lykketegningtest.wp3.hcweb.dev\\\/#website\"},\"primaryImageOfPage\":{\"@id\":\"https:\\\/\\\/lykketegningtest.wp3.hcweb.dev\\\/sv\\\/product-2\\\/gor-mer-av-det-som-gor-dig-lycklig\\\/#primaryimage\"},\"image\":{\"@id\":\"https:\\\/\\\/lykketegningtest.wp3.hcweb.dev\\\/sv\\\/product-2\\\/gor-mer-av-det-som-gor-dig-lycklig\\\/#primaryimage\"},\"thumbnailUrl\":\"https:\\\/\\\/lykketegningtest.wp3.hcweb.dev\\\/wp-content\\\/uploads\\\/2026\\\/01\\\/IMG_5910-2-1-scaled.jpg\",\"datePublished\":\"2026-01-20T12:03:44+00:00\",\"dateModified\":\"2026-03-25T14:50:52+00:00\",\"description\":\"Vinglass med gravering \\\"Gj\u00f8r mer av det som gj\u00f8r deg glad!\\\" En perfekt gave \u00e5 gi til venninne eller brudepar. Du finner den hos Lykketegning\",\"breadcrumb\":{\"@id\":\"https:\\\/\\\/lykketegningtest.wp3.hcweb.dev\\\/sv\\\/product-2\\\/gor-mer-av-det-som-gor-dig-lycklig\\\/#breadcrumb\"},\"inLanguage\":\"sv-SE\",\"potentialAction\":[{\"@type\":\"ReadAction\",\"target\":[\"https:\\\/\\\/lykketegningtest.wp3.hcweb.dev\\\/sv\\\/product-2\\\/gor-mer-av-det-som-gor-dig-lycklig\\\/\"]}]},{\"@type\":\"ImageObject\",\"inLanguage\":\"sv-SE\",\"@id\":\"https:\\\/\\\/lykketegningtest.wp3.hcweb.dev\\\/sv\\\/product-2\\\/gor-mer-av-det-som-gor-dig-lycklig\\\/#primaryimage\",\"url\":\"https:\\\/\\\/lykketegningtest.wp3.hcweb.dev\\\/wp-content\\\/uploads\\\/2026\\\/01\\\/IMG_5910-2-1-scaled.jpg\",\"contentUrl\":\"https:\\\/\\\/lykketegningtest.wp3.hcweb.dev\\\/wp-content\\\/uploads\\\/2026\\\/01\\\/IMG_5910-2-1-scaled.jpg\",\"width\":1667,\"height\":2560},{\"@type\":\"BreadcrumbList\",\"@id\":\"https:\\\/\\\/lykketegningtest.wp3.hcweb.dev\\\/sv\\\/product-2\\\/gor-mer-av-det-som-gor-dig-lycklig\\\/#breadcrumb\",\"itemListElement\":[{\"@type\":\"ListItem\",\"position\":1,\"name\":\"Hjem\",\"item\":\"https:\\\/\\\/lykketegningtest.wp3.hcweb.dev\\\/\"},{\"@type\":\"ListItem\",\"position\":2,\"name\":\"Shop\",\"item\":\"https:\\\/\\\/lykketegningtest.wp3.hcweb.dev\\\/sv\\\/webbutik\\\/\"},{\"@type\":\"ListItem\",\"position\":3,\"name\":\"Vinglass med gravering &#8220;Gj\u00f8r mer av det som gj\u00f8r deg glad!&#8221;\"}]},{\"@type\":\"WebSite\",\"@id\":\"https:\\\/\\\/lykketegningtest.wp3.hcweb.dev\\\/#website\",\"url\":\"https:\\\/\\\/lykketegningtest.wp3.hcweb.dev\\\/\",\"name\":\"LYKKETEGNING ILLUSTRAT\u00d8R\",\"description\":\"\",\"publisher\":{\"@id\":\"https:\\\/\\\/lykketegningtest.wp3.hcweb.dev\\\/#organization\"},\"potentialAction\":[{\"@type\":\"SearchAction\",\"target\":{\"@type\":\"EntryPoint\",\"urlTemplate\":\"https:\\\/\\\/lykketegningtest.wp3.hcweb.dev\\\/?s={search_term_string}\"},\"query-input\":{\"@type\":\"PropertyValueSpecification\",\"valueRequired\":true,\"valueName\":\"search_term_string\"}}],\"inLanguage\":\"sv-SE\"},{\"@type\":\"Organization\",\"@id\":\"https:\\\/\\\/lykketegningtest.wp3.hcweb.dev\\\/#organization\",\"name\":\"LYKKETEGNING ILLUSTRAT\u00d8R\",\"url\":\"https:\\\/\\\/lykketegningtest.wp3.hcweb.dev\\\/\",\"logo\":{\"@type\":\"ImageObject\",\"inLanguage\":\"sv-SE\",\"@id\":\"https:\\\/\\\/lykketegningtest.wp3.hcweb.dev\\\/#\\\/schema\\\/logo\\\/image\\\/\",\"url\":\"https:\\\/\\\/lykketegningtest.wp3.hcweb.dev\\\/wp-content\\\/uploads\\\/2020\\\/03\\\/Logo2020_h400px.jpg\",\"contentUrl\":\"https:\\\/\\\/lykketegningtest.wp3.hcweb.dev\\\/wp-content\\\/uploads\\\/2020\\\/03\\\/Logo2020_h400px.jpg\",\"width\":1024,\"height\":400,\"caption\":\"LYKKETEGNING ILLUSTRAT\u00d8R\"},\"image\":{\"@id\":\"https:\\\/\\\/lykketegningtest.wp3.hcweb.dev\\\/#\\\/schema\\\/logo\\\/image\\\/\"},\"sameAs\":[\"https:\\\/\\\/www.facebook.com\\\/lykketegning\\\/\",\"https:\\\/\\\/www.instagram.com\\\/lykketegning\\\/\",\"https:\\\/\\\/www.youtube.com\\\/@lykketegningillustrations\",\"https:\\\/\\\/www.tiktok.com\\\/@lykketegningillustration\"]}]}<\/script>\n<!-- \/ Yoast SEO plugin. -->","yoast_head_json":{"title":"Vinglas med gravyr \"G\u00f6r mer av det som g\u00f6r dig lycklig!\" - LYCKLIG RITNING ILLUSTRAT\u00d6R","description":"Vinglas med graveringen \"G\u00f6r mer av det som g\u00f6r dig lycklig!\" En perfekt present att ge till en v\u00e4n eller till brudparet. Du hittar det p\u00e5 Lykketegning","robots":{"index":"noindex","follow":"follow","max-snippet":"max-snippet:-1","max-image-preview":"max-image-preview:large","max-video-preview":"max-video-preview:-1"},"og_locale":"sv_SE","og_type":"article","og_title":"Vinglass med gravering \"Gj\u00f8r mer av det som gj\u00f8r deg glad!\" - LYKKETEGNING ILLUSTRAT\u00d8R","og_description":"Vinglass med gravering \"Gj\u00f8r mer av det som gj\u00f8r deg glad!\" En perfekt gave \u00e5 gi til venninne eller brudepar. Du finner den hos Lykketegning","og_url":"https:\/\/lykketegningtest.wp3.hcweb.dev\/sv\/product-2\/gor-mer-av-det-som-gor-dig-lycklig\/","og_site_name":"LYKKETEGNING ILLUSTRAT\u00d8R","article_publisher":"https:\/\/www.facebook.com\/lykketegning\/","article_modified_time":"2026-03-25T14:50:52+00:00","og_image":[{"width":1667,"height":2560,"url":"https:\/\/www.lykketegning.no\/wp-content\/uploads\/2026\/01\/IMG_5910-2-1-scaled.jpg","type":"image\/jpeg"}],"twitter_card":"summary_large_image","twitter_misc":{"Ber\u00e4knad l\u00e4stid":"3 minuter"},"schema":{"@context":"https:\/\/schema.org","@graph":[{"@type":"WebPage","@id":"https:\/\/lykketegningtest.wp3.hcweb.dev\/sv\/product-2\/gor-mer-av-det-som-gor-dig-lycklig\/","url":"https:\/\/lykketegningtest.wp3.hcweb.dev\/sv\/product-2\/gor-mer-av-det-som-gor-dig-lycklig\/","name":"Vinglas med gravyr \"G\u00f6r mer av det som g\u00f6r dig lycklig!\" - LYCKLIG RITNING ILLUSTRAT\u00d6R","isPartOf":{"@id":"https:\/\/lykketegningtest.wp3.hcweb.dev\/#website"},"primaryImageOfPage":{"@id":"https:\/\/lykketegningtest.wp3.hcweb.dev\/sv\/product-2\/gor-mer-av-det-som-gor-dig-lycklig\/#primaryimage"},"image":{"@id":"https:\/\/lykketegningtest.wp3.hcweb.dev\/sv\/product-2\/gor-mer-av-det-som-gor-dig-lycklig\/#primaryimage"},"thumbnailUrl":"https:\/\/lykketegningtest.wp3.hcweb.dev\/wp-content\/uploads\/2026\/01\/IMG_5910-2-1-scaled.jpg","datePublished":"2026-01-20T12:03:44+00:00","dateModified":"2026-03-25T14:50:52+00:00","description":"Vinglas med graveringen \"G\u00f6r mer av det som g\u00f6r dig lycklig!\" En perfekt present att ge till en v\u00e4n eller till brudparet. Du hittar det p\u00e5 Lykketegning","breadcrumb":{"@id":"https:\/\/lykketegningtest.wp3.hcweb.dev\/sv\/product-2\/gor-mer-av-det-som-gor-dig-lycklig\/#breadcrumb"},"inLanguage":"sv-SE","potentialAction":[{"@type":"ReadAction","target":["https:\/\/lykketegningtest.wp3.hcweb.dev\/sv\/product-2\/gor-mer-av-det-som-gor-dig-lycklig\/"]}]},{"@type":"ImageObject","inLanguage":"sv-SE","@id":"https:\/\/lykketegningtest.wp3.hcweb.dev\/sv\/product-2\/gor-mer-av-det-som-gor-dig-lycklig\/#primaryimage","url":"https:\/\/lykketegningtest.wp3.hcweb.dev\/wp-content\/uploads\/2026\/01\/IMG_5910-2-1-scaled.jpg","contentUrl":"https:\/\/lykketegningtest.wp3.hcweb.dev\/wp-content\/uploads\/2026\/01\/IMG_5910-2-1-scaled.jpg","width":1667,"height":2560},{"@type":"BreadcrumbList","@id":"https:\/\/lykketegningtest.wp3.hcweb.dev\/sv\/product-2\/gor-mer-av-det-som-gor-dig-lycklig\/#breadcrumb","itemListElement":[{"@type":"ListItem","position":1,"name":"Hjem","item":"https:\/\/lykketegningtest.wp3.hcweb.dev\/"},{"@type":"ListItem","position":2,"name":"Shop","item":"https:\/\/lykketegningtest.wp3.hcweb.dev\/sv\/webbutik\/"},{"@type":"ListItem","position":3,"name":"Vinglass med gravering &#8220;Gj\u00f8r mer av det som gj\u00f8r deg glad!&#8221;"}]},{"@type":"WebSite","@id":"https:\/\/lykketegningtest.wp3.hcweb.dev\/#website","url":"https:\/\/lykketegningtest.wp3.hcweb.dev\/","name":"LYCKLIG RITNING ILLUSTRAT\u00d6R","description":"","publisher":{"@id":"https:\/\/lykketegningtest.wp3.hcweb.dev\/#organization"},"potentialAction":[{"@type":"SearchAction","target":{"@type":"EntryPoint","urlTemplate":"https:\/\/lykketegningtest.wp3.hcweb.dev\/?s={search_term_string}"},"query-input":{"@type":"PropertyValueSpecification","valueRequired":true,"valueName":"search_term_string"}}],"inLanguage":"sv-SE"},{"@type":"Organization","@id":"https:\/\/lykketegningtest.wp3.hcweb.dev\/#organization","name":"LYCKLIG RITNING ILLUSTRAT\u00d6R","url":"https:\/\/lykketegningtest.wp3.hcweb.dev\/","logo":{"@type":"ImageObject","inLanguage":"sv-SE","@id":"https:\/\/lykketegningtest.wp3.hcweb.dev\/#\/schema\/logo\/image\/","url":"https:\/\/lykketegningtest.wp3.hcweb.dev\/wp-content\/uploads\/2020\/03\/Logo2020_h400px.jpg","contentUrl":"https:\/\/lykketegningtest.wp3.hcweb.dev\/wp-content\/uploads\/2020\/03\/Logo2020_h400px.jpg","width":1024,"height":400,"caption":"LYKKETEGNING ILLUSTRAT\u00d8R"},"image":{"@id":"https:\/\/lykketegningtest.wp3.hcweb.dev\/#\/schema\/logo\/image\/"},"sameAs":["https:\/\/www.facebook.com\/lykketegning\/","https:\/\/www.instagram.com\/lykketegning\/","https:\/\/www.youtube.com\/@lykketegningillustrations","https:\/\/www.tiktok.com\/@lykketegningillustration"]}]}},"_links":{"self":[{"href":"https:\/\/lykketegningtest.wp3.hcweb.dev\/sv\/wp-json\/wp\/v2\/product\/41997","targetHints":{"allow":["GET"]}}],"collection":[{"href":"https:\/\/lykketegningtest.wp3.hcweb.dev\/sv\/wp-json\/wp\/v2\/product"}],"about":[{"href":"https:\/\/lykketegningtest.wp3.hcweb.dev\/sv\/wp-json\/wp\/v2\/types\/product"}],"replies":[{"embeddable":true,"href":"https:\/\/lykketegningtest.wp3.hcweb.dev\/sv\/wp-json\/wp\/v2\/comments?post=41997"}],"wp:featuredmedia":[{"embeddable":true,"href":"https:\/\/lykketegningtest.wp3.hcweb.dev\/sv\/wp-json\/wp\/v2\/media\/42005"}],"wp:attachment":[{"href":"https:\/\/lykketegningtest.wp3.hcweb.dev\/sv\/wp-json\/wp\/v2\/media?parent=41997"}],"wp:term":[{"taxonomy":"product_brand","embeddable":true,"href":"https:\/\/lykketegningtest.wp3.hcweb.dev\/sv\/wp-json\/wp\/v2\/product_brand?post=41997"},{"taxonomy":"product_cat","embeddable":true,"href":"https:\/\/lykketegningtest.wp3.hcweb.dev\/sv\/wp-json\/wp\/v2\/product_cat?post=41997"},{"taxonomy":"product_tag","embeddable":true,"href":"https:\/\/lykketegningtest.wp3.hcweb.dev\/sv\/wp-json\/wp\/v2\/product_tag?post=41997"}],"curies":[{"name":"wp","href":"https:\/\/api.w.org\/{rel}","templated":true}]}}