{"id":42390,"date":"2024-03-20T13:48:32","date_gmt":"2024-03-20T12:48:32","guid":{"rendered":"https:\/\/www-lykketegning.wp3.hcweb.dev\/?post_type=product&#038;p=42390"},"modified":"2026-03-20T15:36:49","modified_gmt":"2026-03-20T14:36:49","slug":"promarker-midnight-blue","status":"publish","type":"product","link":"https:\/\/lykketegningtest.wp3.hcweb.dev\/sv\/produkt\/promarker-midnight-blue\/","title":{"rendered":"Promarker Midnattsbl\u00e5"},"content":{"rendered":"<div class=\"product-name\">\n<div class=\"product-name\">\n<div class=\"product-name\">\n<div class=\"product-name\">\n<div class=\"product-name\">\n<div class=\"product-name\">\n<div class=\"product-name\">\n<div class=\"product-name\">\n<div class=\"product-name\">\n<div class=\"product-name\">\n<div class=\"product-name\">\n<div class=\"product-name\">\n<div class=\"product-name\">\n<div class=\"product-name\">\n<div class=\"product-name\">\n<div class=\"product-name\">\n<div class=\"product-name\">\n<div class=\"product-name\">\n<div class=\"product-name\">\n<div class=\"product-name\">\n<div class=\"product-name\">\n<div class=\"product-name\">\n<div class=\"product-name\">\n<div class=\"product-name\">\n<div class=\"product-name\">\n<div class=\"product-name\">\n<div class=\"product-name\">\n<div class=\"product-name\">\n<div class=\"product-name\">\n<div class=\"product-name\">\n<h1>Promarker Midnattsbl\u00e5<\/h1>\n<h3 class=\"articleName2\">B624 Midnattsbl\u00e5<\/h3>\n<\/div>\n<div class=\"nobbInfo\">\n<div class=\"additional-details\">\n<div class=\"sku\"><span class=\"label\">VARENR:<\/span> <span id=\"sku-27096\" class=\"value\">4003401<\/span><\/div>\n<div class=\"manufacturer-part-number\"><span class=\"label\">TILLVERKARENS ARTIKELNUMMER:<\/span> <span id=\"mpn-27096\" class=\"value\">884955041871<\/span><\/div>\n<div class=\"gtin\"><span class=\"label\">GTIN:<\/span> <span id=\"gtin-27096\" class=\"value\">884955041871<\/span><\/div>\n<\/div>\n<div class=\"unit\">UNIT: STK<\/div>\n<div class=\"unitInPack\">ANTAL I F\u00d6RPACKNINGEN: 1<\/div>\n<\/div>\n<\/div>\n<\/div>\n<\/div>\n<div class=\"nobbInfo\">\n<div class=\"unitInPack\"><\/div>\n<\/div>\n<\/div>\n<\/div>\n<\/div>\n<\/div>\n<\/div>\n<\/div>\n<\/div>\n<div class=\"nobbInfo\">\n<div><\/div>\n<\/div>\n<\/div>\n<\/div>\n<\/div>\n<\/div>\n<\/div>\n<\/div>\n<\/div>\n<\/div>\n<\/div>\n<\/div>\n<\/div>\n<\/div>\n<\/div>\n<\/div>\n<\/div>\n<\/div>\n<\/div>\n<\/div>\n<\/div>\n<div class=\"short-description\"><b>Promarkers fr\u00e5n Winsor &amp; Newton<\/b> Promarker fr\u00e5n Winsor &amp; Newton \u00e4r en av v\u00e4rldens mest popul\u00e4ra m\u00e4rkpennor av professionell kvalitet, med en s\u00e4rskilt stark st\u00e4llning inom hobby-, design- och illustrationsv\u00e4rlden. Mark\u00f6ren finns i 189 f\u00e4rger och olika set och har tv\u00e5 spetsar. Den ena spetsen \u00e4r en fin, rund spets som \u00e4r perfekt f\u00f6r detaljer och den andra \u00e4r en bred spets. Bl\u00e4cket inneh\u00e5ller alkoholbaserat bl\u00e4ck. F\u00f6r b\u00e4sta resultat b\u00f6r den anv\u00e4ndas p\u00e5 papper med bleedproff-mark\u00f6r.<\/div>","protected":false},"excerpt":{"rendered":"<p><b>Promarkers fr\u00e5n Winsor &amp; Newton<\/b> Promarker fr\u00e5n Winsor &amp; Newton \u00e4r en av v\u00e4rldens mest popul\u00e4ra m\u00e4rkpennor av professionell kvalitet, med en s\u00e4rskilt stark st\u00e4llning inom hobby-, design- och illustrationsv\u00e4rlden. Mark\u00f6ren finns i 189 f\u00e4rger och olika set och har tv\u00e5 spetsar. Den ena spetsen \u00e4r en fin, rund spets som \u00e4r perfekt f\u00f6r detaljer och den andra \u00e4r en bred spets. Bl\u00e4cket inneh\u00e5ller alkoholbaserat bl\u00e4ck. F\u00f6r b\u00e4sta resultat b\u00f6r den anv\u00e4ndas p\u00e5 papper med bleedproff-mark\u00f6r.<\/p>","protected":false},"featured_media":42391,"comment_status":"closed","ping_status":"closed","template":"","meta":[],"product_brand":[],"product_cat":[446],"product_tag":[],"class_list":{"0":"post-42390","1":"product","2":"type-product","3":"status-publish","4":"has-post-thumbnail","6":"product_cat-promarker-tusjer","7":"product_shipping_class-tusjer-og-kort","9":"first","10":"instock","11":"taxable","12":"shipping-taxable","13":"purchasable","14":"product-type-simple"},"yoast_head":"<!-- This site is optimized with the Yoast SEO plugin v27.6 - https:\/\/yoast.com\/product\/yoast-seo-wordpress\/ -->\n<title>Promarker Midnight Blue - LYKKETEGNING ILLUSTRAT\u00d8R<\/title>\n<meta name=\"description\" content=\"Promarker Midnight Blue Winsor &amp; Newton er en av verdens mest popul\u00e6re tusjer i profesjonell kvalitet, og har en spesielt solid posisjon i design- og illustrasjonsmilj\u00f8er.\" \/>\n<meta name=\"robots\" content=\"noindex, follow, max-snippet:-1, max-image-preview:large, max-video-preview:-1\" \/>\n<meta property=\"og:locale\" content=\"sv_SE\" \/>\n<meta property=\"og:type\" content=\"article\" \/>\n<meta property=\"og:title\" content=\"Promarker Midnight Blue - LYKKETEGNING ILLUSTRAT\u00d8R\" \/>\n<meta property=\"og:description\" content=\"Promarker Midnight Blue Winsor &amp; Newton er en av verdens mest popul\u00e6re tusjer i profesjonell kvalitet, og har en spesielt solid posisjon i design- og illustrasjonsmilj\u00f8er.\" \/>\n<meta property=\"og:url\" content=\"https:\/\/lykketegningtest.wp3.hcweb.dev\/sv\/produkt\/promarker-midnight-blue\/\" \/>\n<meta property=\"og:site_name\" content=\"LYKKETEGNING ILLUSTRAT\u00d8R\" \/>\n<meta property=\"article:publisher\" content=\"https:\/\/www.facebook.com\/lykketegning\/\" \/>\n<meta property=\"article:modified_time\" content=\"2026-03-20T14:36:49+00:00\" \/>\n<meta property=\"og:image\" content=\"https:\/\/www.lykketegning.no\/wp-content\/uploads\/2026\/03\/0030158_promarker-midnight-blue-4003401.jpeg\" \/>\n\t<meta property=\"og:image:width\" content=\"900\" \/>\n\t<meta property=\"og:image:height\" content=\"900\" \/>\n\t<meta property=\"og:image:type\" content=\"image\/jpeg\" \/>\n<meta name=\"twitter:card\" content=\"summary_large_image\" \/>\n<meta name=\"twitter:label1\" content=\"Ber\u00e4knad l\u00e4stid\" \/>\n\t<meta name=\"twitter:data1\" content=\"1 minut\" \/>\n<script type=\"application\/ld+json\" class=\"yoast-schema-graph\">{\"@context\":\"https:\\\/\\\/schema.org\",\"@graph\":[{\"@type\":\"WebPage\",\"@id\":\"https:\\\/\\\/lykketegningtest.wp3.hcweb.dev\\\/produkt\\\/promarker-midnight-blue\\\/\",\"url\":\"https:\\\/\\\/lykketegningtest.wp3.hcweb.dev\\\/produkt\\\/promarker-midnight-blue\\\/\",\"name\":\"Promarker Midnight Blue - LYKKETEGNING ILLUSTRAT\u00d8R\",\"isPartOf\":{\"@id\":\"https:\\\/\\\/lykketegningtest.wp3.hcweb.dev\\\/#website\"},\"primaryImageOfPage\":{\"@id\":\"https:\\\/\\\/lykketegningtest.wp3.hcweb.dev\\\/produkt\\\/promarker-midnight-blue\\\/#primaryimage\"},\"image\":{\"@id\":\"https:\\\/\\\/lykketegningtest.wp3.hcweb.dev\\\/produkt\\\/promarker-midnight-blue\\\/#primaryimage\"},\"thumbnailUrl\":\"https:\\\/\\\/lykketegningtest.wp3.hcweb.dev\\\/wp-content\\\/uploads\\\/2026\\\/03\\\/0030158_promarker-midnight-blue-4003401.jpeg\",\"datePublished\":\"2024-03-20T12:48:32+00:00\",\"dateModified\":\"2026-03-20T14:36:49+00:00\",\"description\":\"Promarker Midnight Blue Winsor & Newton er en av verdens mest popul\u00e6re tusjer i profesjonell kvalitet, og har en spesielt solid posisjon i design- og illustrasjonsmilj\u00f8er.\",\"breadcrumb\":{\"@id\":\"https:\\\/\\\/lykketegningtest.wp3.hcweb.dev\\\/produkt\\\/promarker-midnight-blue\\\/#breadcrumb\"},\"inLanguage\":\"sv-SE\",\"potentialAction\":[{\"@type\":\"ReadAction\",\"target\":[\"https:\\\/\\\/lykketegningtest.wp3.hcweb.dev\\\/produkt\\\/promarker-midnight-blue\\\/\"]}]},{\"@type\":\"ImageObject\",\"inLanguage\":\"sv-SE\",\"@id\":\"https:\\\/\\\/lykketegningtest.wp3.hcweb.dev\\\/produkt\\\/promarker-midnight-blue\\\/#primaryimage\",\"url\":\"https:\\\/\\\/lykketegningtest.wp3.hcweb.dev\\\/wp-content\\\/uploads\\\/2026\\\/03\\\/0030158_promarker-midnight-blue-4003401.jpeg\",\"contentUrl\":\"https:\\\/\\\/lykketegningtest.wp3.hcweb.dev\\\/wp-content\\\/uploads\\\/2026\\\/03\\\/0030158_promarker-midnight-blue-4003401.jpeg\",\"width\":900,\"height\":900},{\"@type\":\"BreadcrumbList\",\"@id\":\"https:\\\/\\\/lykketegningtest.wp3.hcweb.dev\\\/produkt\\\/promarker-midnight-blue\\\/#breadcrumb\",\"itemListElement\":[{\"@type\":\"ListItem\",\"position\":1,\"name\":\"Hjem\",\"item\":\"https:\\\/\\\/lykketegningtest.wp3.hcweb.dev\\\/\"},{\"@type\":\"ListItem\",\"position\":2,\"name\":\"Shop\",\"item\":\"https:\\\/\\\/lykketegningtest.wp3.hcweb.dev\\\/sv\\\/webbutik\\\/\"},{\"@type\":\"ListItem\",\"position\":3,\"name\":\"Promarker Midnight Blue\"}]},{\"@type\":\"WebSite\",\"@id\":\"https:\\\/\\\/lykketegningtest.wp3.hcweb.dev\\\/#website\",\"url\":\"https:\\\/\\\/lykketegningtest.wp3.hcweb.dev\\\/\",\"name\":\"LYKKETEGNING ILLUSTRAT\u00d8R\",\"description\":\"\",\"publisher\":{\"@id\":\"https:\\\/\\\/lykketegningtest.wp3.hcweb.dev\\\/#organization\"},\"potentialAction\":[{\"@type\":\"SearchAction\",\"target\":{\"@type\":\"EntryPoint\",\"urlTemplate\":\"https:\\\/\\\/lykketegningtest.wp3.hcweb.dev\\\/?s={search_term_string}\"},\"query-input\":{\"@type\":\"PropertyValueSpecification\",\"valueRequired\":true,\"valueName\":\"search_term_string\"}}],\"inLanguage\":\"sv-SE\"},{\"@type\":\"Organization\",\"@id\":\"https:\\\/\\\/lykketegningtest.wp3.hcweb.dev\\\/#organization\",\"name\":\"LYKKETEGNING ILLUSTRAT\u00d8R\",\"url\":\"https:\\\/\\\/lykketegningtest.wp3.hcweb.dev\\\/\",\"logo\":{\"@type\":\"ImageObject\",\"inLanguage\":\"sv-SE\",\"@id\":\"https:\\\/\\\/lykketegningtest.wp3.hcweb.dev\\\/#\\\/schema\\\/logo\\\/image\\\/\",\"url\":\"https:\\\/\\\/lykketegningtest.wp3.hcweb.dev\\\/wp-content\\\/uploads\\\/2020\\\/03\\\/Logo2020_h400px.jpg\",\"contentUrl\":\"https:\\\/\\\/lykketegningtest.wp3.hcweb.dev\\\/wp-content\\\/uploads\\\/2020\\\/03\\\/Logo2020_h400px.jpg\",\"width\":1024,\"height\":400,\"caption\":\"LYKKETEGNING ILLUSTRAT\u00d8R\"},\"image\":{\"@id\":\"https:\\\/\\\/lykketegningtest.wp3.hcweb.dev\\\/#\\\/schema\\\/logo\\\/image\\\/\"},\"sameAs\":[\"https:\\\/\\\/www.facebook.com\\\/lykketegning\\\/\",\"https:\\\/\\\/www.instagram.com\\\/lykketegning\\\/\",\"https:\\\/\\\/www.youtube.com\\\/@lykketegningillustrations\",\"https:\\\/\\\/www.tiktok.com\\\/@lykketegningillustration\"]}]}<\/script>\n<!-- \/ Yoast SEO plugin. -->","yoast_head_json":{"title":"Promarker Midnight Blue - LUCKY DRAWING ILLUSTRATOR","description":"Promarker Midnight Blue Winsor &amp; Newton \u00e4r en av v\u00e4rldens mest popul\u00e4ra m\u00e4rkpennor av professionell kvalitet och har en s\u00e4rskilt stark st\u00e4llning inom design- och illustrationsbranschen.","robots":{"index":"noindex","follow":"follow","max-snippet":"max-snippet:-1","max-image-preview":"max-image-preview:large","max-video-preview":"max-video-preview:-1"},"og_locale":"sv_SE","og_type":"article","og_title":"Promarker Midnight Blue - LYKKETEGNING ILLUSTRAT\u00d8R","og_description":"Promarker Midnight Blue Winsor & Newton er en av verdens mest popul\u00e6re tusjer i profesjonell kvalitet, og har en spesielt solid posisjon i design- og illustrasjonsmilj\u00f8er.","og_url":"https:\/\/lykketegningtest.wp3.hcweb.dev\/sv\/produkt\/promarker-midnight-blue\/","og_site_name":"LYKKETEGNING ILLUSTRAT\u00d8R","article_publisher":"https:\/\/www.facebook.com\/lykketegning\/","article_modified_time":"2026-03-20T14:36:49+00:00","og_image":[{"width":900,"height":900,"url":"https:\/\/www.lykketegning.no\/wp-content\/uploads\/2026\/03\/0030158_promarker-midnight-blue-4003401.jpeg","type":"image\/jpeg"}],"twitter_card":"summary_large_image","twitter_misc":{"Ber\u00e4knad l\u00e4stid":"1 minut"},"schema":{"@context":"https:\/\/schema.org","@graph":[{"@type":"WebPage","@id":"https:\/\/lykketegningtest.wp3.hcweb.dev\/produkt\/promarker-midnight-blue\/","url":"https:\/\/lykketegningtest.wp3.hcweb.dev\/produkt\/promarker-midnight-blue\/","name":"Promarker Midnight Blue - LUCKY DRAWING ILLUSTRATOR","isPartOf":{"@id":"https:\/\/lykketegningtest.wp3.hcweb.dev\/#website"},"primaryImageOfPage":{"@id":"https:\/\/lykketegningtest.wp3.hcweb.dev\/produkt\/promarker-midnight-blue\/#primaryimage"},"image":{"@id":"https:\/\/lykketegningtest.wp3.hcweb.dev\/produkt\/promarker-midnight-blue\/#primaryimage"},"thumbnailUrl":"https:\/\/lykketegningtest.wp3.hcweb.dev\/wp-content\/uploads\/2026\/03\/0030158_promarker-midnight-blue-4003401.jpeg","datePublished":"2024-03-20T12:48:32+00:00","dateModified":"2026-03-20T14:36:49+00:00","description":"Promarker Midnight Blue Winsor &amp; Newton \u00e4r en av v\u00e4rldens mest popul\u00e4ra m\u00e4rkpennor av professionell kvalitet och har en s\u00e4rskilt stark st\u00e4llning inom design- och illustrationsbranschen.","breadcrumb":{"@id":"https:\/\/lykketegningtest.wp3.hcweb.dev\/produkt\/promarker-midnight-blue\/#breadcrumb"},"inLanguage":"sv-SE","potentialAction":[{"@type":"ReadAction","target":["https:\/\/lykketegningtest.wp3.hcweb.dev\/produkt\/promarker-midnight-blue\/"]}]},{"@type":"ImageObject","inLanguage":"sv-SE","@id":"https:\/\/lykketegningtest.wp3.hcweb.dev\/produkt\/promarker-midnight-blue\/#primaryimage","url":"https:\/\/lykketegningtest.wp3.hcweb.dev\/wp-content\/uploads\/2026\/03\/0030158_promarker-midnight-blue-4003401.jpeg","contentUrl":"https:\/\/lykketegningtest.wp3.hcweb.dev\/wp-content\/uploads\/2026\/03\/0030158_promarker-midnight-blue-4003401.jpeg","width":900,"height":900},{"@type":"BreadcrumbList","@id":"https:\/\/lykketegningtest.wp3.hcweb.dev\/produkt\/promarker-midnight-blue\/#breadcrumb","itemListElement":[{"@type":"ListItem","position":1,"name":"Hjem","item":"https:\/\/lykketegningtest.wp3.hcweb.dev\/"},{"@type":"ListItem","position":2,"name":"Shop","item":"https:\/\/lykketegningtest.wp3.hcweb.dev\/sv\/webbutik\/"},{"@type":"ListItem","position":3,"name":"Promarker Midnight Blue"}]},{"@type":"WebSite","@id":"https:\/\/lykketegningtest.wp3.hcweb.dev\/#website","url":"https:\/\/lykketegningtest.wp3.hcweb.dev\/","name":"LYCKLIG RITNING ILLUSTRAT\u00d6R","description":"","publisher":{"@id":"https:\/\/lykketegningtest.wp3.hcweb.dev\/#organization"},"potentialAction":[{"@type":"SearchAction","target":{"@type":"EntryPoint","urlTemplate":"https:\/\/lykketegningtest.wp3.hcweb.dev\/?s={search_term_string}"},"query-input":{"@type":"PropertyValueSpecification","valueRequired":true,"valueName":"search_term_string"}}],"inLanguage":"sv-SE"},{"@type":"Organization","@id":"https:\/\/lykketegningtest.wp3.hcweb.dev\/#organization","name":"LYCKLIG RITNING ILLUSTRAT\u00d6R","url":"https:\/\/lykketegningtest.wp3.hcweb.dev\/","logo":{"@type":"ImageObject","inLanguage":"sv-SE","@id":"https:\/\/lykketegningtest.wp3.hcweb.dev\/#\/schema\/logo\/image\/","url":"https:\/\/lykketegningtest.wp3.hcweb.dev\/wp-content\/uploads\/2020\/03\/Logo2020_h400px.jpg","contentUrl":"https:\/\/lykketegningtest.wp3.hcweb.dev\/wp-content\/uploads\/2020\/03\/Logo2020_h400px.jpg","width":1024,"height":400,"caption":"LYKKETEGNING ILLUSTRAT\u00d8R"},"image":{"@id":"https:\/\/lykketegningtest.wp3.hcweb.dev\/#\/schema\/logo\/image\/"},"sameAs":["https:\/\/www.facebook.com\/lykketegning\/","https:\/\/www.instagram.com\/lykketegning\/","https:\/\/www.youtube.com\/@lykketegningillustrations","https:\/\/www.tiktok.com\/@lykketegningillustration"]}]}},"_links":{"self":[{"href":"https:\/\/lykketegningtest.wp3.hcweb.dev\/sv\/wp-json\/wp\/v2\/product\/42390","targetHints":{"allow":["GET"]}}],"collection":[{"href":"https:\/\/lykketegningtest.wp3.hcweb.dev\/sv\/wp-json\/wp\/v2\/product"}],"about":[{"href":"https:\/\/lykketegningtest.wp3.hcweb.dev\/sv\/wp-json\/wp\/v2\/types\/product"}],"replies":[{"embeddable":true,"href":"https:\/\/lykketegningtest.wp3.hcweb.dev\/sv\/wp-json\/wp\/v2\/comments?post=42390"}],"wp:featuredmedia":[{"embeddable":true,"href":"https:\/\/lykketegningtest.wp3.hcweb.dev\/sv\/wp-json\/wp\/v2\/media\/42391"}],"wp:attachment":[{"href":"https:\/\/lykketegningtest.wp3.hcweb.dev\/sv\/wp-json\/wp\/v2\/media?parent=42390"}],"wp:term":[{"taxonomy":"product_brand","embeddable":true,"href":"https:\/\/lykketegningtest.wp3.hcweb.dev\/sv\/wp-json\/wp\/v2\/product_brand?post=42390"},{"taxonomy":"product_cat","embeddable":true,"href":"https:\/\/lykketegningtest.wp3.hcweb.dev\/sv\/wp-json\/wp\/v2\/product_cat?post=42390"},{"taxonomy":"product_tag","embeddable":true,"href":"https:\/\/lykketegningtest.wp3.hcweb.dev\/sv\/wp-json\/wp\/v2\/product_tag?post=42390"}],"curies":[{"name":"wp","href":"https:\/\/api.w.org\/{rel}","templated":true}]}}