{"id":42439,"date":"2026-03-25T12:08:04","date_gmt":"2026-03-25T11:08:04","guid":{"rendered":"https:\/\/www-lykketegning.wp3.hcweb.dev\/?post_type=product&#038;p=42439"},"modified":"2026-05-08T09:13:57","modified_gmt":"2026-05-08T07:13:57","slug":"gjestehandklaer-fra-lykketegning-i-2-pakning-40-x-60-cm","status":"publish","type":"product","link":"https:\/\/lykketegningtest.wp3.hcweb.dev\/sv\/produkt\/gjestehandklaer-fra-lykketegning-i-2-pakning-40-x-60-cm\/","title":{"rendered":"G\u00e4sthanddukar fr\u00e5n Lykketegning i 2-pack (40 x 60 cm)"},"content":{"rendered":"<h2>G\u00e4sthanddukar fr\u00e5n Lykketegning i 2-pack (40 x 60 cm). Tre olika f\u00e4rger<\/h2>\n<div class=\"product-detail-specifications\">Lucky Drawing Handduk - 2-pack - 40 x 60 cm. V\u00e4lj mellan tre olika f\u00e4rger och texter.<\/div>\n<div class=\"short-info\">\n<div class=\"product_item_description\">\n<div class=\"description-detail-clamp clamp-active expanded\">\n<div class=\"description-detail-clamp-inner\">\n<p>Mysiga handdukar med fin text:<\/p>\n<div class=\"product-detail-specifications\">Livet \u00e4r just nu, denna minut, denna sekund (White)<\/div>\n<div>Fyll ditt liv med det som \u00e4r gott (Rosa)<\/div>\n<div>Det handlar om att njuta av \u00f6gonblicket. (Blue)<\/div>\n<p>Tillverkad av 100%-bomull<\/p>\n<p>Bra presenttips och dekorativt i badrummet! Kanske tillsammans med de nya doftljusen?<\/p>\n<p>Happiness drawing har otaliga olika produkter och du kan ocks\u00e5 best\u00e4lla ritningar som \u00e4r just f\u00f6r dig! Ta en titt p\u00e5 hela katalogen.<\/p>\n<p>Handduk<\/p>\n<p>100% bomull.<\/p>\n<p>Tv\u00e4ttbar med liknande f\u00e4rger<\/p>\n<div class=\"attributes-spec-group-header t10\">\n<div>Storlek &amp; vikt<\/div>\n<\/div>\n<div class=\"product-detail-value-wrapper\">\n<div class=\"row\">\n<div class=\"col-6\"><span class=\"product-detail-value-name\">Vikt (kg)<\/span><\/div>\n<div class=\"col-6\"><span class=\"product-detail-value-value\">0,2800<\/span><\/div>\n<\/div>\n<\/div>\n<div class=\"product-detail-value-wrapper\">\n<div class=\"row\">\n<div class=\"col-6\"><span class=\"product-detail-value-name\">Storlek<\/span><\/div>\n<div class=\"col-6\"><span class=\"product-detail-value-value\">2pk 40\u00d760 PUST<\/span><\/div>\n<\/div>\n<\/div>\n<div class=\"attributes-spec-group-header t10\">\n<div>F\u00e4rg &amp; material<\/div>\n<\/div>\n<div class=\"product-detail-value-wrapper\">\n<div class=\"row\">\n<div class=\"col-6\"><span class=\"product-detail-value-name\">Material<\/span><\/div>\n<div class=\"col-6\"><span class=\"product-detail-value-value\">100% Bomull<\/span><\/div>\n<\/div>\n<\/div>\n<div class=\"product-detail-value-wrapper\">\n<div class=\"row\">\n<div class=\"col-6\"><span class=\"product-detail-value-name\">F\u00e4rg<\/span><\/div>\n<div class=\"col-6\"><span class=\"product-detail-value-value\">Vit f\u00e4rg<\/span><\/div>\n<\/div>\n<\/div>\n<div class=\"attributes-spec-group-header t10\">\n<div>\u00d6vriga<\/div>\n<\/div>\n<div class=\"product-detail-value-wrapper\">\n<div class=\"row\">\n<div class=\"col-6\"><span class=\"product-detail-value-name\">EAN<\/span><\/div>\n<div class=\"col-6\"><span class=\"product-detail-value-value\">7020629489812<\/span><\/div>\n<\/div>\n<div class=\"row\">\n<div class=\"col-6\"><span class=\"product-detail-value-name\">Id<\/span><\/div>\n<div class=\"col-6\"><span class=\"product-detail-value-value\">50250223<\/span><\/div>\n<\/div>\n<\/div>\n<p>&nbsp;<\/p>\n<p><strong>\"P\u00e5 Lykketegning skapas varje illustration med v\u00e4rme och omsorg.<\/strong><br \/>\n<strong>Med starka f\u00e4rger, tydliga linjer och bra citat vill Happiness Drawing f\u00e5 dig att stanna upp ett \u00f6gonblick, ta ett djupt andetag och sedan s\u00e4tta en bra kurs fram\u00e5t.<\/strong><br \/>\n<strong>Hj\u00e4rtana och leendena \u00e4r fr\u00e5n mig till dig f\u00f6r att p\u00e5minna dig om att du \u00e4r riktigt bra!\"<\/strong><\/p>\n<p>&nbsp;<\/p>\n<p>P\u00e5 hemsidan hittar du n\u00e5gra illustrationer och andra produkter som koppar, gratulationskort och kalendrar.<\/p>\n<p>Nya produkter l\u00e4ggs st\u00e4ndigt till h\u00e4r, s\u00e5 registrera dig g\u00e4rna f\u00f6r nyhetsbrevet f\u00f6r m\u00e5natliga uppdateringar.<\/p>\n<p>F\u00f6r <strong>m\u00e5nga m\u00e5nga m\u00e5nga m\u00e5nga<\/strong> fler illustrationer; bes\u00f6k min Instagram- och Facebookprofil.<\/p>\n<p>Faktum \u00e4r att alla illustrationer \u00e4r till salu. 999 kr f\u00f6r A4 och 1500 kr f\u00f6r A3.<\/p>\n<p>Du kan ocks\u00e5 best\u00e4lla din egen - bra presenter att ge till br\u00f6llop och andra fester. H\u00f6r av dig till v\u00e5r inkorg f\u00f6r detta.<\/p>\n<p><em>Pris f\u00f6r fotografering: 1500kr f\u00f6r A4 och A5 (upp till 5 personer\/djur) extra kostnad f\u00f6r fler (upp till 5 personer\/djur). A3 2000kr ex porto. Jag beh\u00f6ver veta h\u00e5rf\u00e4rg\/h\u00e5rtyp, l\u00e4ngd, intressen och \u00f6nskat antal avbildade personer. Alla offerter du vill ha inkluderade.<\/em><\/p>\n<p>Om du har n\u00e5gra fr\u00e5gor, tveka inte att h\u00f6ra av dig! Om du vill ha en pratstund om ett eventuellt samarbete, skicka mig ett e-postmeddelande.<\/p>\n<p>Vi ser fram emot att h\u00f6ra fr\u00e5n dig och hoppas att du f\u00e5r en underbar dag. <a href=\"https:\/\/www.facebook.com\/lykketegning\/?locale=nb_NO\">D\u00e5 kommer du till min Facebook-sida.<\/a> Och om du vill f\u00f6lja mig p\u00e5<a href=\"https:\/\/www.instagram.com\/lykketegning\/?hl=nb\"> Instagram, du hittar det h\u00e4r.<\/a><\/p>\n<p>Konstn\u00e4r<br \/>\nIngebj\u00f8rg Rang\u00f8y Sj\u00e5land<\/p>\n<p>&nbsp;<\/p>\n<\/div>\n<\/div>\n<\/div>\n<\/div>\n<p>&nbsp;<\/p>\n<p>&nbsp;<\/p>\n<p>&nbsp;<\/p>","protected":false},"excerpt":{"rendered":"<h2>G\u00e4sthanddukar fr\u00e5n Lykketegning i 2-pack (40 x 60 cm). Tre olika f\u00e4rger<\/h2>\n<div class=\"product-detail-specifications\">Lucky Drawing Handduk - 2-pack - 40 x 60 cm. V\u00e4lj mellan tre olika f\u00e4rger och texter.<\/div>\n<div class=\"short-info\">\n<div class=\"product_item_description\">\n<div class=\"description-detail-clamp clamp-active expanded\">\n<div class=\"description-detail-clamp-inner\">\n<p>Mysiga handdukar med fin text:<\/p>\n<div class=\"product-detail-specifications\">Livet \u00e4r just nu, denna minut, denna sekund (White)<\/div>\n<div>Fyll ditt liv med det som \u00e4r gott (Rosa)<\/div>\n<div>Det handlar om att njuta av \u00f6gonblicket. (Blue)<\/div>\n<p>Tillverkad av 100%-bomull<\/p>\n<p>Bra presenttips och dekorativt i badrummet! Kanske tillsammans med de nya doftljusen?<\/p>\n<p>Happiness drawing har otaliga olika produkter och du kan ocks\u00e5 best\u00e4lla ritningar som \u00e4r just f\u00f6r dig! Ta en titt p\u00e5 hela katalogen.<\/p>\n<p>Handduk<\/p>\n<p>100% bomull.<\/p>\n<\/div>\n<\/div>\n<\/div>\n<\/div>","protected":false},"featured_media":42445,"comment_status":"closed","ping_status":"closed","template":"","meta":[],"product_brand":[],"product_cat":[202],"product_tag":[449,448,451,450],"class_list":{"0":"post-42439","1":"product","2":"type-product","3":"status-publish","4":"has-post-thumbnail","6":"product_cat-klaer-med-trykk","7":"product_tag-gjestehandkle","8":"product_tag-handkle","9":"product_tag-tekst","10":"product_tag-towel","12":"first","13":"instock","14":"taxable","15":"shipping-taxable","16":"purchasable","17":"product-type-variable"},"yoast_head":"<!-- This site is optimized with the Yoast SEO plugin v27.5 - https:\/\/yoast.com\/product\/yoast-seo-wordpress\/ -->\n<title>Gjesteh\u00e5ndkl\u00e6r fra Lykketegning i 2-pakning (40 x 60 cm) - LYKKETEGNING ILLUSTRAT\u00d8R<\/title>\n<meta name=\"description\" content=\"Gjesteh\u00e5ndkl\u00e6r fra Lykketegning i 2-pakning (40 x 60 cm). Velg mellom flere farger og koselige tekster \u2013 perfekte til badet eller som gave.\" \/>\n<meta name=\"robots\" content=\"noindex, follow, max-snippet:-1, max-image-preview:large, max-video-preview:-1\" \/>\n<meta property=\"og:locale\" content=\"sv_SE\" \/>\n<meta property=\"og:type\" content=\"article\" \/>\n<meta property=\"og:title\" content=\"Gjesteh\u00e5ndkl\u00e6r fra Lykketegning i 2-pakning (40 x 60 cm) - LYKKETEGNING ILLUSTRAT\u00d8R\" \/>\n<meta property=\"og:description\" content=\"Gjesteh\u00e5ndkl\u00e6r fra Lykketegning i 2-pakning (40 x 60 cm). Velg mellom flere farger og koselige tekster \u2013 perfekte til badet eller som gave.\" \/>\n<meta property=\"og:url\" content=\"https:\/\/lykketegningtest.wp3.hcweb.dev\/sv\/produkt\/gjestehandklaer-fra-lykketegning-i-2-pakning-40-x-60-cm\/\" \/>\n<meta property=\"og:site_name\" content=\"LYKKETEGNING ILLUSTRAT\u00d8R\" \/>\n<meta property=\"article:publisher\" content=\"https:\/\/www.facebook.com\/lykketegning\/\" \/>\n<meta property=\"article:modified_time\" content=\"2026-05-08T07:13:57+00:00\" \/>\n<meta property=\"og:image\" content=\"https:\/\/www.lykketegning.no\/wp-content\/uploads\/2026\/03\/B5DFC5D6-FEB4-419C-B81A-7540E34F508B-1-683x1024.png\" \/>\n\t<meta property=\"og:image:width\" content=\"683\" \/>\n\t<meta property=\"og:image:height\" content=\"1024\" \/>\n\t<meta property=\"og:image:type\" content=\"image\/png\" \/>\n<meta name=\"twitter:card\" content=\"summary_large_image\" \/>\n<meta name=\"twitter:label1\" content=\"Ber\u00e4knad l\u00e4stid\" \/>\n\t<meta name=\"twitter:data1\" content=\"3 minuter\" \/>\n<script type=\"application\/ld+json\" class=\"yoast-schema-graph\">{\"@context\":\"https:\\\/\\\/schema.org\",\"@graph\":[{\"@type\":\"WebPage\",\"@id\":\"https:\\\/\\\/lykketegningtest.wp3.hcweb.dev\\\/produkt\\\/gjestehandklaer-fra-lykketegning-i-2-pakning-40-x-60-cm\\\/\",\"url\":\"https:\\\/\\\/lykketegningtest.wp3.hcweb.dev\\\/produkt\\\/gjestehandklaer-fra-lykketegning-i-2-pakning-40-x-60-cm\\\/\",\"name\":\"Gjesteh\u00e5ndkl\u00e6r fra Lykketegning i 2-pakning (40 x 60 cm) - LYKKETEGNING ILLUSTRAT\u00d8R\",\"isPartOf\":{\"@id\":\"https:\\\/\\\/lykketegningtest.wp3.hcweb.dev\\\/#website\"},\"primaryImageOfPage\":{\"@id\":\"https:\\\/\\\/lykketegningtest.wp3.hcweb.dev\\\/produkt\\\/gjestehandklaer-fra-lykketegning-i-2-pakning-40-x-60-cm\\\/#primaryimage\"},\"image\":{\"@id\":\"https:\\\/\\\/lykketegningtest.wp3.hcweb.dev\\\/produkt\\\/gjestehandklaer-fra-lykketegning-i-2-pakning-40-x-60-cm\\\/#primaryimage\"},\"thumbnailUrl\":\"https:\\\/\\\/lykketegningtest.wp3.hcweb.dev\\\/wp-content\\\/uploads\\\/2026\\\/03\\\/B5DFC5D6-FEB4-419C-B81A-7540E34F508B-1.png\",\"datePublished\":\"2026-03-25T11:08:04+00:00\",\"dateModified\":\"2026-05-08T07:13:57+00:00\",\"description\":\"Gjesteh\u00e5ndkl\u00e6r fra Lykketegning i 2-pakning (40 x 60 cm). Velg mellom flere farger og koselige tekster \u2013 perfekte til badet eller som gave.\",\"breadcrumb\":{\"@id\":\"https:\\\/\\\/lykketegningtest.wp3.hcweb.dev\\\/produkt\\\/gjestehandklaer-fra-lykketegning-i-2-pakning-40-x-60-cm\\\/#breadcrumb\"},\"inLanguage\":\"sv-SE\",\"potentialAction\":[{\"@type\":\"ReadAction\",\"target\":[\"https:\\\/\\\/lykketegningtest.wp3.hcweb.dev\\\/produkt\\\/gjestehandklaer-fra-lykketegning-i-2-pakning-40-x-60-cm\\\/\"]}]},{\"@type\":\"ImageObject\",\"inLanguage\":\"sv-SE\",\"@id\":\"https:\\\/\\\/lykketegningtest.wp3.hcweb.dev\\\/produkt\\\/gjestehandklaer-fra-lykketegning-i-2-pakning-40-x-60-cm\\\/#primaryimage\",\"url\":\"https:\\\/\\\/lykketegningtest.wp3.hcweb.dev\\\/wp-content\\\/uploads\\\/2026\\\/03\\\/B5DFC5D6-FEB4-419C-B81A-7540E34F508B-1.png\",\"contentUrl\":\"https:\\\/\\\/lykketegningtest.wp3.hcweb.dev\\\/wp-content\\\/uploads\\\/2026\\\/03\\\/B5DFC5D6-FEB4-419C-B81A-7540E34F508B-1.png\",\"width\":1024,\"height\":1536},{\"@type\":\"BreadcrumbList\",\"@id\":\"https:\\\/\\\/lykketegningtest.wp3.hcweb.dev\\\/produkt\\\/gjestehandklaer-fra-lykketegning-i-2-pakning-40-x-60-cm\\\/#breadcrumb\",\"itemListElement\":[{\"@type\":\"ListItem\",\"position\":1,\"name\":\"Hjem\",\"item\":\"https:\\\/\\\/lykketegningtest.wp3.hcweb.dev\\\/\"},{\"@type\":\"ListItem\",\"position\":2,\"name\":\"Shop\",\"item\":\"https:\\\/\\\/lykketegningtest.wp3.hcweb.dev\\\/sv\\\/webbutik\\\/\"},{\"@type\":\"ListItem\",\"position\":3,\"name\":\"Gjesteh\u00e5ndkl\u00e6r fra Lykketegning i 2-pakning (40 x 60 cm)\"}]},{\"@type\":\"WebSite\",\"@id\":\"https:\\\/\\\/lykketegningtest.wp3.hcweb.dev\\\/#website\",\"url\":\"https:\\\/\\\/lykketegningtest.wp3.hcweb.dev\\\/\",\"name\":\"LYKKETEGNING ILLUSTRAT\u00d8R\",\"description\":\"\",\"publisher\":{\"@id\":\"https:\\\/\\\/lykketegningtest.wp3.hcweb.dev\\\/#organization\"},\"potentialAction\":[{\"@type\":\"SearchAction\",\"target\":{\"@type\":\"EntryPoint\",\"urlTemplate\":\"https:\\\/\\\/lykketegningtest.wp3.hcweb.dev\\\/?s={search_term_string}\"},\"query-input\":{\"@type\":\"PropertyValueSpecification\",\"valueRequired\":true,\"valueName\":\"search_term_string\"}}],\"inLanguage\":\"sv-SE\"},{\"@type\":\"Organization\",\"@id\":\"https:\\\/\\\/lykketegningtest.wp3.hcweb.dev\\\/#organization\",\"name\":\"LYKKETEGNING ILLUSTRAT\u00d8R\",\"url\":\"https:\\\/\\\/lykketegningtest.wp3.hcweb.dev\\\/\",\"logo\":{\"@type\":\"ImageObject\",\"inLanguage\":\"sv-SE\",\"@id\":\"https:\\\/\\\/lykketegningtest.wp3.hcweb.dev\\\/#\\\/schema\\\/logo\\\/image\\\/\",\"url\":\"https:\\\/\\\/lykketegningtest.wp3.hcweb.dev\\\/wp-content\\\/uploads\\\/2020\\\/03\\\/Logo2020_h400px.jpg\",\"contentUrl\":\"https:\\\/\\\/lykketegningtest.wp3.hcweb.dev\\\/wp-content\\\/uploads\\\/2020\\\/03\\\/Logo2020_h400px.jpg\",\"width\":1024,\"height\":400,\"caption\":\"LYKKETEGNING ILLUSTRAT\u00d8R\"},\"image\":{\"@id\":\"https:\\\/\\\/lykketegningtest.wp3.hcweb.dev\\\/#\\\/schema\\\/logo\\\/image\\\/\"},\"sameAs\":[\"https:\\\/\\\/www.facebook.com\\\/lykketegning\\\/\",\"https:\\\/\\\/www.instagram.com\\\/lykketegning\\\/\",\"https:\\\/\\\/www.youtube.com\\\/@lykketegningillustrations\",\"https:\\\/\\\/www.tiktok.com\\\/@lykketegningillustration\"]}]}<\/script>\n<!-- \/ Yoast SEO plugin. -->","yoast_head_json":{"title":"G\u00e4sthanddukar fr\u00e5n Lykketegning i 2-pack (40 x 60 cm) - LYKKETEGNING ILLUSTRAT\u00d8R","description":"G\u00e4sthanddukar fr\u00e5n Lykketegning i 2-pack (40 x 60 cm). V\u00e4lj bland flera f\u00e4rger och mysiga texter - perfekt f\u00f6r badrummet eller som present.","robots":{"index":"noindex","follow":"follow","max-snippet":"max-snippet:-1","max-image-preview":"max-image-preview:large","max-video-preview":"max-video-preview:-1"},"og_locale":"sv_SE","og_type":"article","og_title":"Gjesteh\u00e5ndkl\u00e6r fra Lykketegning i 2-pakning (40 x 60 cm) - LYKKETEGNING ILLUSTRAT\u00d8R","og_description":"Gjesteh\u00e5ndkl\u00e6r fra Lykketegning i 2-pakning (40 x 60 cm). Velg mellom flere farger og koselige tekster \u2013 perfekte til badet eller som gave.","og_url":"https:\/\/lykketegningtest.wp3.hcweb.dev\/sv\/produkt\/gjestehandklaer-fra-lykketegning-i-2-pakning-40-x-60-cm\/","og_site_name":"LYKKETEGNING ILLUSTRAT\u00d8R","article_publisher":"https:\/\/www.facebook.com\/lykketegning\/","article_modified_time":"2026-05-08T07:13:57+00:00","og_image":[{"width":683,"height":1024,"url":"https:\/\/www.lykketegning.no\/wp-content\/uploads\/2026\/03\/B5DFC5D6-FEB4-419C-B81A-7540E34F508B-1-683x1024.png","type":"image\/png"}],"twitter_card":"summary_large_image","twitter_misc":{"Ber\u00e4knad l\u00e4stid":"3 minuter"},"schema":{"@context":"https:\/\/schema.org","@graph":[{"@type":"WebPage","@id":"https:\/\/lykketegningtest.wp3.hcweb.dev\/produkt\/gjestehandklaer-fra-lykketegning-i-2-pakning-40-x-60-cm\/","url":"https:\/\/lykketegningtest.wp3.hcweb.dev\/produkt\/gjestehandklaer-fra-lykketegning-i-2-pakning-40-x-60-cm\/","name":"G\u00e4sthanddukar fr\u00e5n Lykketegning i 2-pack (40 x 60 cm) - LYKKETEGNING ILLUSTRAT\u00d8R","isPartOf":{"@id":"https:\/\/lykketegningtest.wp3.hcweb.dev\/#website"},"primaryImageOfPage":{"@id":"https:\/\/lykketegningtest.wp3.hcweb.dev\/produkt\/gjestehandklaer-fra-lykketegning-i-2-pakning-40-x-60-cm\/#primaryimage"},"image":{"@id":"https:\/\/lykketegningtest.wp3.hcweb.dev\/produkt\/gjestehandklaer-fra-lykketegning-i-2-pakning-40-x-60-cm\/#primaryimage"},"thumbnailUrl":"https:\/\/lykketegningtest.wp3.hcweb.dev\/wp-content\/uploads\/2026\/03\/B5DFC5D6-FEB4-419C-B81A-7540E34F508B-1.png","datePublished":"2026-03-25T11:08:04+00:00","dateModified":"2026-05-08T07:13:57+00:00","description":"G\u00e4sthanddukar fr\u00e5n Lykketegning i 2-pack (40 x 60 cm). V\u00e4lj bland flera f\u00e4rger och mysiga texter - perfekt f\u00f6r badrummet eller som present.","breadcrumb":{"@id":"https:\/\/lykketegningtest.wp3.hcweb.dev\/produkt\/gjestehandklaer-fra-lykketegning-i-2-pakning-40-x-60-cm\/#breadcrumb"},"inLanguage":"sv-SE","potentialAction":[{"@type":"ReadAction","target":["https:\/\/lykketegningtest.wp3.hcweb.dev\/produkt\/gjestehandklaer-fra-lykketegning-i-2-pakning-40-x-60-cm\/"]}]},{"@type":"ImageObject","inLanguage":"sv-SE","@id":"https:\/\/lykketegningtest.wp3.hcweb.dev\/produkt\/gjestehandklaer-fra-lykketegning-i-2-pakning-40-x-60-cm\/#primaryimage","url":"https:\/\/lykketegningtest.wp3.hcweb.dev\/wp-content\/uploads\/2026\/03\/B5DFC5D6-FEB4-419C-B81A-7540E34F508B-1.png","contentUrl":"https:\/\/lykketegningtest.wp3.hcweb.dev\/wp-content\/uploads\/2026\/03\/B5DFC5D6-FEB4-419C-B81A-7540E34F508B-1.png","width":1024,"height":1536},{"@type":"BreadcrumbList","@id":"https:\/\/lykketegningtest.wp3.hcweb.dev\/produkt\/gjestehandklaer-fra-lykketegning-i-2-pakning-40-x-60-cm\/#breadcrumb","itemListElement":[{"@type":"ListItem","position":1,"name":"Hjem","item":"https:\/\/lykketegningtest.wp3.hcweb.dev\/"},{"@type":"ListItem","position":2,"name":"Shop","item":"https:\/\/lykketegningtest.wp3.hcweb.dev\/sv\/webbutik\/"},{"@type":"ListItem","position":3,"name":"Gjesteh\u00e5ndkl\u00e6r fra Lykketegning i 2-pakning (40 x 60 cm)"}]},{"@type":"WebSite","@id":"https:\/\/lykketegningtest.wp3.hcweb.dev\/#website","url":"https:\/\/lykketegningtest.wp3.hcweb.dev\/","name":"LYCKLIG RITNING ILLUSTRAT\u00d6R","description":"","publisher":{"@id":"https:\/\/lykketegningtest.wp3.hcweb.dev\/#organization"},"potentialAction":[{"@type":"SearchAction","target":{"@type":"EntryPoint","urlTemplate":"https:\/\/lykketegningtest.wp3.hcweb.dev\/?s={search_term_string}"},"query-input":{"@type":"PropertyValueSpecification","valueRequired":true,"valueName":"search_term_string"}}],"inLanguage":"sv-SE"},{"@type":"Organization","@id":"https:\/\/lykketegningtest.wp3.hcweb.dev\/#organization","name":"LYCKLIG RITNING ILLUSTRAT\u00d6R","url":"https:\/\/lykketegningtest.wp3.hcweb.dev\/","logo":{"@type":"ImageObject","inLanguage":"sv-SE","@id":"https:\/\/lykketegningtest.wp3.hcweb.dev\/#\/schema\/logo\/image\/","url":"https:\/\/lykketegningtest.wp3.hcweb.dev\/wp-content\/uploads\/2020\/03\/Logo2020_h400px.jpg","contentUrl":"https:\/\/lykketegningtest.wp3.hcweb.dev\/wp-content\/uploads\/2020\/03\/Logo2020_h400px.jpg","width":1024,"height":400,"caption":"LYKKETEGNING ILLUSTRAT\u00d8R"},"image":{"@id":"https:\/\/lykketegningtest.wp3.hcweb.dev\/#\/schema\/logo\/image\/"},"sameAs":["https:\/\/www.facebook.com\/lykketegning\/","https:\/\/www.instagram.com\/lykketegning\/","https:\/\/www.youtube.com\/@lykketegningillustrations","https:\/\/www.tiktok.com\/@lykketegningillustration"]}]}},"_links":{"self":[{"href":"https:\/\/lykketegningtest.wp3.hcweb.dev\/sv\/wp-json\/wp\/v2\/product\/42439","targetHints":{"allow":["GET"]}}],"collection":[{"href":"https:\/\/lykketegningtest.wp3.hcweb.dev\/sv\/wp-json\/wp\/v2\/product"}],"about":[{"href":"https:\/\/lykketegningtest.wp3.hcweb.dev\/sv\/wp-json\/wp\/v2\/types\/product"}],"replies":[{"embeddable":true,"href":"https:\/\/lykketegningtest.wp3.hcweb.dev\/sv\/wp-json\/wp\/v2\/comments?post=42439"}],"wp:featuredmedia":[{"embeddable":true,"href":"https:\/\/lykketegningtest.wp3.hcweb.dev\/sv\/wp-json\/wp\/v2\/media\/42445"}],"wp:attachment":[{"href":"https:\/\/lykketegningtest.wp3.hcweb.dev\/sv\/wp-json\/wp\/v2\/media?parent=42439"}],"wp:term":[{"taxonomy":"product_brand","embeddable":true,"href":"https:\/\/lykketegningtest.wp3.hcweb.dev\/sv\/wp-json\/wp\/v2\/product_brand?post=42439"},{"taxonomy":"product_cat","embeddable":true,"href":"https:\/\/lykketegningtest.wp3.hcweb.dev\/sv\/wp-json\/wp\/v2\/product_cat?post=42439"},{"taxonomy":"product_tag","embeddable":true,"href":"https:\/\/lykketegningtest.wp3.hcweb.dev\/sv\/wp-json\/wp\/v2\/product_tag?post=42439"}],"curies":[{"name":"wp","href":"https:\/\/api.w.org\/{rel}","templated":true}]}}